{"id":10051,"date":"2025-02-14T11:34:21","date_gmt":"2025-02-14T11:34:21","guid":{"rendered":"http:\/\/www.assosmetal.com.tr\/public_html\/?post_type=product&#038;p=10051"},"modified":"2025-02-14T11:34:22","modified_gmt":"2025-02-14T11:34:22","slug":"schmelz-nona-90-derece-otomatik-kapi-hidroligi","status":"publish","type":"product","link":"http:\/\/www.assosmetal.com.tr\/public_html\/urun\/schmelz-nona-90-derece-otomatik-kapi-hidroligi\/","title":{"rendered":"Schmelz Nona 90 Derece Otomatik Kap\u0131 Hidroli\u011fi"},"content":{"rendered":"<p><strong>SCHMELZ NANO, kap\u0131lar\u0131n efor harcamadan a\u00e7\u0131l\u0131p g\u00fcvenli bir \u015fekilde tekrar kapanmas\u0131n\u0131n yeni ve rahat yoludur.<\/strong><\/p>\n<p>&nbsp;<\/p>\n<p><strong>Kap\u0131lar\u0131n otomatik, sessiz, emniyetli \u00e7al\u0131\u015fmas\u0131n\u0131 sa\u011flar.<\/strong><\/p>\n<p><strong>G\u00fcn boyunca herkes i\u00e7in ideal bir yard\u0131mc\u0131.<\/strong><\/p>\n<p><strong>K\u00fc\u00e7\u00fck ve zarif dizayn\u0131n\u0131n yan\u0131 s\u0131ra y\u00fcksek teknolojisiyle de etkileyicidir.<\/strong><\/p>\n<p><strong>\u00c7al\u0131\u015ft\u0131r\u0131lmas\u0131 olduk\u00e7a kolayd\u0131r.<\/strong><\/p>\n<p><strong>Her t\u00fcrl\u00fc ihtiyaca g\u00f6re farkl\u0131 kullan\u0131m \u015fekilleri sunar.<\/strong><\/p>\n<p><strong>Bunlara ilaveten t\u00fcm bu rahat ve g\u00fcvenli kullan\u0131m kolayca kurulabilir ve \u00e7al\u0131\u015fmaya haz\u0131rd\u0131r.<\/strong><\/p>\n<p><strong>T\u00fcm Otomatik hale getirecek t\u00fcm 90\u00b0 a\u00e7\u0131l\u0131r kap\u0131lar i\u00e7in de\u011fi\u015fik \u00e7al\u0131\u015fma ihtiya\u00e7lar\u0131na uygun farkl\u0131 modeller mevcuttur.<\/strong><\/p>\n<ul>\n<li>Ta\u015f\u0131ma Kapasitesi : 200 kg<\/li>\n<li>A\u00e7\u0131lma a\u00e7\u0131s\u0131 : 70\u00b0 &#8211; 115\u00b0<\/li>\n<li>Kapanma s\u00fcresi : 0.5 sec &#8211; 10 sec<\/li>\n<li>A\u00e7\u0131lma h\u0131z\u0131 : 150-450 mm \/ sec<\/li>\n<li>Kapanma h\u0131z\u0131 : 100 &#8211; 430 mm \/ sec<\/li>\n<li>Motor tipi : 24V 55 W DC motor<\/li>\n<li>Besleme : AC220-250V. 50Hz-60Hz<\/li>\n<li>T\u00fcketim : 1A<\/li>\n<\/ul>\n","protected":false},"excerpt":{"rendered":"<p>SCHMELZ NANO, kap\u0131lar\u0131n efor harcamadan a\u00e7\u0131l\u0131p g\u00fcvenli bir \u015fekilde tekrar kapanmas\u0131n\u0131n yeni ve rahat yoludur. &nbsp; Kap\u0131lar\u0131n otomatik, sessiz, emniyetli \u00e7al\u0131\u015fmas\u0131n\u0131 sa\u011flar. G\u00fcn boyunca herkes i\u00e7in ideal bir yard\u0131mc\u0131. K\u00fc\u00e7\u00fck ve zarif dizayn\u0131n\u0131n yan\u0131 s\u0131ra y\u00fcksek teknolojisiyle de etkileyicidir. \u00c7al\u0131\u015ft\u0131r\u0131lmas\u0131 olduk\u00e7a kolayd\u0131r. Her t\u00fcrl\u00fc ihtiyaca g\u00f6re farkl\u0131 kullan\u0131m \u015fekilleri sunar. Bunlara ilaveten t\u00fcm bu rahat [&hellip;]<\/p>\n","protected":false},"featured_media":10041,"comment_status":"open","ping_status":"closed","template":"","meta":[],"product_brand":[63],"product_cat":[31],"product_tag":[],"class_list":{"0":"post-10051","1":"product","2":"type-product","3":"status-publish","4":"has-post-thumbnail","6":"product_brand-schmelz","7":"product_cat-kapi-hidrolikleri","9":"first","10":"instock","11":"shipping-taxable","12":"product-type-simple"},"jetpack_sharing_enabled":true,"_links":{"self":[{"href":"http:\/\/www.assosmetal.com.tr\/public_html\/wp-json\/wp\/v2\/product\/10051","targetHints":{"allow":["GET"]}}],"collection":[{"href":"http:\/\/www.assosmetal.com.tr\/public_html\/wp-json\/wp\/v2\/product"}],"about":[{"href":"http:\/\/www.assosmetal.com.tr\/public_html\/wp-json\/wp\/v2\/types\/product"}],"replies":[{"embeddable":true,"href":"http:\/\/www.assosmetal.com.tr\/public_html\/wp-json\/wp\/v2\/comments?post=10051"}],"version-history":[{"count":1,"href":"http:\/\/www.assosmetal.com.tr\/public_html\/wp-json\/wp\/v2\/product\/10051\/revisions"}],"predecessor-version":[{"id":10052,"href":"http:\/\/www.assosmetal.com.tr\/public_html\/wp-json\/wp\/v2\/product\/10051\/revisions\/10052"}],"wp:featuredmedia":[{"embeddable":true,"href":"http:\/\/www.assosmetal.com.tr\/public_html\/wp-json\/wp\/v2\/media\/10041"}],"wp:attachment":[{"href":"http:\/\/www.assosmetal.com.tr\/public_html\/wp-json\/wp\/v2\/media?parent=10051"}],"wp:term":[{"taxonomy":"product_brand","embeddable":true,"href":"http:\/\/www.assosmetal.com.tr\/public_html\/wp-json\/wp\/v2\/product_brand?post=10051"},{"taxonomy":"product_cat","embeddable":true,"href":"http:\/\/www.assosmetal.com.tr\/public_html\/wp-json\/wp\/v2\/product_cat?post=10051"},{"taxonomy":"product_tag","embeddable":true,"href":"http:\/\/www.assosmetal.com.tr\/public_html\/wp-json\/wp\/v2\/product_tag?post=10051"}],"curies":[{"name":"wp","href":"https:\/\/api.w.org\/{rel}","templated":true}]}}