{"id":10053,"date":"2025-02-14T11:36:32","date_gmt":"2025-02-14T11:36:32","guid":{"rendered":"http:\/\/www.assosmetal.com.tr\/public_html\/?post_type=product&#038;p=10053"},"modified":"2025-02-14T11:36:32","modified_gmt":"2025-02-14T11:36:32","slug":"dormakaba-porteo-otomatik-kapi-kapatici-hidroligi","status":"publish","type":"product","link":"http:\/\/www.assosmetal.com.tr\/public_html\/urun\/dormakaba-porteo-otomatik-kapi-kapatici-hidroligi\/","title":{"rendered":"Dormakaba Porteo Otomatik Kap\u0131 Kapat\u0131c\u0131 Hidroli\u011fi"},"content":{"rendered":"<p><strong>PORTEO, i\u00e7 mekan\u00a0kap\u0131lar\u0131nda kullan\u0131ma uygun,\u00a0k\u00fc\u00e7\u00fck boyutlu,\u00a0sessiz bir otomatik kanat a\u00e7ma mekanizmas\u0131d\u0131r.<\/strong><\/p>\n<p><strong>PORTEO, Power-Assist modunda kap\u0131y\u0131 a\u00e7mak i\u00e7in gereken g\u00fcc\u00fc \u00f6nemli \u00f6l\u00e7\u00fcde azaltabilir;\u00a0b\u00f6ylece kap\u0131 elle kolayca a\u00e7\u0131labilir.<\/strong><\/p>\n<p><strong>Ayr\u0131ca,\u00a0kap\u0131 bir buton, el sens\u00f6r\u00fc (Magic Switch) veya uzaktan kumanda ile de\u00a0a\u00e7\u0131labilir.<\/strong><\/p>\n<p><strong>Bu \u00f6zellikler, ya\u015fam\u0131 herkes i\u00e7in, her g\u00fcn daha rahat ve hijyenik hale getirir.<\/strong><\/p>\n<p><strong>\u00a0PORTEO, \u00e7o\u011fu kap\u0131ya kolayca uyarlanabilir ve kap\u0131lar\u0131n engel oldu\u011fu \u00f6zel ihtiya\u00e7 sahibi insanlara konfor ve ya\u015fam kalitesinde \u00f6nemli bir kazan\u00e7 sa\u011flar.<\/strong><\/p>\n<ul>\n<li>Pivot kap\u0131lar i\u00e7in otomatik kanat a\u00e7ma mekanizmas\u0131<\/li>\n<li>Kolay a\u00e7ma ve kapama<\/li>\n<li>Kompakt boyutlar<\/li>\n<li>\u0130tme ve \u00e7ekme y\u00f6n\u00fcnde, kanada ya da kasaya montaj<\/li>\n<li>Kolay montaj &#8211; &#8220;tak ve kullan&#8221; teslimi<\/li>\n<\/ul>\n","protected":false},"excerpt":{"rendered":"<p>PORTEO, i\u00e7 mekan\u00a0kap\u0131lar\u0131nda kullan\u0131ma uygun,\u00a0k\u00fc\u00e7\u00fck boyutlu,\u00a0sessiz bir otomatik kanat a\u00e7ma mekanizmas\u0131d\u0131r. PORTEO, Power-Assist modunda kap\u0131y\u0131 a\u00e7mak i\u00e7in gereken g\u00fcc\u00fc \u00f6nemli \u00f6l\u00e7\u00fcde azaltabilir;\u00a0b\u00f6ylece kap\u0131 elle kolayca a\u00e7\u0131labilir. Ayr\u0131ca,\u00a0kap\u0131 bir buton, el sens\u00f6r\u00fc (Magic Switch) veya uzaktan kumanda ile de\u00a0a\u00e7\u0131labilir. Bu \u00f6zellikler, ya\u015fam\u0131 herkes i\u00e7in, her g\u00fcn daha rahat ve hijyenik hale getirir. \u00a0PORTEO, \u00e7o\u011fu kap\u0131ya kolayca [&hellip;]<\/p>\n","protected":false},"featured_media":10019,"comment_status":"open","ping_status":"closed","template":"","meta":[],"product_brand":[38],"product_cat":[31],"product_tag":[],"class_list":{"0":"post-10053","1":"product","2":"type-product","3":"status-publish","4":"has-post-thumbnail","6":"product_brand-dormakaba","7":"product_cat-kapi-hidrolikleri","9":"first","10":"instock","11":"shipping-taxable","12":"product-type-simple"},"jetpack_sharing_enabled":true,"_links":{"self":[{"href":"http:\/\/www.assosmetal.com.tr\/public_html\/wp-json\/wp\/v2\/product\/10053","targetHints":{"allow":["GET"]}}],"collection":[{"href":"http:\/\/www.assosmetal.com.tr\/public_html\/wp-json\/wp\/v2\/product"}],"about":[{"href":"http:\/\/www.assosmetal.com.tr\/public_html\/wp-json\/wp\/v2\/types\/product"}],"replies":[{"embeddable":true,"href":"http:\/\/www.assosmetal.com.tr\/public_html\/wp-json\/wp\/v2\/comments?post=10053"}],"version-history":[{"count":1,"href":"http:\/\/www.assosmetal.com.tr\/public_html\/wp-json\/wp\/v2\/product\/10053\/revisions"}],"predecessor-version":[{"id":10054,"href":"http:\/\/www.assosmetal.com.tr\/public_html\/wp-json\/wp\/v2\/product\/10053\/revisions\/10054"}],"wp:featuredmedia":[{"embeddable":true,"href":"http:\/\/www.assosmetal.com.tr\/public_html\/wp-json\/wp\/v2\/media\/10019"}],"wp:attachment":[{"href":"http:\/\/www.assosmetal.com.tr\/public_html\/wp-json\/wp\/v2\/media?parent=10053"}],"wp:term":[{"taxonomy":"product_brand","embeddable":true,"href":"http:\/\/www.assosmetal.com.tr\/public_html\/wp-json\/wp\/v2\/product_brand?post=10053"},{"taxonomy":"product_cat","embeddable":true,"href":"http:\/\/www.assosmetal.com.tr\/public_html\/wp-json\/wp\/v2\/product_cat?post=10053"},{"taxonomy":"product_tag","embeddable":true,"href":"http:\/\/www.assosmetal.com.tr\/public_html\/wp-json\/wp\/v2\/product_tag?post=10053"}],"curies":[{"name":"wp","href":"https:\/\/api.w.org\/{rel}","templated":true}]}}