{"id":10055,"date":"2025-02-14T11:38:56","date_gmt":"2025-02-14T11:38:56","guid":{"rendered":"http:\/\/www.assosmetal.com.tr\/public_html\/?post_type=product&#038;p=10055"},"modified":"2025-02-14T11:38:57","modified_gmt":"2025-02-14T11:38:57","slug":"yale-1380-serisi-ankastre-gomme-tip-kapi-hidroligi","status":"publish","type":"product","link":"http:\/\/www.assosmetal.com.tr\/public_html\/urun\/yale-1380-serisi-ankastre-gomme-tip-kapi-hidroligi\/","title":{"rendered":"Yale 1380 Serisi Ankastre G\u00f6mme Tip Kap\u0131 Hidroli\u011fi"},"content":{"rendered":"<p><strong>Orta hizmet sabit g\u00fc\u00e7 ayarl\u0131 ankastre kap\u0131 hidroli\u011fi<\/strong><\/p>\n<ul>\n<li>Al\u00fcminyum d\u00f6k\u00fcm g\u00f6vde<\/li>\n<li>Ankastre serisi ince &amp; gizli \u00e7ekme kollu<\/li>\n<li>A\u00e7\u0131k tutma \u00f6zellikli (stop kollu)<\/li>\n<li>K\u0131zakl\u0131 \u00e7ekme kolu<\/li>\n<li>Sabit g\u00fc\u00e7 ayar\u0131 3 numara<\/li>\n<li>Ayarlanabilir kapanma ve frenleme h\u0131z\u0131<\/li>\n<\/ul>\n","protected":false},"excerpt":{"rendered":"<p>Orta hizmet sabit g\u00fc\u00e7 ayarl\u0131 ankastre kap\u0131 hidroli\u011fi Al\u00fcminyum d\u00f6k\u00fcm g\u00f6vde Ankastre serisi ince &amp; gizli \u00e7ekme kollu A\u00e7\u0131k tutma \u00f6zellikli (stop kollu) K\u0131zakl\u0131 \u00e7ekme kolu Sabit g\u00fc\u00e7 ayar\u0131 3 numara Ayarlanabilir kapanma ve frenleme h\u0131z\u0131<\/p>\n","protected":false},"featured_media":10049,"comment_status":"open","ping_status":"closed","template":"","meta":[],"product_brand":[40],"product_cat":[31],"product_tag":[],"class_list":{"0":"post-10055","1":"product","2":"type-product","3":"status-publish","4":"has-post-thumbnail","6":"product_brand-yale","7":"product_cat-kapi-hidrolikleri","9":"first","10":"instock","11":"shipping-taxable","12":"product-type-simple"},"jetpack_sharing_enabled":true,"_links":{"self":[{"href":"http:\/\/www.assosmetal.com.tr\/public_html\/wp-json\/wp\/v2\/product\/10055","targetHints":{"allow":["GET"]}}],"collection":[{"href":"http:\/\/www.assosmetal.com.tr\/public_html\/wp-json\/wp\/v2\/product"}],"about":[{"href":"http:\/\/www.assosmetal.com.tr\/public_html\/wp-json\/wp\/v2\/types\/product"}],"replies":[{"embeddable":true,"href":"http:\/\/www.assosmetal.com.tr\/public_html\/wp-json\/wp\/v2\/comments?post=10055"}],"version-history":[{"count":1,"href":"http:\/\/www.assosmetal.com.tr\/public_html\/wp-json\/wp\/v2\/product\/10055\/revisions"}],"predecessor-version":[{"id":10056,"href":"http:\/\/www.assosmetal.com.tr\/public_html\/wp-json\/wp\/v2\/product\/10055\/revisions\/10056"}],"wp:featuredmedia":[{"embeddable":true,"href":"http:\/\/www.assosmetal.com.tr\/public_html\/wp-json\/wp\/v2\/media\/10049"}],"wp:attachment":[{"href":"http:\/\/www.assosmetal.com.tr\/public_html\/wp-json\/wp\/v2\/media?parent=10055"}],"wp:term":[{"taxonomy":"product_brand","embeddable":true,"href":"http:\/\/www.assosmetal.com.tr\/public_html\/wp-json\/wp\/v2\/product_brand?post=10055"},{"taxonomy":"product_cat","embeddable":true,"href":"http:\/\/www.assosmetal.com.tr\/public_html\/wp-json\/wp\/v2\/product_cat?post=10055"},{"taxonomy":"product_tag","embeddable":true,"href":"http:\/\/www.assosmetal.com.tr\/public_html\/wp-json\/wp\/v2\/product_tag?post=10055"}],"curies":[{"name":"wp","href":"https:\/\/api.w.org\/{rel}","templated":true}]}}