{"id":10061,"date":"2025-02-14T11:45:11","date_gmt":"2025-02-14T11:45:11","guid":{"rendered":"http:\/\/www.assosmetal.com.tr\/public_html\/?post_type=product&#038;p=10061"},"modified":"2025-02-15T11:24:07","modified_gmt":"2025-02-15T11:24:07","slug":"yale-300-serisi-montaj-ayarli-kapi-hidroligi-dar-tip-beyaz","status":"publish","type":"product","link":"http:\/\/www.assosmetal.com.tr\/public_html\/urun\/yale-300-serisi-montaj-ayarli-kapi-hidroligi-dar-tip-beyaz\/","title":{"rendered":"Yale 300 Serisi Montaj Ayarl\u0131 Kap\u0131 Hidroli\u011fi Dar Tip Beyaz"},"content":{"rendered":"<p><strong>Orta Hizmet montaj ayarl\u0131 kap\u0131 hidroli\u011fi.<\/strong><\/p>\n<ul>\n<li>Dar tip<\/li>\n<li>Al\u00fcminyum d\u00f6k\u00fcm g\u00f6vde<\/li>\n<li>UL sertifikal\u0131<\/li>\n<li>Kapanma kuvveti kap\u0131 hidroli\u011finin kap\u0131 \u00fczerindeki konumunun de\u011fi\u015ftirilmesi ile ayarlan\u0131r<\/li>\n<li>Montaj ayarl\u0131 g\u00fc\u00e7 se\u00e7ene\u011fi 2,3 &amp; 4<\/li>\n<\/ul>\n","protected":false},"excerpt":{"rendered":"<p>Orta Hizmet montaj ayarl\u0131 kap\u0131 hidroli\u011fi. Dar tip Al\u00fcminyum d\u00f6k\u00fcm g\u00f6vde UL sertifikal\u0131 Kapanma kuvveti kap\u0131 hidroli\u011finin kap\u0131 \u00fczerindeki konumunun de\u011fi\u015ftirilmesi ile ayarlan\u0131r Montaj ayarl\u0131 g\u00fc\u00e7 se\u00e7ene\u011fi 2,3 &amp; 4<\/p>\n","protected":false},"featured_media":10046,"comment_status":"open","ping_status":"closed","template":"","meta":[],"product_brand":[40],"product_cat":[31],"product_tag":[],"class_list":{"0":"post-10061","1":"product","2":"type-product","3":"status-publish","4":"has-post-thumbnail","6":"product_brand-yale","7":"product_cat-kapi-hidrolikleri","9":"first","10":"instock","11":"shipping-taxable","12":"product-type-simple"},"jetpack_sharing_enabled":true,"_links":{"self":[{"href":"http:\/\/www.assosmetal.com.tr\/public_html\/wp-json\/wp\/v2\/product\/10061","targetHints":{"allow":["GET"]}}],"collection":[{"href":"http:\/\/www.assosmetal.com.tr\/public_html\/wp-json\/wp\/v2\/product"}],"about":[{"href":"http:\/\/www.assosmetal.com.tr\/public_html\/wp-json\/wp\/v2\/types\/product"}],"replies":[{"embeddable":true,"href":"http:\/\/www.assosmetal.com.tr\/public_html\/wp-json\/wp\/v2\/comments?post=10061"}],"version-history":[{"count":1,"href":"http:\/\/www.assosmetal.com.tr\/public_html\/wp-json\/wp\/v2\/product\/10061\/revisions"}],"predecessor-version":[{"id":10062,"href":"http:\/\/www.assosmetal.com.tr\/public_html\/wp-json\/wp\/v2\/product\/10061\/revisions\/10062"}],"wp:featuredmedia":[{"embeddable":true,"href":"http:\/\/www.assosmetal.com.tr\/public_html\/wp-json\/wp\/v2\/media\/10046"}],"wp:attachment":[{"href":"http:\/\/www.assosmetal.com.tr\/public_html\/wp-json\/wp\/v2\/media?parent=10061"}],"wp:term":[{"taxonomy":"product_brand","embeddable":true,"href":"http:\/\/www.assosmetal.com.tr\/public_html\/wp-json\/wp\/v2\/product_brand?post=10061"},{"taxonomy":"product_cat","embeddable":true,"href":"http:\/\/www.assosmetal.com.tr\/public_html\/wp-json\/wp\/v2\/product_cat?post=10061"},{"taxonomy":"product_tag","embeddable":true,"href":"http:\/\/www.assosmetal.com.tr\/public_html\/wp-json\/wp\/v2\/product_tag?post=10061"}],"curies":[{"name":"wp","href":"https:\/\/api.w.org\/{rel}","templated":true}]}}