{"id":10065,"date":"2025-02-14T11:50:42","date_gmt":"2025-02-14T11:50:42","guid":{"rendered":"http:\/\/www.assosmetal.com.tr\/public_html\/?post_type=product&#038;p=10065"},"modified":"2025-02-14T11:50:43","modified_gmt":"2025-02-14T11:50:43","slug":"yale-100-serisi-104-sabit-guclu-4-numara-kapi-hidroligi","status":"publish","type":"product","link":"http:\/\/www.assosmetal.com.tr\/public_html\/urun\/yale-100-serisi-104-sabit-guclu-4-numara-kapi-hidroligi\/","title":{"rendered":"Yale 100 Serisi 104 Sabit G\u00fc\u00e7l\u00fc 4 Numara Kap\u0131 Hidroli\u011fi"},"content":{"rendered":"<p><strong>Hafif hizmet sabit g\u00fc\u00e7 ayarl\u0131 kap\u0131 hidroli\u011fi<\/strong><\/p>\n<ul>\n<li>Al\u00fcminyum d\u00f6k\u00fcm g\u00f6vde<\/li>\n<li>UL Sertifikal\u0131 ve sabit g\u00fc\u00e7 ayarl\u0131\u00a04 numara<\/li>\n<li>Ayarlanabilir kapanma ve frenleme h\u0131z\u0131<\/li>\n<\/ul>\n","protected":false},"excerpt":{"rendered":"<p>Hafif hizmet sabit g\u00fc\u00e7 ayarl\u0131 kap\u0131 hidroli\u011fi Al\u00fcminyum d\u00f6k\u00fcm g\u00f6vde UL Sertifikal\u0131 ve sabit g\u00fc\u00e7 ayarl\u0131\u00a04 numara Ayarlanabilir kapanma ve frenleme h\u0131z\u0131<\/p>\n","protected":false},"featured_media":10044,"comment_status":"open","ping_status":"closed","template":"","meta":[],"product_brand":[40],"product_cat":[31],"product_tag":[],"class_list":{"0":"post-10065","1":"product","2":"type-product","3":"status-publish","4":"has-post-thumbnail","6":"product_brand-yale","7":"product_cat-kapi-hidrolikleri","9":"first","10":"instock","11":"shipping-taxable","12":"product-type-simple"},"jetpack_sharing_enabled":true,"_links":{"self":[{"href":"http:\/\/www.assosmetal.com.tr\/public_html\/wp-json\/wp\/v2\/product\/10065","targetHints":{"allow":["GET"]}}],"collection":[{"href":"http:\/\/www.assosmetal.com.tr\/public_html\/wp-json\/wp\/v2\/product"}],"about":[{"href":"http:\/\/www.assosmetal.com.tr\/public_html\/wp-json\/wp\/v2\/types\/product"}],"replies":[{"embeddable":true,"href":"http:\/\/www.assosmetal.com.tr\/public_html\/wp-json\/wp\/v2\/comments?post=10065"}],"version-history":[{"count":1,"href":"http:\/\/www.assosmetal.com.tr\/public_html\/wp-json\/wp\/v2\/product\/10065\/revisions"}],"predecessor-version":[{"id":10066,"href":"http:\/\/www.assosmetal.com.tr\/public_html\/wp-json\/wp\/v2\/product\/10065\/revisions\/10066"}],"wp:featuredmedia":[{"embeddable":true,"href":"http:\/\/www.assosmetal.com.tr\/public_html\/wp-json\/wp\/v2\/media\/10044"}],"wp:attachment":[{"href":"http:\/\/www.assosmetal.com.tr\/public_html\/wp-json\/wp\/v2\/media?parent=10065"}],"wp:term":[{"taxonomy":"product_brand","embeddable":true,"href":"http:\/\/www.assosmetal.com.tr\/public_html\/wp-json\/wp\/v2\/product_brand?post=10065"},{"taxonomy":"product_cat","embeddable":true,"href":"http:\/\/www.assosmetal.com.tr\/public_html\/wp-json\/wp\/v2\/product_cat?post=10065"},{"taxonomy":"product_tag","embeddable":true,"href":"http:\/\/www.assosmetal.com.tr\/public_html\/wp-json\/wp\/v2\/product_tag?post=10065"}],"curies":[{"name":"wp","href":"https:\/\/api.w.org\/{rel}","templated":true}]}}