{"id":10071,"date":"2025-02-14T11:56:38","date_gmt":"2025-02-14T11:56:38","guid":{"rendered":"http:\/\/www.assosmetal.com.tr\/public_html\/?post_type=product&#038;p=10071"},"modified":"2025-02-14T11:56:38","modified_gmt":"2025-02-14T11:56:38","slug":"kimex-kapi-kapatici-hidrolik-3-numara","status":"publish","type":"product","link":"http:\/\/www.assosmetal.com.tr\/public_html\/urun\/kimex-kapi-kapatici-hidrolik-3-numara\/","title":{"rendered":"Kimex Kap\u0131 Kapat\u0131c\u0131 Hidrolik 3 Numara"},"content":{"rendered":"<h1 class=\"page-title\">Kimex Kap\u0131 Kapat\u0131c\u0131 Hidrolik 3 Numara<\/h1>\n<ul>\n<li>Ah\u015fap ve Metal Kap\u0131larda kullan\u0131ma uygundur.<\/li>\n<li>180 a\u00e7\u0131lma a\u00e7\u0131s\u0131na sahiptir.<\/li>\n<li>Kapama ve \u00c7arpma h\u0131z ayarl\u0131d\u0131r<\/li>\n<\/ul>\n","protected":false},"excerpt":{"rendered":"<p>Kimex Kap\u0131 Kapat\u0131c\u0131 Hidrolik 3 Numara Ah\u015fap ve Metal Kap\u0131larda kullan\u0131ma uygundur. 180 a\u00e7\u0131lma a\u00e7\u0131s\u0131na sahiptir. Kapama ve \u00c7arpma h\u0131z ayarl\u0131d\u0131r<\/p>\n","protected":false},"featured_media":10040,"comment_status":"open","ping_status":"closed","template":"","meta":[],"product_brand":[47],"product_cat":[31],"product_tag":[],"class_list":{"0":"post-10071","1":"product","2":"type-product","3":"status-publish","4":"has-post-thumbnail","6":"product_brand-assos","7":"product_cat-kapi-hidrolikleri","9":"first","10":"instock","11":"shipping-taxable","12":"product-type-simple"},"jetpack_sharing_enabled":true,"_links":{"self":[{"href":"http:\/\/www.assosmetal.com.tr\/public_html\/wp-json\/wp\/v2\/product\/10071","targetHints":{"allow":["GET"]}}],"collection":[{"href":"http:\/\/www.assosmetal.com.tr\/public_html\/wp-json\/wp\/v2\/product"}],"about":[{"href":"http:\/\/www.assosmetal.com.tr\/public_html\/wp-json\/wp\/v2\/types\/product"}],"replies":[{"embeddable":true,"href":"http:\/\/www.assosmetal.com.tr\/public_html\/wp-json\/wp\/v2\/comments?post=10071"}],"version-history":[{"count":1,"href":"http:\/\/www.assosmetal.com.tr\/public_html\/wp-json\/wp\/v2\/product\/10071\/revisions"}],"predecessor-version":[{"id":10072,"href":"http:\/\/www.assosmetal.com.tr\/public_html\/wp-json\/wp\/v2\/product\/10071\/revisions\/10072"}],"wp:featuredmedia":[{"embeddable":true,"href":"http:\/\/www.assosmetal.com.tr\/public_html\/wp-json\/wp\/v2\/media\/10040"}],"wp:attachment":[{"href":"http:\/\/www.assosmetal.com.tr\/public_html\/wp-json\/wp\/v2\/media?parent=10071"}],"wp:term":[{"taxonomy":"product_brand","embeddable":true,"href":"http:\/\/www.assosmetal.com.tr\/public_html\/wp-json\/wp\/v2\/product_brand?post=10071"},{"taxonomy":"product_cat","embeddable":true,"href":"http:\/\/www.assosmetal.com.tr\/public_html\/wp-json\/wp\/v2\/product_cat?post=10071"},{"taxonomy":"product_tag","embeddable":true,"href":"http:\/\/www.assosmetal.com.tr\/public_html\/wp-json\/wp\/v2\/product_tag?post=10071"}],"curies":[{"name":"wp","href":"https:\/\/api.w.org\/{rel}","templated":true}]}}