{"id":10073,"date":"2025-02-14T12:02:25","date_gmt":"2025-02-14T12:02:25","guid":{"rendered":"http:\/\/www.assosmetal.com.tr\/public_html\/?post_type=product&#038;p=10073"},"modified":"2025-02-14T12:02:25","modified_gmt":"2025-02-14T12:02:25","slug":"kale-kd002-70-330-gomme-ankastre-kapi-hidroligi","status":"publish","type":"product","link":"http:\/\/www.assosmetal.com.tr\/public_html\/urun\/kale-kd002-70-330-gomme-ankastre-kapi-hidroligi\/","title":{"rendered":"Kale KD002\/70-330 G\u00f6mme Ankastre Kap\u0131 Hidroli\u011fi"},"content":{"rendered":"<p><strong>Kale KD002\/70-330 G\u00f6mme Ankastre Kap\u0131 Hidroli\u011fi<\/strong><\/p>\n<ul>\n<li>T\u0130P G\u00f6mme-Rayl\u0131, 2 a\u015famal\u0131<\/li>\n<li>RENK G\u00fcm\u00fc\u015f<\/li>\n<li>KAPAMA G\u00dcC\u00dc 2 farkl\u0131 valf uygulamas\u0131 ile farkl\u0131 kapanma ve \u00e7arpma h\u0131z\u0131<\/li>\n<li>KAPI C\u0130NS\u0130 Al\u00fcminyum, PVC, Ah\u015fap<\/li>\n<li>KAPI \u00d6L\u00c7\u00dcS\u00dc 1000 mm<\/li>\n<li>KAPI A\u011eIRLI\u011eI Maksimum 60 kg<\/li>\n<\/ul>\n","protected":false},"excerpt":{"rendered":"<p>Kale KD002\/70-330 G\u00f6mme Ankastre Kap\u0131 Hidroli\u011fi T\u0130P G\u00f6mme-Rayl\u0131, 2 a\u015famal\u0131 RENK G\u00fcm\u00fc\u015f KAPAMA G\u00dcC\u00dc 2 farkl\u0131 valf uygulamas\u0131 ile farkl\u0131 kapanma ve \u00e7arpma h\u0131z\u0131 KAPI C\u0130NS\u0130 Al\u00fcminyum, PVC, Ah\u015fap KAPI \u00d6L\u00c7\u00dcS\u00dc 1000 mm KAPI A\u011eIRLI\u011eI Maksimum 60 kg<\/p>\n","protected":false},"featured_media":10039,"comment_status":"open","ping_status":"closed","template":"","meta":[],"product_brand":[41],"product_cat":[31],"product_tag":[],"class_list":{"0":"post-10073","1":"product","2":"type-product","3":"status-publish","4":"has-post-thumbnail","6":"product_brand-kale","7":"product_cat-kapi-hidrolikleri","9":"first","10":"instock","11":"shipping-taxable","12":"product-type-simple"},"jetpack_sharing_enabled":true,"_links":{"self":[{"href":"http:\/\/www.assosmetal.com.tr\/public_html\/wp-json\/wp\/v2\/product\/10073","targetHints":{"allow":["GET"]}}],"collection":[{"href":"http:\/\/www.assosmetal.com.tr\/public_html\/wp-json\/wp\/v2\/product"}],"about":[{"href":"http:\/\/www.assosmetal.com.tr\/public_html\/wp-json\/wp\/v2\/types\/product"}],"replies":[{"embeddable":true,"href":"http:\/\/www.assosmetal.com.tr\/public_html\/wp-json\/wp\/v2\/comments?post=10073"}],"version-history":[{"count":1,"href":"http:\/\/www.assosmetal.com.tr\/public_html\/wp-json\/wp\/v2\/product\/10073\/revisions"}],"predecessor-version":[{"id":10074,"href":"http:\/\/www.assosmetal.com.tr\/public_html\/wp-json\/wp\/v2\/product\/10073\/revisions\/10074"}],"wp:featuredmedia":[{"embeddable":true,"href":"http:\/\/www.assosmetal.com.tr\/public_html\/wp-json\/wp\/v2\/media\/10039"}],"wp:attachment":[{"href":"http:\/\/www.assosmetal.com.tr\/public_html\/wp-json\/wp\/v2\/media?parent=10073"}],"wp:term":[{"taxonomy":"product_brand","embeddable":true,"href":"http:\/\/www.assosmetal.com.tr\/public_html\/wp-json\/wp\/v2\/product_brand?post=10073"},{"taxonomy":"product_cat","embeddable":true,"href":"http:\/\/www.assosmetal.com.tr\/public_html\/wp-json\/wp\/v2\/product_cat?post=10073"},{"taxonomy":"product_tag","embeddable":true,"href":"http:\/\/www.assosmetal.com.tr\/public_html\/wp-json\/wp\/v2\/product_tag?post=10073"}],"curies":[{"name":"wp","href":"https:\/\/api.w.org\/{rel}","templated":true}]}}