{"id":10075,"date":"2025-02-14T12:04:18","date_gmt":"2025-02-14T12:04:18","guid":{"rendered":"http:\/\/www.assosmetal.com.tr\/public_html\/?post_type=product&#038;p=10075"},"modified":"2025-02-14T12:04:19","modified_gmt":"2025-02-14T12:04:19","slug":"kale-kd002-50-550-kapi-hidroligi-5-numara","status":"publish","type":"product","link":"http:\/\/www.assosmetal.com.tr\/public_html\/urun\/kale-kd002-50-550-kapi-hidroligi-5-numara\/","title":{"rendered":"Kale KD002\/50-550 Kap\u0131 Hidroli\u011fi 5 Numara"},"content":{"rendered":"<p><strong>Kale KD002\/50-550 Kap\u0131 Hidroli\u011fi 5 Numara<\/strong><\/p>\n<ul>\n<li>T\u0130P Standart<\/li>\n<li>RENK G\u00fcm\u00fc\u015f-Bronz<\/li>\n<li>KAPAMA G\u00dcC\u00dc 5<\/li>\n<li>KAPI C\u0130NS\u0130 \u00c7elik<\/li>\n<li>KAPI \u00d6L\u00c7\u00dcS\u00dc 1200 x 2400 mm<\/li>\n<li>KAPI A\u011eIRLI\u011eI 80-120 kg<\/li>\n<\/ul>\n","protected":false},"excerpt":{"rendered":"<p>Kale KD002\/50-550 Kap\u0131 Hidroli\u011fi 5 Numara T\u0130P Standart RENK G\u00fcm\u00fc\u015f-Bronz KAPAMA G\u00dcC\u00dc 5 KAPI C\u0130NS\u0130 \u00c7elik KAPI \u00d6L\u00c7\u00dcS\u00dc 1200 x 2400 mm KAPI A\u011eIRLI\u011eI 80-120 kg<\/p>\n","protected":false},"featured_media":10038,"comment_status":"open","ping_status":"closed","template":"","meta":[],"product_brand":[41],"product_cat":[31],"product_tag":[],"class_list":{"0":"post-10075","1":"product","2":"type-product","3":"status-publish","4":"has-post-thumbnail","6":"product_brand-kale","7":"product_cat-kapi-hidrolikleri","9":"first","10":"instock","11":"shipping-taxable","12":"product-type-simple"},"jetpack_sharing_enabled":true,"_links":{"self":[{"href":"http:\/\/www.assosmetal.com.tr\/public_html\/wp-json\/wp\/v2\/product\/10075","targetHints":{"allow":["GET"]}}],"collection":[{"href":"http:\/\/www.assosmetal.com.tr\/public_html\/wp-json\/wp\/v2\/product"}],"about":[{"href":"http:\/\/www.assosmetal.com.tr\/public_html\/wp-json\/wp\/v2\/types\/product"}],"replies":[{"embeddable":true,"href":"http:\/\/www.assosmetal.com.tr\/public_html\/wp-json\/wp\/v2\/comments?post=10075"}],"version-history":[{"count":1,"href":"http:\/\/www.assosmetal.com.tr\/public_html\/wp-json\/wp\/v2\/product\/10075\/revisions"}],"predecessor-version":[{"id":10076,"href":"http:\/\/www.assosmetal.com.tr\/public_html\/wp-json\/wp\/v2\/product\/10075\/revisions\/10076"}],"wp:featuredmedia":[{"embeddable":true,"href":"http:\/\/www.assosmetal.com.tr\/public_html\/wp-json\/wp\/v2\/media\/10038"}],"wp:attachment":[{"href":"http:\/\/www.assosmetal.com.tr\/public_html\/wp-json\/wp\/v2\/media?parent=10075"}],"wp:term":[{"taxonomy":"product_brand","embeddable":true,"href":"http:\/\/www.assosmetal.com.tr\/public_html\/wp-json\/wp\/v2\/product_brand?post=10075"},{"taxonomy":"product_cat","embeddable":true,"href":"http:\/\/www.assosmetal.com.tr\/public_html\/wp-json\/wp\/v2\/product_cat?post=10075"},{"taxonomy":"product_tag","embeddable":true,"href":"http:\/\/www.assosmetal.com.tr\/public_html\/wp-json\/wp\/v2\/product_tag?post=10075"}],"curies":[{"name":"wp","href":"https:\/\/api.w.org\/{rel}","templated":true}]}}