{"id":10087,"date":"2025-02-14T12:14:40","date_gmt":"2025-02-14T12:14:40","guid":{"rendered":"http:\/\/www.assosmetal.com.tr\/public_html\/?post_type=product&#038;p=10087"},"modified":"2025-02-14T12:14:40","modified_gmt":"2025-02-14T12:14:40","slug":"kale-kd002-20-002-40-65-kg-kapi-hidroligi-3-numara","status":"publish","type":"product","link":"http:\/\/www.assosmetal.com.tr\/public_html\/urun\/kale-kd002-20-002-40-65-kg-kapi-hidroligi-3-numara\/","title":{"rendered":"Kale KD002\/20-002 40-65 Kg Kap\u0131 Hidroli\u011fi 3 Numara"},"content":{"rendered":"<p><strong>Kale KD002\/20-002 40-65 Kg Kap\u0131 Hidroli\u011fi 3 Numara<\/strong><\/p>\n<ul>\n<li>T\u0130P Rayl\u0131, 3 a\u015famal\u0131<\/li>\n<li>MALZEME Kapak; Paslanmaz<\/li>\n<li>G\u00f6vde; Al\u00fcminyum<\/li>\n<li>KAPAMA G\u00dcC\u00dc 3 no&#8217;lu valf kapat\u0131ld\u0131\u011f\u0131nda 2 kademeli \u00e7al\u0131\u015fma fonksiyonu<\/li>\n<li>KAPI C\u0130NS\u0130 Al\u00fcminyum, PVC, Ah\u015fap, Demir Do\u011frama<\/li>\n<li>KAPI \u00d6L\u00c7\u00dcS\u00dc 1000 mm<\/li>\n<li>KAPI A\u011eIRLI\u011eI Maksimum 65 kg<\/li>\n<\/ul>\n","protected":false},"excerpt":{"rendered":"<p>Kale KD002\/20-002 40-65 Kg Kap\u0131 Hidroli\u011fi 3 Numara T\u0130P Rayl\u0131, 3 a\u015famal\u0131 MALZEME Kapak; Paslanmaz G\u00f6vde; Al\u00fcminyum KAPAMA G\u00dcC\u00dc 3 no&#8217;lu valf kapat\u0131ld\u0131\u011f\u0131nda 2 kademeli \u00e7al\u0131\u015fma fonksiyonu KAPI C\u0130NS\u0130 Al\u00fcminyum, PVC, Ah\u015fap, Demir Do\u011frama KAPI \u00d6L\u00c7\u00dcS\u00dc 1000 mm KAPI A\u011eIRLI\u011eI Maksimum 65 kg<\/p>\n","protected":false},"featured_media":10032,"comment_status":"open","ping_status":"closed","template":"","meta":[],"product_brand":[41],"product_cat":[31],"product_tag":[],"class_list":{"0":"post-10087","1":"product","2":"type-product","3":"status-publish","4":"has-post-thumbnail","6":"product_brand-kale","7":"product_cat-kapi-hidrolikleri","9":"first","10":"instock","11":"shipping-taxable","12":"product-type-simple"},"jetpack_sharing_enabled":true,"_links":{"self":[{"href":"http:\/\/www.assosmetal.com.tr\/public_html\/wp-json\/wp\/v2\/product\/10087","targetHints":{"allow":["GET"]}}],"collection":[{"href":"http:\/\/www.assosmetal.com.tr\/public_html\/wp-json\/wp\/v2\/product"}],"about":[{"href":"http:\/\/www.assosmetal.com.tr\/public_html\/wp-json\/wp\/v2\/types\/product"}],"replies":[{"embeddable":true,"href":"http:\/\/www.assosmetal.com.tr\/public_html\/wp-json\/wp\/v2\/comments?post=10087"}],"version-history":[{"count":1,"href":"http:\/\/www.assosmetal.com.tr\/public_html\/wp-json\/wp\/v2\/product\/10087\/revisions"}],"predecessor-version":[{"id":10088,"href":"http:\/\/www.assosmetal.com.tr\/public_html\/wp-json\/wp\/v2\/product\/10087\/revisions\/10088"}],"wp:featuredmedia":[{"embeddable":true,"href":"http:\/\/www.assosmetal.com.tr\/public_html\/wp-json\/wp\/v2\/media\/10032"}],"wp:attachment":[{"href":"http:\/\/www.assosmetal.com.tr\/public_html\/wp-json\/wp\/v2\/media?parent=10087"}],"wp:term":[{"taxonomy":"product_brand","embeddable":true,"href":"http:\/\/www.assosmetal.com.tr\/public_html\/wp-json\/wp\/v2\/product_brand?post=10087"},{"taxonomy":"product_cat","embeddable":true,"href":"http:\/\/www.assosmetal.com.tr\/public_html\/wp-json\/wp\/v2\/product_cat?post=10087"},{"taxonomy":"product_tag","embeddable":true,"href":"http:\/\/www.assosmetal.com.tr\/public_html\/wp-json\/wp\/v2\/product_tag?post=10087"}],"curies":[{"name":"wp","href":"https:\/\/api.w.org\/{rel}","templated":true}]}}