{"id":10093,"date":"2025-02-14T12:19:52","date_gmt":"2025-02-14T12:19:52","guid":{"rendered":"http:\/\/www.assosmetal.com.tr\/public_html\/?post_type=product&#038;p=10093"},"modified":"2025-02-14T12:19:53","modified_gmt":"2025-02-14T12:19:53","slug":"dormakaba-ts-93-kayar-kollu-kapi-kapatici","status":"publish","type":"product","link":"http:\/\/www.assosmetal.com.tr\/public_html\/urun\/dormakaba-ts-93-kayar-kollu-kapi-kapatici\/","title":{"rendered":"Dormakaba TS 93 Kayar Kollu Kap\u0131 Kapat\u0131c\u0131"},"content":{"rendered":"<p><strong>TS 93 kalp sistemli kap\u0131 kapat\u0131c\u0131 t\u00fcm proje uygulamalar\u0131 i\u00e7in y\u00fcksek kaliteli mimari \u00e7\u00f6z\u00fcm sunar.<\/strong><\/p>\n<p>&nbsp;<\/p>\n<p><strong>Kalp \u015feklinde kam teknolojisi sayesinde kolay a\u00e7\u0131l\u0131m ve y\u00fcksek verimde \u00e7al\u0131\u015fma olana\u011f\u0131 sahiptir.<\/strong><\/p>\n<ul>\n<li>T\u00fcm uygulamalar i\u00e7in m\u00fckemmel \u00e7\u00f6z\u00fcm<\/li>\n<li>1250 mm \/ 1600 mm&#8217;ye kadar kap\u0131 geni\u015flikleri i\u00e7in<\/li>\n<li>Tek ve \u00e7ift kanatl\u0131 kap\u0131lar i\u00e7in<\/li>\n<li>T\u00fcm sabitleme konumlar\u0131 i\u00e7in uygundur<\/li>\n<li>Mod\u00fcler sistem<\/li>\n<\/ul>\n","protected":false},"excerpt":{"rendered":"<p>TS 93 kalp sistemli kap\u0131 kapat\u0131c\u0131 t\u00fcm proje uygulamalar\u0131 i\u00e7in y\u00fcksek kaliteli mimari \u00e7\u00f6z\u00fcm sunar. &nbsp; Kalp \u015feklinde kam teknolojisi sayesinde kolay a\u00e7\u0131l\u0131m ve y\u00fcksek verimde \u00e7al\u0131\u015fma olana\u011f\u0131 sahiptir. T\u00fcm uygulamalar i\u00e7in m\u00fckemmel \u00e7\u00f6z\u00fcm 1250 mm \/ 1600 mm&#8217;ye kadar kap\u0131 geni\u015flikleri i\u00e7in Tek ve \u00e7ift kanatl\u0131 kap\u0131lar i\u00e7in T\u00fcm sabitleme konumlar\u0131 i\u00e7in uygundur Mod\u00fcler [&hellip;]<\/p>\n","protected":false},"featured_media":10028,"comment_status":"open","ping_status":"closed","template":"","meta":[],"product_brand":[38],"product_cat":[31],"product_tag":[],"class_list":{"0":"post-10093","1":"product","2":"type-product","3":"status-publish","4":"has-post-thumbnail","6":"product_brand-dormakaba","7":"product_cat-kapi-hidrolikleri","9":"first","10":"instock","11":"shipping-taxable","12":"product-type-simple"},"jetpack_sharing_enabled":true,"_links":{"self":[{"href":"http:\/\/www.assosmetal.com.tr\/public_html\/wp-json\/wp\/v2\/product\/10093","targetHints":{"allow":["GET"]}}],"collection":[{"href":"http:\/\/www.assosmetal.com.tr\/public_html\/wp-json\/wp\/v2\/product"}],"about":[{"href":"http:\/\/www.assosmetal.com.tr\/public_html\/wp-json\/wp\/v2\/types\/product"}],"replies":[{"embeddable":true,"href":"http:\/\/www.assosmetal.com.tr\/public_html\/wp-json\/wp\/v2\/comments?post=10093"}],"version-history":[{"count":1,"href":"http:\/\/www.assosmetal.com.tr\/public_html\/wp-json\/wp\/v2\/product\/10093\/revisions"}],"predecessor-version":[{"id":10094,"href":"http:\/\/www.assosmetal.com.tr\/public_html\/wp-json\/wp\/v2\/product\/10093\/revisions\/10094"}],"wp:featuredmedia":[{"embeddable":true,"href":"http:\/\/www.assosmetal.com.tr\/public_html\/wp-json\/wp\/v2\/media\/10028"}],"wp:attachment":[{"href":"http:\/\/www.assosmetal.com.tr\/public_html\/wp-json\/wp\/v2\/media?parent=10093"}],"wp:term":[{"taxonomy":"product_brand","embeddable":true,"href":"http:\/\/www.assosmetal.com.tr\/public_html\/wp-json\/wp\/v2\/product_brand?post=10093"},{"taxonomy":"product_cat","embeddable":true,"href":"http:\/\/www.assosmetal.com.tr\/public_html\/wp-json\/wp\/v2\/product_cat?post=10093"},{"taxonomy":"product_tag","embeddable":true,"href":"http:\/\/www.assosmetal.com.tr\/public_html\/wp-json\/wp\/v2\/product_tag?post=10093"}],"curies":[{"name":"wp","href":"https:\/\/api.w.org\/{rel}","templated":true}]}}