{"id":10101,"date":"2025-02-14T12:26:23","date_gmt":"2025-02-14T12:26:23","guid":{"rendered":"http:\/\/www.assosmetal.com.tr\/public_html\/?post_type=product&#038;p=10101"},"modified":"2025-02-14T12:26:23","modified_gmt":"2025-02-14T12:26:23","slug":"dormakaba-ts-91-kayar-kollu-kapi-kapatici","status":"publish","type":"product","link":"http:\/\/www.assosmetal.com.tr\/public_html\/urun\/dormakaba-ts-91-kayar-kollu-kapi-kapatici\/","title":{"rendered":"Dormakaba TS 91 Kayar Kollu Kap\u0131 Kapat\u0131c\u0131"},"content":{"rendered":"<p><strong>\u00d6zellikle i\u00e7 mekan uygulamalar\u0131 i\u00e7in tasarlanan dormakaba TS 91 Contur Design kap\u0131 kapat\u0131c\u0131lar kalp \u015feklinde kam teknolojisi sayesinde kullan\u0131m kolayl\u0131\u011f\u0131 sa\u011flar.<\/strong><\/p>\n<ul>\n<li>EASY OPEN teknolojisine sahip<\/li>\n<li>\u00d6zel olarak i\u00e7 mekan uygulamalar\u0131na y\u00f6neliktir<\/li>\n<li>950 mm&#8217;ye kadar kap\u0131 geni\u015flikleri i\u00e7in<\/li>\n<li>Tek ve \u00e7ift kanatl\u0131 kap\u0131lar i\u00e7in<\/li>\n<li>Kolay montaj<\/li>\n<\/ul>\n","protected":false},"excerpt":{"rendered":"<p>\u00d6zellikle i\u00e7 mekan uygulamalar\u0131 i\u00e7in tasarlanan dormakaba TS 91 Contur Design kap\u0131 kapat\u0131c\u0131lar kalp \u015feklinde kam teknolojisi sayesinde kullan\u0131m kolayl\u0131\u011f\u0131 sa\u011flar. EASY OPEN teknolojisine sahip \u00d6zel olarak i\u00e7 mekan uygulamalar\u0131na y\u00f6neliktir 950 mm&#8217;ye kadar kap\u0131 geni\u015flikleri i\u00e7in Tek ve \u00e7ift kanatl\u0131 kap\u0131lar i\u00e7in Kolay montaj<\/p>\n","protected":false},"featured_media":10024,"comment_status":"open","ping_status":"closed","template":"","meta":[],"product_brand":[38],"product_cat":[31],"product_tag":[],"class_list":{"0":"post-10101","1":"product","2":"type-product","3":"status-publish","4":"has-post-thumbnail","6":"product_brand-dormakaba","7":"product_cat-kapi-hidrolikleri","9":"first","10":"instock","11":"shipping-taxable","12":"product-type-simple"},"jetpack_sharing_enabled":true,"_links":{"self":[{"href":"http:\/\/www.assosmetal.com.tr\/public_html\/wp-json\/wp\/v2\/product\/10101","targetHints":{"allow":["GET"]}}],"collection":[{"href":"http:\/\/www.assosmetal.com.tr\/public_html\/wp-json\/wp\/v2\/product"}],"about":[{"href":"http:\/\/www.assosmetal.com.tr\/public_html\/wp-json\/wp\/v2\/types\/product"}],"replies":[{"embeddable":true,"href":"http:\/\/www.assosmetal.com.tr\/public_html\/wp-json\/wp\/v2\/comments?post=10101"}],"version-history":[{"count":1,"href":"http:\/\/www.assosmetal.com.tr\/public_html\/wp-json\/wp\/v2\/product\/10101\/revisions"}],"predecessor-version":[{"id":10102,"href":"http:\/\/www.assosmetal.com.tr\/public_html\/wp-json\/wp\/v2\/product\/10101\/revisions\/10102"}],"wp:featuredmedia":[{"embeddable":true,"href":"http:\/\/www.assosmetal.com.tr\/public_html\/wp-json\/wp\/v2\/media\/10024"}],"wp:attachment":[{"href":"http:\/\/www.assosmetal.com.tr\/public_html\/wp-json\/wp\/v2\/media?parent=10101"}],"wp:term":[{"taxonomy":"product_brand","embeddable":true,"href":"http:\/\/www.assosmetal.com.tr\/public_html\/wp-json\/wp\/v2\/product_brand?post=10101"},{"taxonomy":"product_cat","embeddable":true,"href":"http:\/\/www.assosmetal.com.tr\/public_html\/wp-json\/wp\/v2\/product_cat?post=10101"},{"taxonomy":"product_tag","embeddable":true,"href":"http:\/\/www.assosmetal.com.tr\/public_html\/wp-json\/wp\/v2\/product_tag?post=10101"}],"curies":[{"name":"wp","href":"https:\/\/api.w.org\/{rel}","templated":true}]}}