{"id":10115,"date":"2025-02-14T12:40:30","date_gmt":"2025-02-14T12:40:30","guid":{"rendered":"http:\/\/www.assosmetal.com.tr\/public_html\/?post_type=product&#038;p=10115"},"modified":"2025-02-14T12:40:30","modified_gmt":"2025-02-14T12:40:30","slug":"assa-abloy-dc-300-kayar-kollu-hidrolik-kapi-kapatici","status":"publish","type":"product","link":"http:\/\/www.assosmetal.com.tr\/public_html\/urun\/assa-abloy-dc-300-kayar-kollu-hidrolik-kapi-kapatici\/","title":{"rendered":"Assa Abloy DC 300 Kayar Kollu Hidrolik Kap\u0131 Kapat\u0131c\u0131"},"content":{"rendered":"<p><strong>Di\u015fli \u00c7ark sistem teknolojisine sahip kayar hidrolik kap\u0131 kapat\u0131c\u0131,<\/strong><br \/>\n<strong>EN 1154 &#8216; e g\u00f6re sertifikaland\u0131r\u0131lm\u0131\u015f EN\u00a0 2-4\u00a0 kapanma g\u00fcc\u00fc,<\/strong><br \/>\n<strong>Kanat geni\u015fli\u011fi max. 1100 mm<\/strong><\/p>\n<ul>\n<li>Yang\u0131n ve CE sertifikal\u0131,<\/li>\n<li>Sa\u011f ve Sol y\u00f6nl\u00fc kap\u0131larda uygun kullan\u0131m<\/li>\n<li>180\u00b0ye kadar a\u00e7\u0131lma a\u00e7\u0131s\u0131<\/li>\n<li>Ayarlanabilir kapanma h\u0131z\u0131, son \u00e7arpma tokatlama h\u0131z\u0131,frenleme (Backcheck) \u00f6zellikli<\/li>\n<\/ul>\n","protected":false},"excerpt":{"rendered":"<p>Di\u015fli \u00c7ark sistem teknolojisine sahip kayar hidrolik kap\u0131 kapat\u0131c\u0131, EN 1154 &#8216; e g\u00f6re sertifikaland\u0131r\u0131lm\u0131\u015f EN\u00a0 2-4\u00a0 kapanma g\u00fcc\u00fc, Kanat geni\u015fli\u011fi max. 1100 mm Yang\u0131n ve CE sertifikal\u0131, Sa\u011f ve Sol y\u00f6nl\u00fc kap\u0131larda uygun kullan\u0131m 180\u00b0ye kadar a\u00e7\u0131lma a\u00e7\u0131s\u0131 Ayarlanabilir kapanma h\u0131z\u0131, son \u00e7arpma tokatlama h\u0131z\u0131,frenleme (Backcheck) \u00f6zellikli<\/p>\n","protected":false},"featured_media":10015,"comment_status":"open","ping_status":"closed","template":"","meta":[],"product_brand":[38],"product_cat":[31],"product_tag":[],"class_list":{"0":"post-10115","1":"product","2":"type-product","3":"status-publish","4":"has-post-thumbnail","6":"product_brand-dormakaba","7":"product_cat-kapi-hidrolikleri","9":"first","10":"instock","11":"shipping-taxable","12":"product-type-simple"},"jetpack_sharing_enabled":true,"_links":{"self":[{"href":"http:\/\/www.assosmetal.com.tr\/public_html\/wp-json\/wp\/v2\/product\/10115","targetHints":{"allow":["GET"]}}],"collection":[{"href":"http:\/\/www.assosmetal.com.tr\/public_html\/wp-json\/wp\/v2\/product"}],"about":[{"href":"http:\/\/www.assosmetal.com.tr\/public_html\/wp-json\/wp\/v2\/types\/product"}],"replies":[{"embeddable":true,"href":"http:\/\/www.assosmetal.com.tr\/public_html\/wp-json\/wp\/v2\/comments?post=10115"}],"version-history":[{"count":1,"href":"http:\/\/www.assosmetal.com.tr\/public_html\/wp-json\/wp\/v2\/product\/10115\/revisions"}],"predecessor-version":[{"id":10116,"href":"http:\/\/www.assosmetal.com.tr\/public_html\/wp-json\/wp\/v2\/product\/10115\/revisions\/10116"}],"wp:featuredmedia":[{"embeddable":true,"href":"http:\/\/www.assosmetal.com.tr\/public_html\/wp-json\/wp\/v2\/media\/10015"}],"wp:attachment":[{"href":"http:\/\/www.assosmetal.com.tr\/public_html\/wp-json\/wp\/v2\/media?parent=10115"}],"wp:term":[{"taxonomy":"product_brand","embeddable":true,"href":"http:\/\/www.assosmetal.com.tr\/public_html\/wp-json\/wp\/v2\/product_brand?post=10115"},{"taxonomy":"product_cat","embeddable":true,"href":"http:\/\/www.assosmetal.com.tr\/public_html\/wp-json\/wp\/v2\/product_cat?post=10115"},{"taxonomy":"product_tag","embeddable":true,"href":"http:\/\/www.assosmetal.com.tr\/public_html\/wp-json\/wp\/v2\/product_tag?post=10115"}],"curies":[{"name":"wp","href":"https:\/\/api.w.org\/{rel}","templated":true}]}}