{"id":10122,"date":"2025-02-14T12:54:14","date_gmt":"2025-02-14T12:54:14","guid":{"rendered":"http:\/\/www.assosmetal.com.tr\/public_html\/?post_type=product&#038;p=10122"},"modified":"2025-02-19T16:48:15","modified_gmt":"2025-02-19T16:48:15","slug":"dormakaba-ts-98-xea-kayar-kollu-kapi-kapatici","status":"publish","type":"product","link":"http:\/\/www.assosmetal.com.tr\/public_html\/urun\/dormakaba-ts-98-xea-kayar-kollu-kapi-kapatici\/","title":{"rendered":"Dormakaba TS 98 XEA Kayar Kollu Kap\u0131 Kapat\u0131c\u0131"},"content":{"rendered":"<p><strong>Ki\u015fiselle\u015ftirilmi\u015f ya\u015fam alanlar\u0131na veya modern \u00e7al\u0131\u015fma ortamlar\u0131na monte edilmi\u015f olsun , TS 98 XEA kalite, konfor ve tasar\u0131mda y\u00fcksek standartlar\u0131 kar\u015f\u0131lar.<\/strong><\/p>\n<p><strong>Bunu yaparken taviz vermez: mimarlar, tasar\u0131m planlamac\u0131lar\u0131, m\u00fcteahhitler ve in\u015faat\u00e7\u0131lar, neredeyse t\u00fcm proje gereksinimlerini kar\u015f\u0131layabilen en k\u00fc\u00e7\u00fck ayr\u0131nt\u0131ya kadar m\u00fckemmelle\u015ftirilmi\u015f bir sistemin say\u0131s\u0131z avantaj\u0131ndan yararlan\u0131rlar.<\/strong><\/p>\n<ul>\n<li>1400 mm&#8217;ye kadar kap\u0131 geni\u015flikleri i\u00e7in geni\u015f kapama kuvveti aral\u0131\u011f\u0131<\/li>\n<li>Eklenen SoftFlow kapatma aral\u0131\u011f\u0131 sayesinde f\u0131s\u0131lt\u0131 kadar sessiz kap\u0131 kapatma<\/li>\n<li>Basitle\u015ftirilmi\u015f ihtiya\u00e7 planlamas\u0131 ve stok tutma<\/li>\n<li>D\u00f6rt kurulum tipi i\u00e7in bir kap\u0131 kapat\u0131c\u0131<\/li>\n<li>D\u00f6rt kurulum t\u00fcr\u00fcn\u00fcn tamam\u0131nda geriye do\u011fru kontrol ve gecikmeli kapanma<\/li>\n<li>180 \u00b0 a\u00e7\u0131yla kendili\u011finden kapanma (standart kurulum)<\/li>\n<li>Zaman testinden ge\u00e7mi\u015f EASY OPEN teknolojisi, Alman End\u00fcstriyel Standartlar\u0131 (DIN) SPEC 1104 ve (DIN) 18040&#8217;a g\u00f6re engelsiz eri\u015fim sa\u011flar<\/li>\n<li>Zarif XEA tasar\u0131m\u0131nda<\/li>\n<li>Ak\u00fc tornavidas\u0131 ile \u00f6nde kapama kuvveti ayarlamas\u0131 m\u00fcmk\u00fcnd\u00fcr<\/li>\n<li>G\u00f6rsel kapanma kuvveti g\u00f6stergesi ile<\/li>\n<li>300 kg&#8217;a kadar kap\u0131lar\u0131 kapat\u0131r (kayar kanala entegre edilmi\u015f elektromekanik a\u00e7\u0131k tutma \u00fcniteleri ile birlikte de\u011fil)<\/li>\n<li>Kapatma kuvveti EN 1\u20136 ve \u201340 \u00b0 C&#8217;ye kadar otomatik kapanma<\/li>\n<\/ul>\n","protected":false},"excerpt":{"rendered":"<p>Ki\u015fiselle\u015ftirilmi\u015f ya\u015fam alanlar\u0131na veya modern \u00e7al\u0131\u015fma ortamlar\u0131na monte edilmi\u015f olsun , TS 98 XEA kalite, konfor ve tasar\u0131mda y\u00fcksek standartlar\u0131 kar\u015f\u0131lar. Bunu yaparken taviz vermez: mimarlar, tasar\u0131m planlamac\u0131lar\u0131, m\u00fcteahhitler ve in\u015faat\u00e7\u0131lar, neredeyse t\u00fcm proje gereksinimlerini kar\u015f\u0131layabilen en k\u00fc\u00e7\u00fck ayr\u0131nt\u0131ya kadar m\u00fckemmelle\u015ftirilmi\u015f bir sistemin say\u0131s\u0131z avantaj\u0131ndan yararlan\u0131rlar. 1400 mm&#8217;ye kadar kap\u0131 geni\u015flikleri i\u00e7in geni\u015f kapama kuvveti [&hellip;]<\/p>\n","protected":false},"featured_media":10030,"comment_status":"open","ping_status":"closed","template":"","meta":[],"product_brand":[38],"product_cat":[31],"product_tag":[],"class_list":{"0":"post-10122","1":"product","2":"type-product","3":"status-publish","4":"has-post-thumbnail","6":"product_brand-dormakaba","7":"product_cat-kapi-hidrolikleri","9":"first","10":"instock","11":"featured","12":"shipping-taxable","13":"product-type-simple"},"jetpack_sharing_enabled":true,"_links":{"self":[{"href":"http:\/\/www.assosmetal.com.tr\/public_html\/wp-json\/wp\/v2\/product\/10122","targetHints":{"allow":["GET"]}}],"collection":[{"href":"http:\/\/www.assosmetal.com.tr\/public_html\/wp-json\/wp\/v2\/product"}],"about":[{"href":"http:\/\/www.assosmetal.com.tr\/public_html\/wp-json\/wp\/v2\/types\/product"}],"replies":[{"embeddable":true,"href":"http:\/\/www.assosmetal.com.tr\/public_html\/wp-json\/wp\/v2\/comments?post=10122"}],"version-history":[{"count":1,"href":"http:\/\/www.assosmetal.com.tr\/public_html\/wp-json\/wp\/v2\/product\/10122\/revisions"}],"predecessor-version":[{"id":10124,"href":"http:\/\/www.assosmetal.com.tr\/public_html\/wp-json\/wp\/v2\/product\/10122\/revisions\/10124"}],"wp:featuredmedia":[{"embeddable":true,"href":"http:\/\/www.assosmetal.com.tr\/public_html\/wp-json\/wp\/v2\/media\/10030"}],"wp:attachment":[{"href":"http:\/\/www.assosmetal.com.tr\/public_html\/wp-json\/wp\/v2\/media?parent=10122"}],"wp:term":[{"taxonomy":"product_brand","embeddable":true,"href":"http:\/\/www.assosmetal.com.tr\/public_html\/wp-json\/wp\/v2\/product_brand?post=10122"},{"taxonomy":"product_cat","embeddable":true,"href":"http:\/\/www.assosmetal.com.tr\/public_html\/wp-json\/wp\/v2\/product_cat?post=10122"},{"taxonomy":"product_tag","embeddable":true,"href":"http:\/\/www.assosmetal.com.tr\/public_html\/wp-json\/wp\/v2\/product_tag?post=10122"}],"curies":[{"name":"wp","href":"https:\/\/api.w.org\/{rel}","templated":true}]}}