{"id":10371,"date":"2025-02-18T18:51:47","date_gmt":"2025-02-18T18:51:47","guid":{"rendered":"http:\/\/www.assosmetal.com.tr\/public_html\/?post_type=product&#038;p=10371"},"modified":"2025-02-18T18:55:58","modified_gmt":"2025-02-18T18:55:58","slug":"piramit-ahsap-cekme-kol-sari","status":"publish","type":"product","link":"http:\/\/www.assosmetal.com.tr\/public_html\/urun\/piramit-ahsap-cekme-kol-sari\/","title":{"rendered":"Piramit Ah\u015fap \u00c7ekme Kol Sar\u0131"},"content":{"rendered":"<h1 class=\"product_title entry-title\">Piramit Ah\u015fap \u00c7ekme Kol Sar\u0131<\/h1>\n","protected":false},"excerpt":{"rendered":"<p>Piramit Ah\u015fap \u00c7ekme Kol Sar\u0131<\/p>\n","protected":false},"featured_media":10357,"comment_status":"open","ping_status":"closed","template":"","meta":[],"product_brand":[47],"product_cat":[82],"product_tag":[],"class_list":{"0":"post-10371","1":"product","2":"type-product","3":"status-publish","4":"has-post-thumbnail","6":"product_brand-assos","7":"product_cat-kapi-cekme-kollari","9":"first","10":"instock","11":"shipping-taxable","12":"product-type-simple"},"jetpack_sharing_enabled":true,"_links":{"self":[{"href":"http:\/\/www.assosmetal.com.tr\/public_html\/wp-json\/wp\/v2\/product\/10371","targetHints":{"allow":["GET"]}}],"collection":[{"href":"http:\/\/www.assosmetal.com.tr\/public_html\/wp-json\/wp\/v2\/product"}],"about":[{"href":"http:\/\/www.assosmetal.com.tr\/public_html\/wp-json\/wp\/v2\/types\/product"}],"replies":[{"embeddable":true,"href":"http:\/\/www.assosmetal.com.tr\/public_html\/wp-json\/wp\/v2\/comments?post=10371"}],"version-history":[{"count":2,"href":"http:\/\/www.assosmetal.com.tr\/public_html\/wp-json\/wp\/v2\/product\/10371\/revisions"}],"predecessor-version":[{"id":10374,"href":"http:\/\/www.assosmetal.com.tr\/public_html\/wp-json\/wp\/v2\/product\/10371\/revisions\/10374"}],"wp:featuredmedia":[{"embeddable":true,"href":"http:\/\/www.assosmetal.com.tr\/public_html\/wp-json\/wp\/v2\/media\/10357"}],"wp:attachment":[{"href":"http:\/\/www.assosmetal.com.tr\/public_html\/wp-json\/wp\/v2\/media?parent=10371"}],"wp:term":[{"taxonomy":"product_brand","embeddable":true,"href":"http:\/\/www.assosmetal.com.tr\/public_html\/wp-json\/wp\/v2\/product_brand?post=10371"},{"taxonomy":"product_cat","embeddable":true,"href":"http:\/\/www.assosmetal.com.tr\/public_html\/wp-json\/wp\/v2\/product_cat?post=10371"},{"taxonomy":"product_tag","embeddable":true,"href":"http:\/\/www.assosmetal.com.tr\/public_html\/wp-json\/wp\/v2\/product_tag?post=10371"}],"curies":[{"name":"wp","href":"https:\/\/api.w.org\/{rel}","templated":true}]}}