{"id":10632,"date":"2025-05-09T11:48:47","date_gmt":"2025-05-09T11:48:47","guid":{"rendered":"https:\/\/www.assosmetal.com.tr\/public_html\/?post_type=product&#038;p=10632"},"modified":"2025-05-09T12:30:40","modified_gmt":"2025-05-09T12:30:40","slug":"doras-20-w-serisi-kasa","status":"publish","type":"product","link":"http:\/\/www.assosmetal.com.tr\/public_html\/urun\/doras-20-w-serisi-kasa\/","title":{"rendered":"Doras 20-W Serisi Kasa"},"content":{"rendered":"<p><strong>Standart \u00d6zellikler:<\/strong><\/p>\n<p>3-8 Haneli Sabit \u015eifre \u00d6zelli\u011fi<span class=\"Apple-converted-space\">\u00a0<\/span><\/p>\n<p>3-8 Haneli Ana \u015eifre \u00d6zelli\u011fi<span class=\"Apple-converted-space\">\u00a0<\/span><\/p>\n<p>Pil Ar\u0131zas\u0131 Durumunda Mekanik Anahtar veya Enerji G\u00fc\u00e7lendirici ile A\u00e7\u0131lma<span class=\"Apple-converted-space\">\u00a0<\/span><\/p>\n<p>Mavi Led I\u015f\u0131k \u0130\u00e7 Ayd\u0131nlatma<span class=\"Apple-converted-space\">\u00a0<\/span><\/p>\n<p>Duvara veya Zemine Montaj Se\u00e7ene\u011fi<span class=\"Apple-converted-space\">\u00a0<\/span><\/p>\n<p>Solenoid Kilit Sistemi Darbelere kar\u015f\u0131 geli\u015ftirilmi\u015f elektrostatik boya<span class=\"Apple-converted-space\">\u00a0<\/span><\/p>\n<p>1.5mm G\u00f6vde 4mm Kapak kal\u0131nl\u0131\u011f\u0131<span class=\"Apple-converted-space\">\u00a0<\/span><\/p>\n<p><strong>Kutu \u0130\u00e7eri\u011fi: <span class=\"Apple-converted-space\">\u00a0<\/span><\/strong><\/p>\n<p>2X Anahtar<\/p>\n<p>4X Montaj Vidas\u0131<\/p>\n<p>4X AA 1.5V Pil 1X<\/p>\n<p>Kullan\u0131m K\u0131lavuzu<\/p>\n<p>1X Zemin Koruyucu Kapak<span class=\"Apple-converted-space\">\u00a0 <\/span><\/p>\n<p><strong>Kasa Boyutu:<span class=\"Apple-converted-space\">\u00a0 <\/span><\/strong><\/p>\n<p>200x430x370mm<\/p>\n<p><strong>Paket D\u0131\u015f Boyutlar\u0131:<span class=\"Apple-converted-space\">\u00a0 <\/span><\/strong><\/p>\n<p>220x450x410mm<span class=\"Apple-converted-space\">\u00a0 <\/span><\/p>\n<p><strong>A\u011f\u0131rl\u0131k:<span class=\"Apple-converted-space\">\u00a0 <\/span><\/strong><\/p>\n<p>10,5 KG<span class=\"Apple-converted-space\">\u00a0<\/span><\/p>\n","protected":false},"excerpt":{"rendered":"<p>Standart \u00d6zellikler: 3-8 Haneli Sabit \u015eifre \u00d6zelli\u011fi\u00a0 3-8 Haneli Ana \u015eifre \u00d6zelli\u011fi\u00a0 Pil Ar\u0131zas\u0131 Durumunda Mekanik Anahtar veya Enerji G\u00fc\u00e7lendirici ile A\u00e7\u0131lma\u00a0 Mavi Led I\u015f\u0131k \u0130\u00e7 Ayd\u0131nlatma\u00a0 Duvara veya Zemine Montaj Se\u00e7ene\u011fi\u00a0 Solenoid Kilit Sistemi Darbelere kar\u015f\u0131 geli\u015ftirilmi\u015f elektrostatik boya\u00a0 1.5mm G\u00f6vde 4mm Kapak kal\u0131nl\u0131\u011f\u0131\u00a0 Kutu \u0130\u00e7eri\u011fi: \u00a0 2X Anahtar 4X Montaj Vidas\u0131 4X AA [&hellip;]<\/p>\n","protected":false},"featured_media":10633,"comment_status":"open","ping_status":"closed","template":"","meta":[],"product_brand":[85],"product_cat":[86],"product_tag":[],"class_list":{"0":"post-10632","1":"product","2":"type-product","3":"status-publish","4":"has-post-thumbnail","6":"product_brand-doras","7":"product_cat-doras-para-kasalari","9":"first","10":"instock","11":"shipping-taxable","12":"product-type-simple"},"jetpack_sharing_enabled":true,"_links":{"self":[{"href":"http:\/\/www.assosmetal.com.tr\/public_html\/wp-json\/wp\/v2\/product\/10632","targetHints":{"allow":["GET"]}}],"collection":[{"href":"http:\/\/www.assosmetal.com.tr\/public_html\/wp-json\/wp\/v2\/product"}],"about":[{"href":"http:\/\/www.assosmetal.com.tr\/public_html\/wp-json\/wp\/v2\/types\/product"}],"replies":[{"embeddable":true,"href":"http:\/\/www.assosmetal.com.tr\/public_html\/wp-json\/wp\/v2\/comments?post=10632"}],"version-history":[{"count":3,"href":"http:\/\/www.assosmetal.com.tr\/public_html\/wp-json\/wp\/v2\/product\/10632\/revisions"}],"predecessor-version":[{"id":10674,"href":"http:\/\/www.assosmetal.com.tr\/public_html\/wp-json\/wp\/v2\/product\/10632\/revisions\/10674"}],"wp:featuredmedia":[{"embeddable":true,"href":"http:\/\/www.assosmetal.com.tr\/public_html\/wp-json\/wp\/v2\/media\/10633"}],"wp:attachment":[{"href":"http:\/\/www.assosmetal.com.tr\/public_html\/wp-json\/wp\/v2\/media?parent=10632"}],"wp:term":[{"taxonomy":"product_brand","embeddable":true,"href":"http:\/\/www.assosmetal.com.tr\/public_html\/wp-json\/wp\/v2\/product_brand?post=10632"},{"taxonomy":"product_cat","embeddable":true,"href":"http:\/\/www.assosmetal.com.tr\/public_html\/wp-json\/wp\/v2\/product_cat?post=10632"},{"taxonomy":"product_tag","embeddable":true,"href":"http:\/\/www.assosmetal.com.tr\/public_html\/wp-json\/wp\/v2\/product_tag?post=10632"}],"curies":[{"name":"wp","href":"https:\/\/api.w.org\/{rel}","templated":true}]}}