{"id":8572,"date":"2025-02-09T19:30:48","date_gmt":"2025-02-09T19:30:48","guid":{"rendered":"http:\/\/www.assosmetal.com.tr\/public_html\/?post_type=product&#038;p=8572"},"modified":"2025-02-11T21:55:27","modified_gmt":"2025-02-11T21:55:27","slug":"55mm-yarim-barel","status":"publish","type":"product","link":"http:\/\/www.assosmetal.com.tr\/public_html\/urun\/55mm-yarim-barel\/","title":{"rendered":"55mm Yar\u0131m Barel"},"content":{"rendered":"<ul>\n<li><strong>Malzeme: Pirin\u00e7<\/strong><\/li>\n<li><strong>Renk: Nikel<\/strong><\/li>\n<li><strong>\u00d6l\u00e7\u00fc: 45&#215;10 mm<\/strong><\/li>\n<\/ul>\n","protected":false},"excerpt":{"rendered":"<p>Malzeme: Pirin\u00e7 Renk: Nikel \u00d6l\u00e7\u00fc: 45&#215;10 mm<\/p>\n","protected":false},"featured_media":8836,"comment_status":"open","ping_status":"closed","template":"","meta":[],"product_brand":[43],"product_cat":[36,29],"product_tag":[],"class_list":{"0":"post-8572","1":"product","2":"type-product","3":"status-publish","4":"has-post-thumbnail","6":"product_brand-kefflock","7":"product_cat-bareller","8":"product_cat-yangin-kapisi-donanimlari","10":"first","11":"instock","12":"shipping-taxable","13":"product-type-simple"},"jetpack_sharing_enabled":true,"_links":{"self":[{"href":"http:\/\/www.assosmetal.com.tr\/public_html\/wp-json\/wp\/v2\/product\/8572","targetHints":{"allow":["GET"]}}],"collection":[{"href":"http:\/\/www.assosmetal.com.tr\/public_html\/wp-json\/wp\/v2\/product"}],"about":[{"href":"http:\/\/www.assosmetal.com.tr\/public_html\/wp-json\/wp\/v2\/types\/product"}],"replies":[{"embeddable":true,"href":"http:\/\/www.assosmetal.com.tr\/public_html\/wp-json\/wp\/v2\/comments?post=8572"}],"version-history":[{"count":0,"href":"http:\/\/www.assosmetal.com.tr\/public_html\/wp-json\/wp\/v2\/product\/8572\/revisions"}],"wp:featuredmedia":[{"embeddable":true,"href":"http:\/\/www.assosmetal.com.tr\/public_html\/wp-json\/wp\/v2\/media\/8836"}],"wp:attachment":[{"href":"http:\/\/www.assosmetal.com.tr\/public_html\/wp-json\/wp\/v2\/media?parent=8572"}],"wp:term":[{"taxonomy":"product_brand","embeddable":true,"href":"http:\/\/www.assosmetal.com.tr\/public_html\/wp-json\/wp\/v2\/product_brand?post=8572"},{"taxonomy":"product_cat","embeddable":true,"href":"http:\/\/www.assosmetal.com.tr\/public_html\/wp-json\/wp\/v2\/product_cat?post=8572"},{"taxonomy":"product_tag","embeddable":true,"href":"http:\/\/www.assosmetal.com.tr\/public_html\/wp-json\/wp\/v2\/product_tag?post=8572"}],"curies":[{"name":"wp","href":"https:\/\/api.w.org\/{rel}","templated":true}]}}