{"id":8576,"date":"2025-02-09T19:38:07","date_gmt":"2025-02-09T19:38:07","guid":{"rendered":"http:\/\/www.assosmetal.com.tr\/public_html\/?post_type=product&#038;p=8576"},"modified":"2025-02-11T22:16:30","modified_gmt":"2025-02-11T22:16:30","slug":"yangina-dayanikli-intumesan-sisen-fitil","status":"publish","type":"product","link":"http:\/\/www.assosmetal.com.tr\/public_html\/urun\/yangina-dayanikli-intumesan-sisen-fitil\/","title":{"rendered":"Yang\u0131na Dayan\u0131kl\u0131 int\u00fcmesan \u015ei\u015fen Fitil"},"content":{"rendered":"<p><strong>25 metre yang\u0131na dayan\u0131kl\u0131 int\u00fcmesan \u015fi\u015fen fitil<\/strong><\/p>\n<p><strong>120 dk. 1200 dereceye kadar dayan\u0131kl\u0131 duman s\u0131zd\u0131rmaz yang\u0131n fitili<\/strong><\/p>\n<p><strong>S\u0131cak duman fitili yang\u0131na maruz kal\u0131nd\u0131\u011f\u0131 zaman s\u0131cakl\u0131\u011f\u0131n \u015fiddetine ba\u011fl\u0131 olarak kasa ve kanattaki bo\u015fluklar hemen \u015fi\u015ferek duman\u0131 ve alevin ge\u00e7i\u015fini engellemektedir.<\/strong><\/p>\n<p><strong>\u0130nst\u00fcmesan fitiller, yang\u0131n esnas\u0131nda olu\u015fan y\u00fcksek s\u0131cakl\u0131kta ortalama 20 kat \u015fi\u015ferek yang\u0131n kap\u0131lar\u0131nda duman ve alevin s\u0131zd\u0131rmamas\u0131 i\u00e7in yal\u0131t\u0131m sa\u011flamaktad\u0131r.<\/strong><\/p>\n<ul>\n<li><strong>\u0130nt\u00fcmesan \u00f6zellik i\u00e7eren \u00fcr\u00fcnlerin geli\u015ftirilmesindeki ama\u00e7 yang\u0131n\u0131 ba\u015flamadan durdurmak veya geciktirmektir.<\/strong><\/li>\n<li><strong>Aktif yang\u0131n s\u00f6nd\u00fcrme sistemlerinden \u00f6nce devreye girer.<\/strong><\/li>\n<li><strong>Geni\u015fleyen bu tabaka alevi s\u00fczer ve alev \u0131s\u0131 transferini durdurur.<\/strong><\/li>\n<li><strong>Is\u0131, hava ve gazlardan olu\u015fan yang\u0131n \u00fc\u00e7geninin olu\u015fmas\u0131n\u0131 ve kullan\u0131lan malzeme \u00e7e\u015fidine g\u00f6re yan\u0131c\u0131 gaz salma a\u015famas\u0131na gelmesini engeller.<\/strong><\/li>\n<li><strong>Yang\u0131n fitillerinde hi\u00e7bir \u015fekilde insan hayat\u0131n\u0131 tehdit edebilecek zehirli herhangi bir madde i\u00e7ermemektedir.<\/strong><\/li>\n<\/ul>\n","protected":false},"excerpt":{"rendered":"<p>25 metre yang\u0131na dayan\u0131kl\u0131 int\u00fcmesan \u015fi\u015fen fitil 120 dk. 1200 dereceye kadar dayan\u0131kl\u0131 duman s\u0131zd\u0131rmaz yang\u0131n fitili S\u0131cak duman fitili yang\u0131na maruz kal\u0131nd\u0131\u011f\u0131 zaman s\u0131cakl\u0131\u011f\u0131n \u015fiddetine ba\u011fl\u0131 olarak kasa ve kanattaki bo\u015fluklar hemen \u015fi\u015ferek duman\u0131 ve alevin ge\u00e7i\u015fini engellemektedir. \u0130nst\u00fcmesan fitiller, yang\u0131n esnas\u0131nda olu\u015fan y\u00fcksek s\u0131cakl\u0131kta ortalama 20 kat \u015fi\u015ferek yang\u0131n kap\u0131lar\u0131nda duman ve alevin [&hellip;]<\/p>\n","protected":false},"featured_media":9016,"comment_status":"open","ping_status":"closed","template":"","meta":[],"product_brand":[47],"product_cat":[29],"product_tag":[],"class_list":{"0":"post-8576","1":"product","2":"type-product","3":"status-publish","4":"has-post-thumbnail","6":"product_brand-assos","7":"product_cat-yangin-kapisi-donanimlari","9":"first","10":"instock","11":"shipping-taxable","12":"product-type-simple"},"jetpack_sharing_enabled":true,"_links":{"self":[{"href":"http:\/\/www.assosmetal.com.tr\/public_html\/wp-json\/wp\/v2\/product\/8576","targetHints":{"allow":["GET"]}}],"collection":[{"href":"http:\/\/www.assosmetal.com.tr\/public_html\/wp-json\/wp\/v2\/product"}],"about":[{"href":"http:\/\/www.assosmetal.com.tr\/public_html\/wp-json\/wp\/v2\/types\/product"}],"replies":[{"embeddable":true,"href":"http:\/\/www.assosmetal.com.tr\/public_html\/wp-json\/wp\/v2\/comments?post=8576"}],"version-history":[{"count":1,"href":"http:\/\/www.assosmetal.com.tr\/public_html\/wp-json\/wp\/v2\/product\/8576\/revisions"}],"predecessor-version":[{"id":9258,"href":"http:\/\/www.assosmetal.com.tr\/public_html\/wp-json\/wp\/v2\/product\/8576\/revisions\/9258"}],"wp:featuredmedia":[{"embeddable":true,"href":"http:\/\/www.assosmetal.com.tr\/public_html\/wp-json\/wp\/v2\/media\/9016"}],"wp:attachment":[{"href":"http:\/\/www.assosmetal.com.tr\/public_html\/wp-json\/wp\/v2\/media?parent=8576"}],"wp:term":[{"taxonomy":"product_brand","embeddable":true,"href":"http:\/\/www.assosmetal.com.tr\/public_html\/wp-json\/wp\/v2\/product_brand?post=8576"},{"taxonomy":"product_cat","embeddable":true,"href":"http:\/\/www.assosmetal.com.tr\/public_html\/wp-json\/wp\/v2\/product_cat?post=8576"},{"taxonomy":"product_tag","embeddable":true,"href":"http:\/\/www.assosmetal.com.tr\/public_html\/wp-json\/wp\/v2\/product_tag?post=8576"}],"curies":[{"name":"wp","href":"https:\/\/api.w.org\/{rel}","templated":true}]}}