{"id":8580,"date":"2025-02-09T19:46:04","date_gmt":"2025-02-09T19:46:04","guid":{"rendered":"http:\/\/www.assosmetal.com.tr\/public_html\/?post_type=product&#038;p=8580"},"modified":"2025-02-11T22:20:10","modified_gmt":"2025-02-11T22:20:10","slug":"assa-abloy-1951-d-paslanmaz-panik-bar-dis-kol-tek-taraf","status":"publish","type":"product","link":"http:\/\/www.assosmetal.com.tr\/public_html\/urun\/assa-abloy-1951-d-paslanmaz-panik-bar-dis-kol-tek-taraf\/","title":{"rendered":"Assa Abloy 1951 D Paslanmaz Panik Bar D\u0131\u015f Kol Tek Taraf"},"content":{"rendered":"<p><strong>Assa Abloy 1951<\/strong><br \/>\n<strong>45 mm geni\u015fli\u011finde, 72 mm kol barel ekseni ( opsiyonel 92 mm ), 216 mm ayna uzunlu\u011funda, \u00d823 mm kol boru \u00e7ap\u0131, 139 mm kol uzunlu\u011fu \u00a0<\/strong><br \/>\n<strong>Europrofile silindir ile \u00e7al\u0131\u015f\u0131r. \u00a0<\/strong><br \/>\n<strong>CE sertifikal\u0131<\/strong><br \/>\n<strong>90 dakika yang\u0131n dayan\u0131m\u0131 \u00a0<\/strong><br \/>\n<strong>Kolun sarkmas\u0131n\u0131 \u00f6nleyen yay d\u00fczene\u011fi<\/strong><\/p>\n<ul>\n<li>G\u00f6vde : Paslanmaz \u00e7elik mat<\/li>\n<li>Aks Mesafesi : 72 mm<\/li>\n<li>Al\u0131n Geni\u015fli\u011fi : 45 mm<\/li>\n<li>Kol Boru \u00c7ap\u0131 : 23 mm<\/li>\n<\/ul>\n","protected":false},"excerpt":{"rendered":"<p>Assa Abloy 1951 45 mm geni\u015fli\u011finde, 72 mm kol barel ekseni ( opsiyonel 92 mm ), 216 mm ayna uzunlu\u011funda, \u00d823 mm kol boru \u00e7ap\u0131, 139 mm kol uzunlu\u011fu \u00a0 Europrofile silindir ile \u00e7al\u0131\u015f\u0131r. \u00a0 CE sertifikal\u0131 90 dakika yang\u0131n dayan\u0131m\u0131 \u00a0 Kolun sarkmas\u0131n\u0131 \u00f6nleyen yay d\u00fczene\u011fi G\u00f6vde : Paslanmaz \u00e7elik mat Aks Mesafesi : [&hellip;]<\/p>\n","protected":false},"featured_media":8839,"comment_status":"open","ping_status":"closed","template":"","meta":[],"product_brand":[49],"product_cat":[29],"product_tag":[],"class_list":{"0":"post-8580","1":"product","2":"type-product","3":"status-publish","4":"has-post-thumbnail","6":"product_brand-assa-abloy","7":"product_cat-yangin-kapisi-donanimlari","9":"first","10":"instock","11":"shipping-taxable","12":"product-type-simple"},"jetpack_sharing_enabled":true,"_links":{"self":[{"href":"http:\/\/www.assosmetal.com.tr\/public_html\/wp-json\/wp\/v2\/product\/8580","targetHints":{"allow":["GET"]}}],"collection":[{"href":"http:\/\/www.assosmetal.com.tr\/public_html\/wp-json\/wp\/v2\/product"}],"about":[{"href":"http:\/\/www.assosmetal.com.tr\/public_html\/wp-json\/wp\/v2\/types\/product"}],"replies":[{"embeddable":true,"href":"http:\/\/www.assosmetal.com.tr\/public_html\/wp-json\/wp\/v2\/comments?post=8580"}],"version-history":[{"count":1,"href":"http:\/\/www.assosmetal.com.tr\/public_html\/wp-json\/wp\/v2\/product\/8580\/revisions"}],"predecessor-version":[{"id":9261,"href":"http:\/\/www.assosmetal.com.tr\/public_html\/wp-json\/wp\/v2\/product\/8580\/revisions\/9261"}],"wp:featuredmedia":[{"embeddable":true,"href":"http:\/\/www.assosmetal.com.tr\/public_html\/wp-json\/wp\/v2\/media\/8839"}],"wp:attachment":[{"href":"http:\/\/www.assosmetal.com.tr\/public_html\/wp-json\/wp\/v2\/media?parent=8580"}],"wp:term":[{"taxonomy":"product_brand","embeddable":true,"href":"http:\/\/www.assosmetal.com.tr\/public_html\/wp-json\/wp\/v2\/product_brand?post=8580"},{"taxonomy":"product_cat","embeddable":true,"href":"http:\/\/www.assosmetal.com.tr\/public_html\/wp-json\/wp\/v2\/product_cat?post=8580"},{"taxonomy":"product_tag","embeddable":true,"href":"http:\/\/www.assosmetal.com.tr\/public_html\/wp-json\/wp\/v2\/product_tag?post=8580"}],"curies":[{"name":"wp","href":"https:\/\/api.w.org\/{rel}","templated":true}]}}