{"id":8581,"date":"2025-02-09T19:48:11","date_gmt":"2025-02-09T19:48:11","guid":{"rendered":"http:\/\/www.assosmetal.com.tr\/public_html\/?post_type=product&#038;p=8581"},"modified":"2025-02-11T22:22:50","modified_gmt":"2025-02-11T22:22:50","slug":"assa-abloy-dt-h301-dis-mudahale-kolu","status":"publish","type":"product","link":"http:\/\/www.assosmetal.com.tr\/public_html\/urun\/assa-abloy-dt-h301-dis-mudahale-kolu\/","title":{"rendered":"Assa Abloy DT-H301 D\u0131\u015f M\u00fcdahale Kolu"},"content":{"rendered":"<p><strong>Assa Abloy DT-H 301\u00a0 L tipi \u00e7elik d\u0131\u015f m\u00fcdahale kolu<\/strong><br \/>\n<strong>Europrofile silindir ile \u00e7al\u0131\u015f\u0131r<\/strong><br \/>\n<strong>Kolun sarkmas\u0131n\u0131 \u00f6nleyen yay d\u00fczene\u011fi<\/strong><br \/>\n<strong>Y\u00fczey montajl\u0131 panik ve push bar ile kullan\u0131l\u0131r<\/strong><\/p>\n<ul>\n<li>Assa Abloy DT-H 301\u00a0 L tipi \u00e7elik d\u0131\u015f m\u00fcdahale kolu<\/li>\n<li>G\u00f6vde : Paslanmaz \u00e7elik mat<\/li>\n<li>Aks Mesafesi : 72 mm<\/li>\n<li>Al\u0131n Geni\u015fli\u011fi : 45 mm<\/li>\n<li>Kol Boru \u00c7ap\u0131 : 20 mm<\/li>\n<\/ul>\n","protected":false},"excerpt":{"rendered":"<p>Assa Abloy DT-H 301\u00a0 L tipi \u00e7elik d\u0131\u015f m\u00fcdahale kolu Europrofile silindir ile \u00e7al\u0131\u015f\u0131r Kolun sarkmas\u0131n\u0131 \u00f6nleyen yay d\u00fczene\u011fi Y\u00fczey montajl\u0131 panik ve push bar ile kullan\u0131l\u0131r Assa Abloy DT-H 301\u00a0 L tipi \u00e7elik d\u0131\u015f m\u00fcdahale kolu G\u00f6vde : Paslanmaz \u00e7elik mat Aks Mesafesi : 72 mm Al\u0131n Geni\u015fli\u011fi : 45 mm Kol Boru \u00c7ap\u0131 [&hellip;]<\/p>\n","protected":false},"featured_media":8841,"comment_status":"open","ping_status":"closed","template":"","meta":[],"product_brand":[49],"product_cat":[29],"product_tag":[],"class_list":{"0":"post-8581","1":"product","2":"type-product","3":"status-publish","4":"has-post-thumbnail","6":"product_brand-assa-abloy","7":"product_cat-yangin-kapisi-donanimlari","9":"first","10":"instock","11":"shipping-taxable","12":"product-type-simple"},"jetpack_sharing_enabled":true,"_links":{"self":[{"href":"http:\/\/www.assosmetal.com.tr\/public_html\/wp-json\/wp\/v2\/product\/8581","targetHints":{"allow":["GET"]}}],"collection":[{"href":"http:\/\/www.assosmetal.com.tr\/public_html\/wp-json\/wp\/v2\/product"}],"about":[{"href":"http:\/\/www.assosmetal.com.tr\/public_html\/wp-json\/wp\/v2\/types\/product"}],"replies":[{"embeddable":true,"href":"http:\/\/www.assosmetal.com.tr\/public_html\/wp-json\/wp\/v2\/comments?post=8581"}],"version-history":[{"count":1,"href":"http:\/\/www.assosmetal.com.tr\/public_html\/wp-json\/wp\/v2\/product\/8581\/revisions"}],"predecessor-version":[{"id":9262,"href":"http:\/\/www.assosmetal.com.tr\/public_html\/wp-json\/wp\/v2\/product\/8581\/revisions\/9262"}],"wp:featuredmedia":[{"embeddable":true,"href":"http:\/\/www.assosmetal.com.tr\/public_html\/wp-json\/wp\/v2\/media\/8841"}],"wp:attachment":[{"href":"http:\/\/www.assosmetal.com.tr\/public_html\/wp-json\/wp\/v2\/media?parent=8581"}],"wp:term":[{"taxonomy":"product_brand","embeddable":true,"href":"http:\/\/www.assosmetal.com.tr\/public_html\/wp-json\/wp\/v2\/product_brand?post=8581"},{"taxonomy":"product_cat","embeddable":true,"href":"http:\/\/www.assosmetal.com.tr\/public_html\/wp-json\/wp\/v2\/product_cat?post=8581"},{"taxonomy":"product_tag","embeddable":true,"href":"http:\/\/www.assosmetal.com.tr\/public_html\/wp-json\/wp\/v2\/product_tag?post=8581"}],"curies":[{"name":"wp","href":"https:\/\/api.w.org\/{rel}","templated":true}]}}