{"id":8583,"date":"2025-02-09T19:53:54","date_gmt":"2025-02-09T19:53:54","guid":{"rendered":"http:\/\/www.assosmetal.com.tr\/public_html\/?post_type=product&#038;p=8583"},"modified":"2025-02-11T22:25:10","modified_gmt":"2025-02-11T22:25:10","slug":"briton-panik-bar-dis-kilitli-kol-1413","status":"publish","type":"product","link":"http:\/\/www.assosmetal.com.tr\/public_html\/urun\/briton-panik-bar-dis-kilitli-kol-1413\/","title":{"rendered":"Briton Panik Bar D\u0131\u015f Kilitli Kol 1413"},"content":{"rendered":"<p><strong>Briton 1413 D\u0131\u015f kol \u00fcnitesi<\/strong><br \/>\n<strong>370 serisindeki panik barlara uygun tasar\u0131m<\/strong><br \/>\n<strong>D\u0131\u015f etkilere dayan\u0131kl\u0131 yap\u0131 ve toz boya<\/strong><br \/>\n<strong>Sa\u011f ve sol a\u00e7\u0131l\u0131ml\u0131 kap\u0131lara uygun tasar\u0131m<\/strong><br \/>\n<strong>40 &#8211; 70 mm aras\u0131ndaki kap\u0131lar i\u00e7in uygundur<\/strong><br \/>\n<strong>Kollu ve topuzlu modeller<\/strong><br \/>\n<strong>Renk Alternatifleri ; G\u00fcm\u00fc\u015f Gri (SES), Alt\u0131n Sar\u0131 (GES)<\/strong><br \/>\n<strong>\u00d6zel renk se\u00e7enekleri \/ Metalik: Parlak Paslanmaz \u00c7elik (PS), Mat Paslanmaz<\/strong><br \/>\n<strong>\u00c7elik (SS), Parlak Pirin\u00e7 (PB)<\/strong><\/p>\n<ul>\n<li>Briton 1413E D\u0131\u015f kol \u00fcnitesi<\/li>\n<li>Garanti S\u00fcresi : 5 Y\u0131l<\/li>\n<li>A\u00e7\u0131l\u0131m : 600.000<\/li>\n<\/ul>\n","protected":false},"excerpt":{"rendered":"<p>Briton 1413 D\u0131\u015f kol \u00fcnitesi 370 serisindeki panik barlara uygun tasar\u0131m D\u0131\u015f etkilere dayan\u0131kl\u0131 yap\u0131 ve toz boya Sa\u011f ve sol a\u00e7\u0131l\u0131ml\u0131 kap\u0131lara uygun tasar\u0131m 40 &#8211; 70 mm aras\u0131ndaki kap\u0131lar i\u00e7in uygundur Kollu ve topuzlu modeller Renk Alternatifleri ; G\u00fcm\u00fc\u015f Gri (SES), Alt\u0131n Sar\u0131 (GES) \u00d6zel renk se\u00e7enekleri \/ Metalik: Parlak Paslanmaz \u00c7elik (PS), [&hellip;]<\/p>\n","protected":false},"featured_media":8846,"comment_status":"open","ping_status":"closed","template":"","meta":[],"product_brand":[50],"product_cat":[29],"product_tag":[],"class_list":{"0":"post-8583","1":"product","2":"type-product","3":"status-publish","4":"has-post-thumbnail","6":"product_brand-briton","7":"product_cat-yangin-kapisi-donanimlari","9":"first","10":"instock","11":"shipping-taxable","12":"product-type-simple"},"jetpack_sharing_enabled":true,"_links":{"self":[{"href":"http:\/\/www.assosmetal.com.tr\/public_html\/wp-json\/wp\/v2\/product\/8583","targetHints":{"allow":["GET"]}}],"collection":[{"href":"http:\/\/www.assosmetal.com.tr\/public_html\/wp-json\/wp\/v2\/product"}],"about":[{"href":"http:\/\/www.assosmetal.com.tr\/public_html\/wp-json\/wp\/v2\/types\/product"}],"replies":[{"embeddable":true,"href":"http:\/\/www.assosmetal.com.tr\/public_html\/wp-json\/wp\/v2\/comments?post=8583"}],"version-history":[{"count":1,"href":"http:\/\/www.assosmetal.com.tr\/public_html\/wp-json\/wp\/v2\/product\/8583\/revisions"}],"predecessor-version":[{"id":9264,"href":"http:\/\/www.assosmetal.com.tr\/public_html\/wp-json\/wp\/v2\/product\/8583\/revisions\/9264"}],"wp:featuredmedia":[{"embeddable":true,"href":"http:\/\/www.assosmetal.com.tr\/public_html\/wp-json\/wp\/v2\/media\/8846"}],"wp:attachment":[{"href":"http:\/\/www.assosmetal.com.tr\/public_html\/wp-json\/wp\/v2\/media?parent=8583"}],"wp:term":[{"taxonomy":"product_brand","embeddable":true,"href":"http:\/\/www.assosmetal.com.tr\/public_html\/wp-json\/wp\/v2\/product_brand?post=8583"},{"taxonomy":"product_cat","embeddable":true,"href":"http:\/\/www.assosmetal.com.tr\/public_html\/wp-json\/wp\/v2\/product_cat?post=8583"},{"taxonomy":"product_tag","embeddable":true,"href":"http:\/\/www.assosmetal.com.tr\/public_html\/wp-json\/wp\/v2\/product_tag?post=8583"}],"curies":[{"name":"wp","href":"https:\/\/api.w.org\/{rel}","templated":true}]}}