{"id":8593,"date":"2025-02-09T20:19:38","date_gmt":"2025-02-09T20:19:38","guid":{"rendered":"http:\/\/www.assosmetal.com.tr\/public_html\/?post_type=product&#038;p=8593"},"modified":"2025-02-11T21:43:31","modified_gmt":"2025-02-11T21:43:31","slug":"kale-panik-bar-kd040-30-280-b","status":"publish","type":"product","link":"http:\/\/www.assosmetal.com.tr\/public_html\/urun\/kale-panik-bar-kd040-30-280-b\/","title":{"rendered":"Kale Panik Bar KD040-30-280-B"},"content":{"rendered":"<p><strong>Kale Panik Bar KD040-30-280-B<\/strong><\/p>\n<ul>\n<li>T\u0130P : Standart<\/li>\n<li>RENK : G\u00fcm\u00fc\u015f-Bronz<\/li>\n<li>YAN KAPAK : 1,5 mm 6112 Sac<\/li>\n<li>OVAL BORU : 32x15x1 Mm Demir<\/li>\n<li>KAR\u015eILIK : Zamak5<\/li>\n<li>MANDAL : Zamak5<\/li>\n<\/ul>\n","protected":false},"excerpt":{"rendered":"<p>Kale Panik Bar KD040-30-280-B T\u0130P : Standart RENK : G\u00fcm\u00fc\u015f-Bronz YAN KAPAK : 1,5 mm 6112 Sac OVAL BORU : 32x15x1 Mm Demir KAR\u015eILIK : Zamak5 MANDAL : Zamak5<\/p>\n","protected":false},"featured_media":8897,"comment_status":"open","ping_status":"closed","template":"","meta":[],"product_brand":[41],"product_cat":[29],"product_tag":[],"class_list":{"0":"post-8593","1":"product","2":"type-product","3":"status-publish","4":"has-post-thumbnail","6":"product_brand-kale","7":"product_cat-yangin-kapisi-donanimlari","9":"first","10":"instock","11":"shipping-taxable","12":"product-type-simple"},"jetpack_sharing_enabled":true,"_links":{"self":[{"href":"http:\/\/www.assosmetal.com.tr\/public_html\/wp-json\/wp\/v2\/product\/8593","targetHints":{"allow":["GET"]}}],"collection":[{"href":"http:\/\/www.assosmetal.com.tr\/public_html\/wp-json\/wp\/v2\/product"}],"about":[{"href":"http:\/\/www.assosmetal.com.tr\/public_html\/wp-json\/wp\/v2\/types\/product"}],"replies":[{"embeddable":true,"href":"http:\/\/www.assosmetal.com.tr\/public_html\/wp-json\/wp\/v2\/comments?post=8593"}],"version-history":[{"count":1,"href":"http:\/\/www.assosmetal.com.tr\/public_html\/wp-json\/wp\/v2\/product\/8593\/revisions"}],"predecessor-version":[{"id":9253,"href":"http:\/\/www.assosmetal.com.tr\/public_html\/wp-json\/wp\/v2\/product\/8593\/revisions\/9253"}],"wp:featuredmedia":[{"embeddable":true,"href":"http:\/\/www.assosmetal.com.tr\/public_html\/wp-json\/wp\/v2\/media\/8897"}],"wp:attachment":[{"href":"http:\/\/www.assosmetal.com.tr\/public_html\/wp-json\/wp\/v2\/media?parent=8593"}],"wp:term":[{"taxonomy":"product_brand","embeddable":true,"href":"http:\/\/www.assosmetal.com.tr\/public_html\/wp-json\/wp\/v2\/product_brand?post=8593"},{"taxonomy":"product_cat","embeddable":true,"href":"http:\/\/www.assosmetal.com.tr\/public_html\/wp-json\/wp\/v2\/product_cat?post=8593"},{"taxonomy":"product_tag","embeddable":true,"href":"http:\/\/www.assosmetal.com.tr\/public_html\/wp-json\/wp\/v2\/product_tag?post=8593"}],"curies":[{"name":"wp","href":"https:\/\/api.w.org\/{rel}","templated":true}]}}