{"id":8594,"date":"2025-02-09T20:21:09","date_gmt":"2025-02-09T20:21:09","guid":{"rendered":"http:\/\/www.assosmetal.com.tr\/public_html\/?post_type=product&#038;p=8594"},"modified":"2025-02-11T21:47:29","modified_gmt":"2025-02-11T21:47:29","slug":"keff-lock-gomme-panik-bar-kl502","status":"publish","type":"product","link":"http:\/\/www.assosmetal.com.tr\/public_html\/urun\/keff-lock-gomme-panik-bar-kl502\/","title":{"rendered":"Keff Lock G\u00f6mme Panik Bar KL502"},"content":{"rendered":"<p><strong>Kefflock Panik bar ( g\u00f6mme kilit ile \u00e7al\u0131\u015f\u0131r.)<\/strong><br \/>\n<strong>Panik bar\u0131n \u00f6zelli\u011fi her t\u00fcrl\u00fc durumda panik bara bas\u0131ld\u0131\u011f\u0131nda a\u00e7\u0131lmas\u0131d\u0131r.<\/strong><br \/>\n<strong>Kefflock KL504 \u2013 KL505 model g\u00f6mme kilitler ile uyumludur.<\/strong><br \/>\n<strong>100.000 basma testinden ge\u00e7mi\u015ftir<\/strong><br \/>\n<strong>Mekanizma: Galvaniz boyal\u0131 \u00e7elik mekanizma ve plastik koruma kapa\u011f\u0131<\/strong><br \/>\n<strong>Boru: Al\u00fcminyum 860 veya 1000 mm uzunlu\u011funda<\/strong><br \/>\n<strong>CE Sertifikal\u0131<\/strong><\/p>\n<p>&nbsp;<\/p>\n","protected":false},"excerpt":{"rendered":"<p>Kefflock Panik bar ( g\u00f6mme kilit ile \u00e7al\u0131\u015f\u0131r.) Panik bar\u0131n \u00f6zelli\u011fi her t\u00fcrl\u00fc durumda panik bara bas\u0131ld\u0131\u011f\u0131nda a\u00e7\u0131lmas\u0131d\u0131r. Kefflock KL504 \u2013 KL505 model g\u00f6mme kilitler ile uyumludur. 100.000 basma testinden ge\u00e7mi\u015ftir Mekanizma: Galvaniz boyal\u0131 \u00e7elik mekanizma ve plastik koruma kapa\u011f\u0131 Boru: Al\u00fcminyum 860 veya 1000 mm uzunlu\u011funda CE Sertifikal\u0131 &nbsp;<\/p>\n","protected":false},"featured_media":8901,"comment_status":"open","ping_status":"closed","template":"","meta":[],"product_brand":[43],"product_cat":[29],"product_tag":[],"class_list":{"0":"post-8594","1":"product","2":"type-product","3":"status-publish","4":"has-post-thumbnail","6":"product_brand-kefflock","7":"product_cat-yangin-kapisi-donanimlari","9":"first","10":"instock","11":"shipping-taxable","12":"product-type-simple"},"jetpack_sharing_enabled":true,"_links":{"self":[{"href":"http:\/\/www.assosmetal.com.tr\/public_html\/wp-json\/wp\/v2\/product\/8594","targetHints":{"allow":["GET"]}}],"collection":[{"href":"http:\/\/www.assosmetal.com.tr\/public_html\/wp-json\/wp\/v2\/product"}],"about":[{"href":"http:\/\/www.assosmetal.com.tr\/public_html\/wp-json\/wp\/v2\/types\/product"}],"replies":[{"embeddable":true,"href":"http:\/\/www.assosmetal.com.tr\/public_html\/wp-json\/wp\/v2\/comments?post=8594"}],"version-history":[{"count":0,"href":"http:\/\/www.assosmetal.com.tr\/public_html\/wp-json\/wp\/v2\/product\/8594\/revisions"}],"wp:featuredmedia":[{"embeddable":true,"href":"http:\/\/www.assosmetal.com.tr\/public_html\/wp-json\/wp\/v2\/media\/8901"}],"wp:attachment":[{"href":"http:\/\/www.assosmetal.com.tr\/public_html\/wp-json\/wp\/v2\/media?parent=8594"}],"wp:term":[{"taxonomy":"product_brand","embeddable":true,"href":"http:\/\/www.assosmetal.com.tr\/public_html\/wp-json\/wp\/v2\/product_brand?post=8594"},{"taxonomy":"product_cat","embeddable":true,"href":"http:\/\/www.assosmetal.com.tr\/public_html\/wp-json\/wp\/v2\/product_cat?post=8594"},{"taxonomy":"product_tag","embeddable":true,"href":"http:\/\/www.assosmetal.com.tr\/public_html\/wp-json\/wp\/v2\/product_tag?post=8594"}],"curies":[{"name":"wp","href":"https:\/\/api.w.org\/{rel}","templated":true}]}}