{"id":8601,"date":"2025-02-09T20:30:55","date_gmt":"2025-02-09T20:30:55","guid":{"rendered":"http:\/\/www.assosmetal.com.tr\/public_html\/?post_type=product&#038;p=8601"},"modified":"2025-02-11T21:24:22","modified_gmt":"2025-02-11T21:24:22","slug":"keff-lock-yangina-dayanikli-panik-fonksiyonlu-gomme-kilit-kl504-2","status":"publish","type":"product","link":"http:\/\/www.assosmetal.com.tr\/public_html\/urun\/keff-lock-yangina-dayanikli-panik-fonksiyonlu-gomme-kilit-kl504-2\/","title":{"rendered":"Keff Lock Yang\u0131na Dayan\u0131kl\u0131 Panik Fonksiyonlu G\u00f6mme Kilit KL504"},"content":{"rendered":"<p><strong>Kefflock KL504 Yang\u0131na dayan\u0131kl\u0131 panik fonksiyonlu g\u00f6mme kilit<\/strong><br \/>\n<strong>65 mm backset, 72 mm aks mesafesi, 9 mm kol demiri<\/strong><br \/>\n<strong>\u00c7elik \u00e7inko oval aynal\u0131 24 x 235<\/strong><br \/>\n<strong>Barelli tip, panik fonksiyonlu kilit<\/strong><br \/>\n<strong>Kilit kapal\u0131 pozisyonda iken i\u00e7erden her durumda a\u00e7\u0131l\u0131r.<\/strong><br \/>\n<strong>Avrupa standart\u0131 ( euro profile ) barellere uygun anahtar kontroll\u00fc kilitleme<\/strong><br \/>\n<strong>DIN Sa\u011f ve DIN Sol uyumlu<\/strong><br \/>\n<strong>Yang\u0131n ve duman kontroll\u00fc kap\u0131lar i\u00e7in uygundur.<\/strong><br \/>\n<strong>CE Sertifikal\u0131<\/strong><\/p>\n<p>&nbsp;<\/p>\n","protected":false},"excerpt":{"rendered":"<p>Kefflock KL504 Yang\u0131na dayan\u0131kl\u0131 panik fonksiyonlu g\u00f6mme kilit 65 mm backset, 72 mm aks mesafesi, 9 mm kol demiri \u00c7elik \u00e7inko oval aynal\u0131 24 x 235 Barelli tip, panik fonksiyonlu kilit Kilit kapal\u0131 pozisyonda iken i\u00e7erden her durumda a\u00e7\u0131l\u0131r. Avrupa standart\u0131 ( euro profile ) barellere uygun anahtar kontroll\u00fc kilitleme DIN Sa\u011f ve DIN Sol [&hellip;]<\/p>\n","protected":false},"featured_media":8905,"comment_status":"open","ping_status":"closed","template":"","meta":[],"product_brand":[43],"product_cat":[29],"product_tag":[],"class_list":{"0":"post-8601","1":"product","2":"type-product","3":"status-publish","4":"has-post-thumbnail","6":"product_brand-kefflock","7":"product_cat-yangin-kapisi-donanimlari","9":"first","10":"instock","11":"shipping-taxable","12":"product-type-simple"},"jetpack_sharing_enabled":true,"_links":{"self":[{"href":"http:\/\/www.assosmetal.com.tr\/public_html\/wp-json\/wp\/v2\/product\/8601","targetHints":{"allow":["GET"]}}],"collection":[{"href":"http:\/\/www.assosmetal.com.tr\/public_html\/wp-json\/wp\/v2\/product"}],"about":[{"href":"http:\/\/www.assosmetal.com.tr\/public_html\/wp-json\/wp\/v2\/types\/product"}],"replies":[{"embeddable":true,"href":"http:\/\/www.assosmetal.com.tr\/public_html\/wp-json\/wp\/v2\/comments?post=8601"}],"version-history":[{"count":0,"href":"http:\/\/www.assosmetal.com.tr\/public_html\/wp-json\/wp\/v2\/product\/8601\/revisions"}],"wp:featuredmedia":[{"embeddable":true,"href":"http:\/\/www.assosmetal.com.tr\/public_html\/wp-json\/wp\/v2\/media\/8905"}],"wp:attachment":[{"href":"http:\/\/www.assosmetal.com.tr\/public_html\/wp-json\/wp\/v2\/media?parent=8601"}],"wp:term":[{"taxonomy":"product_brand","embeddable":true,"href":"http:\/\/www.assosmetal.com.tr\/public_html\/wp-json\/wp\/v2\/product_brand?post=8601"},{"taxonomy":"product_cat","embeddable":true,"href":"http:\/\/www.assosmetal.com.tr\/public_html\/wp-json\/wp\/v2\/product_cat?post=8601"},{"taxonomy":"product_tag","embeddable":true,"href":"http:\/\/www.assosmetal.com.tr\/public_html\/wp-json\/wp\/v2\/product_tag?post=8601"}],"curies":[{"name":"wp","href":"https:\/\/api.w.org\/{rel}","templated":true}]}}