{"id":8644,"date":"2025-02-11T20:24:36","date_gmt":"2025-02-11T20:24:36","guid":{"rendered":"http:\/\/www.assosmetal.com.tr\/public_html\/?post_type=product&#038;p=8644"},"modified":"2025-02-19T09:37:27","modified_gmt":"2025-02-19T09:37:27","slug":"palmo-as-200-x-3-kedi-gozu-akilli-kapi-kilidi","status":"publish","type":"product","link":"http:\/\/www.assosmetal.com.tr\/public_html\/urun\/palmo-as-200-x-3-kedi-gozu-akilli-kapi-kilidi\/","title":{"rendered":"Palmo AS 200 X 3 Kedi G\u00f6z\u00fc Ak\u0131ll\u0131 Kap\u0131 Kilidi"},"content":{"rendered":"<p><strong>Mobil APP uzaktan yakalama, kilit a\u00e7ma, kay\u0131t sorgusu<\/strong><\/p>\n<p><strong>300.000 piksel HD kamera, 1080P 3.5 in\u00e7\u00a0 HD ekran<\/strong><\/p>\n<p><strong>Parmak izi, \u015fifre, IC kart\u0131 , WeChat uygulamas\u0131 , anahtar, cep telefonu uzaktan kilit a\u00e7ma alt\u0131s\u0131 bir<\/strong><\/p>\n<p><strong>\u00c7ekirdek yap\u0131land\u0131rma Lingchen anakart, FPC parmak izi, Qinji motor, 4200mA lityum pil<\/strong><\/p>\n<p><strong>Malzeme al\u00fcminyum ala\u015f\u0131m<\/strong><\/p>\n<p><strong>iste\u011fe ba\u011fl\u0131 renk y\u0131ld\u0131zl\u0131 g\u00f6ky\u00fcz\u00fc grisi<\/strong><\/p>\n<p>&nbsp;<\/p>\n","protected":false},"excerpt":{"rendered":"<p>Mobil APP uzaktan yakalama, kilit a\u00e7ma, kay\u0131t sorgusu 300.000 piksel HD kamera, 1080P 3.5 in\u00e7\u00a0 HD ekran Parmak izi, \u015fifre, IC kart\u0131 , WeChat uygulamas\u0131 , anahtar, cep telefonu uzaktan kilit a\u00e7ma alt\u0131s\u0131 bir \u00c7ekirdek yap\u0131land\u0131rma Lingchen anakart, FPC parmak izi, Qinji motor, 4200mA lityum pil Malzeme al\u00fcminyum ala\u015f\u0131m iste\u011fe ba\u011fl\u0131 renk y\u0131ld\u0131zl\u0131 g\u00f6ky\u00fcz\u00fc grisi [&hellip;]<\/p>\n","protected":false},"featured_media":10428,"comment_status":"open","ping_status":"closed","template":"","meta":[],"product_brand":[45],"product_cat":[32],"product_tag":[],"class_list":{"0":"post-8644","1":"product","2":"type-product","3":"status-publish","4":"has-post-thumbnail","6":"product_brand-palmo","7":"product_cat-akilli-guvenlik-sistemleri","9":"first","10":"instock","11":"shipping-taxable","12":"product-type-simple"},"jetpack_sharing_enabled":true,"_links":{"self":[{"href":"http:\/\/www.assosmetal.com.tr\/public_html\/wp-json\/wp\/v2\/product\/8644","targetHints":{"allow":["GET"]}}],"collection":[{"href":"http:\/\/www.assosmetal.com.tr\/public_html\/wp-json\/wp\/v2\/product"}],"about":[{"href":"http:\/\/www.assosmetal.com.tr\/public_html\/wp-json\/wp\/v2\/types\/product"}],"replies":[{"embeddable":true,"href":"http:\/\/www.assosmetal.com.tr\/public_html\/wp-json\/wp\/v2\/comments?post=8644"}],"version-history":[{"count":1,"href":"http:\/\/www.assosmetal.com.tr\/public_html\/wp-json\/wp\/v2\/product\/8644\/revisions"}],"predecessor-version":[{"id":10460,"href":"http:\/\/www.assosmetal.com.tr\/public_html\/wp-json\/wp\/v2\/product\/8644\/revisions\/10460"}],"wp:featuredmedia":[{"embeddable":true,"href":"http:\/\/www.assosmetal.com.tr\/public_html\/wp-json\/wp\/v2\/media\/10428"}],"wp:attachment":[{"href":"http:\/\/www.assosmetal.com.tr\/public_html\/wp-json\/wp\/v2\/media?parent=8644"}],"wp:term":[{"taxonomy":"product_brand","embeddable":true,"href":"http:\/\/www.assosmetal.com.tr\/public_html\/wp-json\/wp\/v2\/product_brand?post=8644"},{"taxonomy":"product_cat","embeddable":true,"href":"http:\/\/www.assosmetal.com.tr\/public_html\/wp-json\/wp\/v2\/product_cat?post=8644"},{"taxonomy":"product_tag","embeddable":true,"href":"http:\/\/www.assosmetal.com.tr\/public_html\/wp-json\/wp\/v2\/product_tag?post=8644"}],"curies":[{"name":"wp","href":"https:\/\/api.w.org\/{rel}","templated":true}]}}