{"id":8645,"date":"2025-02-11T20:24:36","date_gmt":"2025-02-11T20:24:36","guid":{"rendered":"http:\/\/www.assosmetal.com.tr\/public_html\/?post_type=product&#038;p=8645"},"modified":"2025-02-19T10:44:32","modified_gmt":"2025-02-19T10:44:32","slug":"palmo-as-300-akilli-kapi-kilidi","status":"publish","type":"product","link":"http:\/\/www.assosmetal.com.tr\/public_html\/urun\/palmo-as-300-akilli-kapi-kilidi\/","title":{"rendered":"Palmo AS 300 Ak\u0131ll\u0131 Kap\u0131 Kilidi"},"content":{"rendered":"<p><strong>Parmak izi, \u015fifre, IC kart\u0131, anahtar, WeChat uygulamas\u0131 be\u015fi bir arada kilit a\u00e7ma<\/strong><\/p>\n<p><strong>Temel parametreler Tongxin \u00e7\u00f6z\u00fcm\u00fc, FPC parmak izi kafas\u0131<\/strong><\/p>\n<p><strong>Al\u00fcminyum ala\u015f\u0131ml\u0131 g\u00f6vde, temperli cam ekran, vakumlu kaplama<\/strong><\/p>\n<p><strong>iste\u011fe ba\u011fl\u0131 renk siyah<\/strong><\/p>\n","protected":false},"excerpt":{"rendered":"<p>Parmak izi, \u015fifre, IC kart\u0131, anahtar, WeChat uygulamas\u0131 be\u015fi bir arada kilit a\u00e7ma Temel parametreler Tongxin \u00e7\u00f6z\u00fcm\u00fc, FPC parmak izi kafas\u0131 Al\u00fcminyum ala\u015f\u0131ml\u0131 g\u00f6vde, temperli cam ekran, vakumlu kaplama iste\u011fe ba\u011fl\u0131 renk siyah<\/p>\n","protected":false},"featured_media":10431,"comment_status":"open","ping_status":"closed","template":"","meta":[],"product_brand":[45],"product_cat":[32],"product_tag":[],"class_list":{"0":"post-8645","1":"product","2":"type-product","3":"status-publish","4":"has-post-thumbnail","6":"product_brand-palmo","7":"product_cat-akilli-guvenlik-sistemleri","9":"first","10":"instock","11":"shipping-taxable","12":"product-type-simple"},"jetpack_sharing_enabled":true,"_links":{"self":[{"href":"http:\/\/www.assosmetal.com.tr\/public_html\/wp-json\/wp\/v2\/product\/8645","targetHints":{"allow":["GET"]}}],"collection":[{"href":"http:\/\/www.assosmetal.com.tr\/public_html\/wp-json\/wp\/v2\/product"}],"about":[{"href":"http:\/\/www.assosmetal.com.tr\/public_html\/wp-json\/wp\/v2\/types\/product"}],"replies":[{"embeddable":true,"href":"http:\/\/www.assosmetal.com.tr\/public_html\/wp-json\/wp\/v2\/comments?post=8645"}],"version-history":[{"count":1,"href":"http:\/\/www.assosmetal.com.tr\/public_html\/wp-json\/wp\/v2\/product\/8645\/revisions"}],"predecessor-version":[{"id":10461,"href":"http:\/\/www.assosmetal.com.tr\/public_html\/wp-json\/wp\/v2\/product\/8645\/revisions\/10461"}],"wp:featuredmedia":[{"embeddable":true,"href":"http:\/\/www.assosmetal.com.tr\/public_html\/wp-json\/wp\/v2\/media\/10431"}],"wp:attachment":[{"href":"http:\/\/www.assosmetal.com.tr\/public_html\/wp-json\/wp\/v2\/media?parent=8645"}],"wp:term":[{"taxonomy":"product_brand","embeddable":true,"href":"http:\/\/www.assosmetal.com.tr\/public_html\/wp-json\/wp\/v2\/product_brand?post=8645"},{"taxonomy":"product_cat","embeddable":true,"href":"http:\/\/www.assosmetal.com.tr\/public_html\/wp-json\/wp\/v2\/product_cat?post=8645"},{"taxonomy":"product_tag","embeddable":true,"href":"http:\/\/www.assosmetal.com.tr\/public_html\/wp-json\/wp\/v2\/product_tag?post=8645"}],"curies":[{"name":"wp","href":"https:\/\/api.w.org\/{rel}","templated":true}]}}