{"id":8647,"date":"2025-02-11T20:24:58","date_gmt":"2025-02-11T20:24:58","guid":{"rendered":"http:\/\/www.assosmetal.com.tr\/public_html\/?post_type=product&#038;p=8647"},"modified":"2025-02-19T10:51:56","modified_gmt":"2025-02-19T10:51:56","slug":"palmo-apocalypse-3d-as-500-akilli-kapi-kilidi","status":"publish","type":"product","link":"http:\/\/www.assosmetal.com.tr\/public_html\/urun\/palmo-apocalypse-3d-as-500-akilli-kapi-kilidi\/","title":{"rendered":"Palmo Apocalypse 3D AS 500 Ak\u0131ll\u0131 Kap\u0131 Kilidi"},"content":{"rendered":"<p><strong>3D y\u00fcz tan\u0131ma, cep telefonu APP uzaktan ger\u00e7ek zamanl\u0131 arama, video, foto\u011fraf, kilit a\u00e7ma<\/strong><\/p>\n<p><strong>K\u0131z\u0131l\u00f6tesi insan v\u00fccudu alg\u0131lama, yabanc\u0131 kalma alarm\u0131, cep telefonu yakalama<\/strong><\/p>\n<p><strong>1 milyon piksel y\u00fcksek \u00e7\u00f6z\u00fcn\u00fcrl\u00fckl\u00fc kamera, 1080P 4,5 in\u00e7 y\u00fcksek \u00e7\u00f6z\u00fcn\u00fcrl\u00fckl\u00fc IPS sabit ekran<\/strong><\/p>\n<p><strong>Y\u00fcz, parmak izi, \u015fifre, IC kart\u0131, WeChat uygulamas\u0131, anahtar ve cep telefonu uzaktan kumandas\u0131yla yedisi bir arada<\/strong><\/p>\n<p><strong>\u00c7ekirdek yap\u0131land\u0131rma: 3D y\u00fcz mod\u00fcl\u00fc, Lanheng anakart, FPC parmak izi kafas\u0131, Dongshunda motor, 4200mA lityum pil<\/strong><\/p>\n<p><strong>Malzeme al\u00fcminyum ala\u015f\u0131m\u0131<\/strong><\/p>\n<p><strong>iste\u011fe ba\u011fl\u0131 renk parlak tabanca<\/strong><\/p>\n","protected":false},"excerpt":{"rendered":"<p>3D y\u00fcz tan\u0131ma, cep telefonu APP uzaktan ger\u00e7ek zamanl\u0131 arama, video, foto\u011fraf, kilit a\u00e7ma K\u0131z\u0131l\u00f6tesi insan v\u00fccudu alg\u0131lama, yabanc\u0131 kalma alarm\u0131, cep telefonu yakalama 1 milyon piksel y\u00fcksek \u00e7\u00f6z\u00fcn\u00fcrl\u00fckl\u00fc kamera, 1080P 4,5 in\u00e7 y\u00fcksek \u00e7\u00f6z\u00fcn\u00fcrl\u00fckl\u00fc IPS sabit ekran Y\u00fcz, parmak izi, \u015fifre, IC kart\u0131, WeChat uygulamas\u0131, anahtar ve cep telefonu uzaktan kumandas\u0131yla yedisi bir arada [&hellip;]<\/p>\n","protected":false},"featured_media":10424,"comment_status":"open","ping_status":"closed","template":"","meta":[],"product_brand":[45],"product_cat":[32],"product_tag":[],"class_list":{"0":"post-8647","1":"product","2":"type-product","3":"status-publish","4":"has-post-thumbnail","6":"product_brand-palmo","7":"product_cat-akilli-guvenlik-sistemleri","9":"first","10":"instock","11":"shipping-taxable","12":"product-type-simple"},"jetpack_sharing_enabled":true,"_links":{"self":[{"href":"http:\/\/www.assosmetal.com.tr\/public_html\/wp-json\/wp\/v2\/product\/8647","targetHints":{"allow":["GET"]}}],"collection":[{"href":"http:\/\/www.assosmetal.com.tr\/public_html\/wp-json\/wp\/v2\/product"}],"about":[{"href":"http:\/\/www.assosmetal.com.tr\/public_html\/wp-json\/wp\/v2\/types\/product"}],"replies":[{"embeddable":true,"href":"http:\/\/www.assosmetal.com.tr\/public_html\/wp-json\/wp\/v2\/comments?post=8647"}],"version-history":[{"count":2,"href":"http:\/\/www.assosmetal.com.tr\/public_html\/wp-json\/wp\/v2\/product\/8647\/revisions"}],"predecessor-version":[{"id":10469,"href":"http:\/\/www.assosmetal.com.tr\/public_html\/wp-json\/wp\/v2\/product\/8647\/revisions\/10469"}],"wp:featuredmedia":[{"embeddable":true,"href":"http:\/\/www.assosmetal.com.tr\/public_html\/wp-json\/wp\/v2\/media\/10424"}],"wp:attachment":[{"href":"http:\/\/www.assosmetal.com.tr\/public_html\/wp-json\/wp\/v2\/media?parent=8647"}],"wp:term":[{"taxonomy":"product_brand","embeddable":true,"href":"http:\/\/www.assosmetal.com.tr\/public_html\/wp-json\/wp\/v2\/product_brand?post=8647"},{"taxonomy":"product_cat","embeddable":true,"href":"http:\/\/www.assosmetal.com.tr\/public_html\/wp-json\/wp\/v2\/product_cat?post=8647"},{"taxonomy":"product_tag","embeddable":true,"href":"http:\/\/www.assosmetal.com.tr\/public_html\/wp-json\/wp\/v2\/product_tag?post=8647"}],"curies":[{"name":"wp","href":"https:\/\/api.w.org\/{rel}","templated":true}]}}