{"id":8653,"date":"2025-02-11T20:25:23","date_gmt":"2025-02-11T20:25:23","guid":{"rendered":"http:\/\/www.assosmetal.com.tr\/public_html\/?post_type=product&#038;p=8653"},"modified":"2025-02-19T11:12:33","modified_gmt":"2025-02-19T11:12:33","slug":"palmo-f1-as-110-akilli-kapi-kilidi","status":"publish","type":"product","link":"http:\/\/www.assosmetal.com.tr\/public_html\/urun\/palmo-f1-as-110-akilli-kapi-kilidi\/","title":{"rendered":"Palmo F1 AS 110 Ak\u0131ll\u0131 Kap\u0131 Kilidi"},"content":{"rendered":"<p><strong>Parmak izi, \u015fifre, IC kart\u0131 , anahtar, WeChat uygulamas\u0131 be\u015fi bir arada kilidini a\u00e7ar<\/strong><\/p>\n<p><strong>Temel parametreler listelenen \u015firketin Ang Bao plan\u0131 , Ophelium parmak izi<\/strong><\/p>\n<p><strong>al\u00fcminyum ala\u015f\u0131ml\u0131 g\u00f6vde, vakum kaplama<\/strong><\/p>\n<p><strong>iste\u011fe ba\u011fl\u0131 renkler k\u0131rm\u0131z\u0131\u00a0 antik, siyah<\/strong><\/p>\n","protected":false},"excerpt":{"rendered":"<p>Parmak izi, \u015fifre, IC kart\u0131 , anahtar, WeChat uygulamas\u0131 be\u015fi bir arada kilidini a\u00e7ar Temel parametreler listelenen \u015firketin Ang Bao plan\u0131 , Ophelium parmak izi al\u00fcminyum ala\u015f\u0131ml\u0131 g\u00f6vde, vakum kaplama iste\u011fe ba\u011fl\u0131 renkler k\u0131rm\u0131z\u0131\u00a0 antik, siyah<\/p>\n","protected":false},"featured_media":10435,"comment_status":"open","ping_status":"closed","template":"","meta":[],"product_brand":[45],"product_cat":[32],"product_tag":[],"class_list":{"0":"post-8653","1":"product","2":"type-product","3":"status-publish","4":"has-post-thumbnail","6":"product_brand-palmo","7":"product_cat-akilli-guvenlik-sistemleri","9":"first","10":"instock","11":"shipping-taxable","12":"product-type-simple"},"jetpack_sharing_enabled":true,"_links":{"self":[{"href":"http:\/\/www.assosmetal.com.tr\/public_html\/wp-json\/wp\/v2\/product\/8653","targetHints":{"allow":["GET"]}}],"collection":[{"href":"http:\/\/www.assosmetal.com.tr\/public_html\/wp-json\/wp\/v2\/product"}],"about":[{"href":"http:\/\/www.assosmetal.com.tr\/public_html\/wp-json\/wp\/v2\/types\/product"}],"replies":[{"embeddable":true,"href":"http:\/\/www.assosmetal.com.tr\/public_html\/wp-json\/wp\/v2\/comments?post=8653"}],"version-history":[{"count":1,"href":"http:\/\/www.assosmetal.com.tr\/public_html\/wp-json\/wp\/v2\/product\/8653\/revisions"}],"predecessor-version":[{"id":10472,"href":"http:\/\/www.assosmetal.com.tr\/public_html\/wp-json\/wp\/v2\/product\/8653\/revisions\/10472"}],"wp:featuredmedia":[{"embeddable":true,"href":"http:\/\/www.assosmetal.com.tr\/public_html\/wp-json\/wp\/v2\/media\/10435"}],"wp:attachment":[{"href":"http:\/\/www.assosmetal.com.tr\/public_html\/wp-json\/wp\/v2\/media?parent=8653"}],"wp:term":[{"taxonomy":"product_brand","embeddable":true,"href":"http:\/\/www.assosmetal.com.tr\/public_html\/wp-json\/wp\/v2\/product_brand?post=8653"},{"taxonomy":"product_cat","embeddable":true,"href":"http:\/\/www.assosmetal.com.tr\/public_html\/wp-json\/wp\/v2\/product_cat?post=8653"},{"taxonomy":"product_tag","embeddable":true,"href":"http:\/\/www.assosmetal.com.tr\/public_html\/wp-json\/wp\/v2\/product_tag?post=8653"}],"curies":[{"name":"wp","href":"https:\/\/api.w.org\/{rel}","templated":true}]}}