{"id":8654,"date":"2025-02-11T20:25:23","date_gmt":"2025-02-11T20:25:23","guid":{"rendered":"http:\/\/www.assosmetal.com.tr\/public_html\/?post_type=product&#038;p=8654"},"modified":"2025-02-19T11:01:25","modified_gmt":"2025-02-19T11:01:25","slug":"palmo-ferrari-as-120-akilli-kapi-kilidi","status":"publish","type":"product","link":"http:\/\/www.assosmetal.com.tr\/public_html\/urun\/palmo-ferrari-as-120-akilli-kapi-kilidi\/","title":{"rendered":"Palmo Ferrari AS 120 Ak\u0131ll\u0131 Kap\u0131 Kilidi"},"content":{"rendered":"<p><strong>3D y\u00fcz tan\u0131ma, cep telefonu APP uzaktan aktif izleme, aktif ger\u00e7ek zamanl\u0131 arama, video kayd\u0131, foto\u011fraf \u00e7ekme, kilit a\u00e7ma<\/strong><\/p>\n<p><strong>Radar alg\u0131lama, yabanc\u0131 kalma alarm\u0131, cep telefonu yakalama<\/strong><\/p>\n<p><strong>1 milyon piksel y\u00fcksek \u00e7\u00f6z\u00fcn\u00fcrl\u00fckl\u00fc kamera, 1080P 4,5 in\u00e7 y\u00fcksek \u00e7\u00f6z\u00fcn\u00fcrl\u00fckl\u00fc IPS sabit ekran<\/strong><\/p>\n<p><strong>Y\u00fcz, parmak izi, \u015fifre, IC kart\u0131, WeChat uygulamas\u0131, anahtar, yedisi bir arada cep telefonu uzaktan kumandas\u0131<\/strong><\/p>\n<p><strong>\u00c7ekirdek konfig\u00fcrasyon: 3D y\u00fcz mod\u00fcl\u00fc, aktif izleme, OFILM FPC parmak izi kafas\u0131, Dongshunda motor, 5000mA lityum pil<\/strong><\/p>\n<p><strong>iste\u011fe ba\u011fl\u0131 renk parlak tabanca<\/strong><\/p>\n","protected":false},"excerpt":{"rendered":"<p>3D y\u00fcz tan\u0131ma, cep telefonu APP uzaktan aktif izleme, aktif ger\u00e7ek zamanl\u0131 arama, video kayd\u0131, foto\u011fraf \u00e7ekme, kilit a\u00e7ma Radar alg\u0131lama, yabanc\u0131 kalma alarm\u0131, cep telefonu yakalama 1 milyon piksel y\u00fcksek \u00e7\u00f6z\u00fcn\u00fcrl\u00fckl\u00fc kamera, 1080P 4,5 in\u00e7 y\u00fcksek \u00e7\u00f6z\u00fcn\u00fcrl\u00fckl\u00fc IPS sabit ekran Y\u00fcz, parmak izi, \u015fifre, IC kart\u0131, WeChat uygulamas\u0131, anahtar, yedisi bir arada cep telefonu [&hellip;]<\/p>\n","protected":false},"featured_media":10437,"comment_status":"open","ping_status":"closed","template":"","meta":[],"product_brand":[45],"product_cat":[32],"product_tag":[],"class_list":{"0":"post-8654","1":"product","2":"type-product","3":"status-publish","4":"has-post-thumbnail","6":"product_brand-palmo","7":"product_cat-akilli-guvenlik-sistemleri","9":"first","10":"instock","11":"shipping-taxable","12":"product-type-simple"},"jetpack_sharing_enabled":true,"_links":{"self":[{"href":"http:\/\/www.assosmetal.com.tr\/public_html\/wp-json\/wp\/v2\/product\/8654","targetHints":{"allow":["GET"]}}],"collection":[{"href":"http:\/\/www.assosmetal.com.tr\/public_html\/wp-json\/wp\/v2\/product"}],"about":[{"href":"http:\/\/www.assosmetal.com.tr\/public_html\/wp-json\/wp\/v2\/types\/product"}],"replies":[{"embeddable":true,"href":"http:\/\/www.assosmetal.com.tr\/public_html\/wp-json\/wp\/v2\/comments?post=8654"}],"version-history":[{"count":1,"href":"http:\/\/www.assosmetal.com.tr\/public_html\/wp-json\/wp\/v2\/product\/8654\/revisions"}],"predecessor-version":[{"id":10471,"href":"http:\/\/www.assosmetal.com.tr\/public_html\/wp-json\/wp\/v2\/product\/8654\/revisions\/10471"}],"wp:featuredmedia":[{"embeddable":true,"href":"http:\/\/www.assosmetal.com.tr\/public_html\/wp-json\/wp\/v2\/media\/10437"}],"wp:attachment":[{"href":"http:\/\/www.assosmetal.com.tr\/public_html\/wp-json\/wp\/v2\/media?parent=8654"}],"wp:term":[{"taxonomy":"product_brand","embeddable":true,"href":"http:\/\/www.assosmetal.com.tr\/public_html\/wp-json\/wp\/v2\/product_brand?post=8654"},{"taxonomy":"product_cat","embeddable":true,"href":"http:\/\/www.assosmetal.com.tr\/public_html\/wp-json\/wp\/v2\/product_cat?post=8654"},{"taxonomy":"product_tag","embeddable":true,"href":"http:\/\/www.assosmetal.com.tr\/public_html\/wp-json\/wp\/v2\/product_tag?post=8654"}],"curies":[{"name":"wp","href":"https:\/\/api.w.org\/{rel}","templated":true}]}}