{"id":9032,"date":"2025-02-11T20:58:47","date_gmt":"2025-02-11T20:58:47","guid":{"rendered":"http:\/\/www.assosmetal.com.tr\/public_html\/?post_type=product&#038;p=9032"},"modified":"2025-02-11T20:58:56","modified_gmt":"2025-02-11T20:58:56","slug":"dormakaba-pha-2000-cift-kanat-3-nokta-panik-bar-2","status":"publish","type":"product","link":"http:\/\/www.assosmetal.com.tr\/public_html\/urun\/dormakaba-pha-2000-cift-kanat-3-nokta-panik-bar-2\/","title":{"rendered":"Dormakaba PHA 2000 \u00c7ift Kanat 3 Nokta Panik Bar"},"content":{"rendered":"<p><strong>Dormakaba pha 2000 hastane, \u00fcniversite ve okullar, konser salonlar\u0131, al\u0131\u015fveri\u015f merkezleri, otel ve idari binalar gibi yo\u011fun yaya trafi\u011fine sahip tesislerde ortaya \u00e7\u0131kan donan\u0131m gerekliliklerini eksiksiz olarak kapsamaktad\u0131r.<\/strong><\/p>\n<p>&nbsp;<\/p>\n<p><strong>Bu sistem ile g\u00fcvenlik, g\u00fcvenilirlik ve estetik \u00e7ekicili\u011fi vazge\u00e7ilmez gereksinimleri olan uygulamalarda acil \u00e7\u0131k\u0131\u015f ve ka\u00e7\u0131\u015f yollar\u0131ndaki kap\u0131lar i\u00e7in yatay ve dikey kilitlemeli &#8211; y\u00fcksek kaliteli panik donan\u0131m aksesuarlar\u0131n\u0131 kapsaml\u0131 bir \u015fekilde sunmaktad\u0131r.<\/strong><\/p>\n<ul>\n<li>PHA 2000 Mod\u00fcler sistem y\u00fczeyden montaj<\/li>\n<li>1\/2\/3 noktadan kilitleme<\/li>\n<li>Doging cihaz\u0131 ( seri )<\/li>\n<li>Sol ve Sa\u011f elle kullan\u0131m<\/li>\n<li>EN 1125 \u2018 e uygun<\/li>\n<li>Certifire, CE, Test dayan\u0131m sertifikalar\u0131<\/li>\n<\/ul>\n","protected":false},"excerpt":{"rendered":"<p>Dormakaba pha 2000 hastane, \u00fcniversite ve okullar, konser salonlar\u0131, al\u0131\u015fveri\u015f merkezleri, otel ve idari binalar gibi yo\u011fun yaya trafi\u011fine sahip tesislerde ortaya \u00e7\u0131kan donan\u0131m gerekliliklerini eksiksiz olarak kapsamaktad\u0131r. &nbsp; Bu sistem ile g\u00fcvenlik, g\u00fcvenilirlik ve estetik \u00e7ekicili\u011fi vazge\u00e7ilmez gereksinimleri olan uygulamalarda acil \u00e7\u0131k\u0131\u015f ve ka\u00e7\u0131\u015f yollar\u0131ndaki kap\u0131lar i\u00e7in yatay ve dikey kilitlemeli &#8211; y\u00fcksek kaliteli [&hellip;]<\/p>\n","protected":false},"featured_media":8857,"comment_status":"open","ping_status":"closed","template":"","meta":[],"product_brand":[38],"product_cat":[29],"product_tag":[],"class_list":{"0":"post-9032","1":"product","2":"type-product","3":"status-publish","4":"has-post-thumbnail","6":"product_brand-dormakaba","7":"product_cat-yangin-kapisi-donanimlari","9":"first","10":"instock","11":"shipping-taxable","12":"product-type-simple"},"jetpack_sharing_enabled":true,"_links":{"self":[{"href":"http:\/\/www.assosmetal.com.tr\/public_html\/wp-json\/wp\/v2\/product\/9032","targetHints":{"allow":["GET"]}}],"collection":[{"href":"http:\/\/www.assosmetal.com.tr\/public_html\/wp-json\/wp\/v2\/product"}],"about":[{"href":"http:\/\/www.assosmetal.com.tr\/public_html\/wp-json\/wp\/v2\/types\/product"}],"replies":[{"embeddable":true,"href":"http:\/\/www.assosmetal.com.tr\/public_html\/wp-json\/wp\/v2\/comments?post=9032"}],"version-history":[{"count":0,"href":"http:\/\/www.assosmetal.com.tr\/public_html\/wp-json\/wp\/v2\/product\/9032\/revisions"}],"wp:featuredmedia":[{"embeddable":true,"href":"http:\/\/www.assosmetal.com.tr\/public_html\/wp-json\/wp\/v2\/media\/8857"}],"wp:attachment":[{"href":"http:\/\/www.assosmetal.com.tr\/public_html\/wp-json\/wp\/v2\/media?parent=9032"}],"wp:term":[{"taxonomy":"product_brand","embeddable":true,"href":"http:\/\/www.assosmetal.com.tr\/public_html\/wp-json\/wp\/v2\/product_brand?post=9032"},{"taxonomy":"product_cat","embeddable":true,"href":"http:\/\/www.assosmetal.com.tr\/public_html\/wp-json\/wp\/v2\/product_cat?post=9032"},{"taxonomy":"product_tag","embeddable":true,"href":"http:\/\/www.assosmetal.com.tr\/public_html\/wp-json\/wp\/v2\/product_tag?post=9032"}],"curies":[{"name":"wp","href":"https:\/\/api.w.org\/{rel}","templated":true}]}}