{"id":9036,"date":"2025-02-11T20:58:48","date_gmt":"2025-02-11T20:58:48","guid":{"rendered":"http:\/\/www.assosmetal.com.tr\/public_html\/?post_type=product&#038;p=9036"},"modified":"2025-02-11T20:59:01","modified_gmt":"2025-02-11T20:59:01","slug":"dormakaba-pht-01-dis-mudahale-kolu-3","status":"publish","type":"product","link":"http:\/\/www.assosmetal.com.tr\/public_html\/urun\/dormakaba-pht-01-dis-mudahale-kolu-3\/","title":{"rendered":"Dormakaba PHT 01 D\u0131\u015f M\u00fcdahale Kolu"},"content":{"rendered":"<p><strong>dormakaba pht 01 d\u0131\u015f m\u00fcdahale kolu<\/strong><\/p>\n<ul>\n<li>dormakaba PHT 01 Kilitlenebilir D\u0131\u015f M\u00fcdahale Kolu<\/li>\n<li>\u226460 mm kal\u0131nl\u0131\u011f\u0131ndaki kap\u0131lara uygun<\/li>\n<li>naturel eloksal<\/li>\n<li>DEC 150 (30+10 mm)<\/li>\n<li>EN 1125 normuna uygun<\/li>\n<li>CE belgeli.<\/li>\n<\/ul>\n","protected":false},"excerpt":{"rendered":"<p>dormakaba pht 01 d\u0131\u015f m\u00fcdahale kolu dormakaba PHT 01 Kilitlenebilir D\u0131\u015f M\u00fcdahale Kolu \u226460 mm kal\u0131nl\u0131\u011f\u0131ndaki kap\u0131lara uygun naturel eloksal DEC 150 (30+10 mm) EN 1125 normuna uygun CE belgeli.<\/p>\n","protected":false},"featured_media":8861,"comment_status":"open","ping_status":"closed","template":"","meta":[],"product_brand":[38],"product_cat":[29],"product_tag":[],"class_list":{"0":"post-9036","1":"product","2":"type-product","3":"status-publish","4":"has-post-thumbnail","6":"product_brand-dormakaba","7":"product_cat-yangin-kapisi-donanimlari","9":"first","10":"instock","11":"shipping-taxable","12":"product-type-simple"},"jetpack_sharing_enabled":true,"_links":{"self":[{"href":"http:\/\/www.assosmetal.com.tr\/public_html\/wp-json\/wp\/v2\/product\/9036","targetHints":{"allow":["GET"]}}],"collection":[{"href":"http:\/\/www.assosmetal.com.tr\/public_html\/wp-json\/wp\/v2\/product"}],"about":[{"href":"http:\/\/www.assosmetal.com.tr\/public_html\/wp-json\/wp\/v2\/types\/product"}],"replies":[{"embeddable":true,"href":"http:\/\/www.assosmetal.com.tr\/public_html\/wp-json\/wp\/v2\/comments?post=9036"}],"version-history":[{"count":0,"href":"http:\/\/www.assosmetal.com.tr\/public_html\/wp-json\/wp\/v2\/product\/9036\/revisions"}],"wp:featuredmedia":[{"embeddable":true,"href":"http:\/\/www.assosmetal.com.tr\/public_html\/wp-json\/wp\/v2\/media\/8861"}],"wp:attachment":[{"href":"http:\/\/www.assosmetal.com.tr\/public_html\/wp-json\/wp\/v2\/media?parent=9036"}],"wp:term":[{"taxonomy":"product_brand","embeddable":true,"href":"http:\/\/www.assosmetal.com.tr\/public_html\/wp-json\/wp\/v2\/product_brand?post=9036"},{"taxonomy":"product_cat","embeddable":true,"href":"http:\/\/www.assosmetal.com.tr\/public_html\/wp-json\/wp\/v2\/product_cat?post=9036"},{"taxonomy":"product_tag","embeddable":true,"href":"http:\/\/www.assosmetal.com.tr\/public_html\/wp-json\/wp\/v2\/product_tag?post=9036"}],"curies":[{"name":"wp","href":"https:\/\/api.w.org\/{rel}","templated":true}]}}