{"id":9043,"date":"2025-02-11T20:58:49","date_gmt":"2025-02-11T20:58:49","guid":{"rendered":"http:\/\/www.assosmetal.com.tr\/public_html\/?post_type=product&#038;p=9043"},"modified":"2025-02-11T20:59:03","modified_gmt":"2025-02-11T20:59:03","slug":"keff-lock-yangina-dayanikli-mizrakli-gomme-kilit-kl505-4","status":"publish","type":"product","link":"http:\/\/www.assosmetal.com.tr\/public_html\/urun\/keff-lock-yangina-dayanikli-mizrakli-gomme-kilit-kl505-4\/","title":{"rendered":"Keff Lock Yang\u0131na Dayan\u0131kl\u0131 M\u0131zrakl\u0131 G\u00f6mme Kilit KL505"},"content":{"rendered":"<p><strong>Kefflock KL505 yang\u0131na dayan\u0131kl\u0131 m\u0131zrakl\u0131 g\u00f6mme kilit (dil + s\u00fcrg\u00fc)<\/strong><br \/>\n<strong>Avrupa standart\u0131 barellere uygun kilit<\/strong><br \/>\n<strong>Anahtar kontroll\u00fc kilitleme dilli kilit<\/strong><br \/>\n<strong>Kol kontroll\u00fc kilitleme dilli kilit<\/strong><br \/>\n<strong>a\u00e7\u0131k posizyonda iken: Mekanik anahtar ile kontrol edilebilir.<\/strong><br \/>\n<strong>kapal\u0131 posizyonda iken: Her iki taraftan da a\u00e7\u0131lamaz<\/strong><br \/>\n<strong>CE Sertifikal\u0131<\/strong><\/p>\n","protected":false},"excerpt":{"rendered":"<p>Kefflock KL505 yang\u0131na dayan\u0131kl\u0131 m\u0131zrakl\u0131 g\u00f6mme kilit (dil + s\u00fcrg\u00fc) Avrupa standart\u0131 barellere uygun kilit Anahtar kontroll\u00fc kilitleme dilli kilit Kol kontroll\u00fc kilitleme dilli kilit a\u00e7\u0131k posizyonda iken: Mekanik anahtar ile kontrol edilebilir. kapal\u0131 posizyonda iken: Her iki taraftan da a\u00e7\u0131lamaz CE Sertifikal\u0131<\/p>\n","protected":false},"featured_media":8905,"comment_status":"open","ping_status":"closed","template":"","meta":[],"product_brand":[43],"product_cat":[29],"product_tag":[],"class_list":{"0":"post-9043","1":"product","2":"type-product","3":"status-publish","4":"has-post-thumbnail","6":"product_brand-kefflock","7":"product_cat-yangin-kapisi-donanimlari","9":"first","10":"instock","11":"shipping-taxable","12":"product-type-simple"},"jetpack_sharing_enabled":true,"_links":{"self":[{"href":"http:\/\/www.assosmetal.com.tr\/public_html\/wp-json\/wp\/v2\/product\/9043","targetHints":{"allow":["GET"]}}],"collection":[{"href":"http:\/\/www.assosmetal.com.tr\/public_html\/wp-json\/wp\/v2\/product"}],"about":[{"href":"http:\/\/www.assosmetal.com.tr\/public_html\/wp-json\/wp\/v2\/types\/product"}],"replies":[{"embeddable":true,"href":"http:\/\/www.assosmetal.com.tr\/public_html\/wp-json\/wp\/v2\/comments?post=9043"}],"version-history":[{"count":0,"href":"http:\/\/www.assosmetal.com.tr\/public_html\/wp-json\/wp\/v2\/product\/9043\/revisions"}],"wp:featuredmedia":[{"embeddable":true,"href":"http:\/\/www.assosmetal.com.tr\/public_html\/wp-json\/wp\/v2\/media\/8905"}],"wp:attachment":[{"href":"http:\/\/www.assosmetal.com.tr\/public_html\/wp-json\/wp\/v2\/media?parent=9043"}],"wp:term":[{"taxonomy":"product_brand","embeddable":true,"href":"http:\/\/www.assosmetal.com.tr\/public_html\/wp-json\/wp\/v2\/product_brand?post=9043"},{"taxonomy":"product_cat","embeddable":true,"href":"http:\/\/www.assosmetal.com.tr\/public_html\/wp-json\/wp\/v2\/product_cat?post=9043"},{"taxonomy":"product_tag","embeddable":true,"href":"http:\/\/www.assosmetal.com.tr\/public_html\/wp-json\/wp\/v2\/product_tag?post=9043"}],"curies":[{"name":"wp","href":"https:\/\/api.w.org\/{rel}","templated":true}]}}