{"id":9045,"date":"2025-02-11T20:58:49","date_gmt":"2025-02-11T20:58:49","guid":{"rendered":"http:\/\/www.assosmetal.com.tr\/public_html\/?post_type=product&#038;p=9045"},"modified":"2025-02-11T20:59:06","modified_gmt":"2025-02-11T20:59:06","slug":"mul-t-lock-dh-60-manyetik-kapi-tutucu-2","status":"publish","type":"product","link":"http:\/\/www.assosmetal.com.tr\/public_html\/urun\/mul-t-lock-dh-60-manyetik-kapi-tutucu-2\/","title":{"rendered":"Mul-T-Lock DH 60 Manyetik Kap\u0131 Tutucu"},"content":{"rendered":"<p><strong>Mul-T-Lock DH 60 manyetik kap\u0131 tutucu \u00e7o\u011funlukla yang\u0131n bariyer g\u00f6revi yapan kapat\u0131c\u0131l\u0131 yang\u0131n kap\u0131larda kullan\u0131l\u0131r.<\/strong><\/p>\n<ul>\n<li>\u2018\u2019Enerji varken kilitli (fail safe)\u2019\u2019 kalma esnas\u0131na g\u00f6re \u00e7al\u0131\u015f\u0131r.<\/li>\n<li>60 kg tutma kapasitesine sahiptir.<\/li>\n<li>Duvar tipi ve yer tipi montaja uygundur.<\/li>\n<li>Yang\u0131n ve ge\u00e7i\u015f kontrol sistemleri ile uyumludur.<\/li>\n<\/ul>\n","protected":false},"excerpt":{"rendered":"<p>Mul-T-Lock DH 60 manyetik kap\u0131 tutucu \u00e7o\u011funlukla yang\u0131n bariyer g\u00f6revi yapan kapat\u0131c\u0131l\u0131 yang\u0131n kap\u0131larda kullan\u0131l\u0131r. \u2018\u2019Enerji varken kilitli (fail safe)\u2019\u2019 kalma esnas\u0131na g\u00f6re \u00e7al\u0131\u015f\u0131r. 60 kg tutma kapasitesine sahiptir. Duvar tipi ve yer tipi montaja uygundur. Yang\u0131n ve ge\u00e7i\u015f kontrol sistemleri ile uyumludur.<\/p>\n","protected":false},"featured_media":8921,"comment_status":"open","ping_status":"closed","template":"","meta":[],"product_brand":[52],"product_cat":[29],"product_tag":[],"class_list":{"0":"post-9045","1":"product","2":"type-product","3":"status-publish","4":"has-post-thumbnail","6":"product_brand-mul-t-lock","7":"product_cat-yangin-kapisi-donanimlari","9":"first","10":"instock","11":"shipping-taxable","12":"product-type-simple"},"jetpack_sharing_enabled":true,"_links":{"self":[{"href":"http:\/\/www.assosmetal.com.tr\/public_html\/wp-json\/wp\/v2\/product\/9045","targetHints":{"allow":["GET"]}}],"collection":[{"href":"http:\/\/www.assosmetal.com.tr\/public_html\/wp-json\/wp\/v2\/product"}],"about":[{"href":"http:\/\/www.assosmetal.com.tr\/public_html\/wp-json\/wp\/v2\/types\/product"}],"replies":[{"embeddable":true,"href":"http:\/\/www.assosmetal.com.tr\/public_html\/wp-json\/wp\/v2\/comments?post=9045"}],"version-history":[{"count":0,"href":"http:\/\/www.assosmetal.com.tr\/public_html\/wp-json\/wp\/v2\/product\/9045\/revisions"}],"wp:featuredmedia":[{"embeddable":true,"href":"http:\/\/www.assosmetal.com.tr\/public_html\/wp-json\/wp\/v2\/media\/8921"}],"wp:attachment":[{"href":"http:\/\/www.assosmetal.com.tr\/public_html\/wp-json\/wp\/v2\/media?parent=9045"}],"wp:term":[{"taxonomy":"product_brand","embeddable":true,"href":"http:\/\/www.assosmetal.com.tr\/public_html\/wp-json\/wp\/v2\/product_brand?post=9045"},{"taxonomy":"product_cat","embeddable":true,"href":"http:\/\/www.assosmetal.com.tr\/public_html\/wp-json\/wp\/v2\/product_cat?post=9045"},{"taxonomy":"product_tag","embeddable":true,"href":"http:\/\/www.assosmetal.com.tr\/public_html\/wp-json\/wp\/v2\/product_tag?post=9045"}],"curies":[{"name":"wp","href":"https:\/\/api.w.org\/{rel}","templated":true}]}}