{"id":9046,"date":"2025-02-11T20:58:49","date_gmt":"2025-02-11T20:58:49","guid":{"rendered":"http:\/\/www.assosmetal.com.tr\/public_html\/?post_type=product&#038;p=9046"},"modified":"2025-02-11T20:59:07","modified_gmt":"2025-02-11T20:59:07","slug":"omni-220e-dis-kilitli-kol-2","status":"publish","type":"product","link":"http:\/\/www.assosmetal.com.tr\/public_html\/urun\/omni-220e-dis-kilitli-kol-2\/","title":{"rendered":"Omni 220E D\u0131\u015f Kilitli Kol"},"content":{"rendered":"<p><strong>Omni 220E D\u0131\u015f Kilitli Kol<\/strong><\/p>\n<ul>\n<li>200 E panik bar\u0131n d\u0131\u015f\u0131na uygulanarak kap\u0131ya d\u0131\u015ftan m\u00fcdahale etmek ve kilitlemeyi sa\u011flar<\/li>\n<li>Hem sa\u011f hem sol a\u00e7\u0131l\u0131ml\u0131 kap\u0131larda kullan\u0131labilir<\/li>\n<li>Aluminyum ala\u015f\u0131ml\u0131 g\u00f6vde ve kol, \u00e7elik sac ve zamak \u00e7al\u0131\u015fan par\u00e7alar.<\/li>\n<\/ul>\n","protected":false},"excerpt":{"rendered":"<p>Omni 220E D\u0131\u015f Kilitli Kol 200 E panik bar\u0131n d\u0131\u015f\u0131na uygulanarak kap\u0131ya d\u0131\u015ftan m\u00fcdahale etmek ve kilitlemeyi sa\u011flar Hem sa\u011f hem sol a\u00e7\u0131l\u0131ml\u0131 kap\u0131larda kullan\u0131labilir Aluminyum ala\u015f\u0131ml\u0131 g\u00f6vde ve kol, \u00e7elik sac ve zamak \u00e7al\u0131\u015fan par\u00e7alar.<\/p>\n","protected":false},"featured_media":8931,"comment_status":"open","ping_status":"closed","template":"","meta":[],"product_brand":[53],"product_cat":[29],"product_tag":[],"class_list":{"0":"post-9046","1":"product","2":"type-product","3":"status-publish","4":"has-post-thumbnail","6":"product_brand-omni","7":"product_cat-yangin-kapisi-donanimlari","9":"first","10":"instock","11":"shipping-taxable","12":"product-type-simple"},"jetpack_sharing_enabled":true,"_links":{"self":[{"href":"http:\/\/www.assosmetal.com.tr\/public_html\/wp-json\/wp\/v2\/product\/9046","targetHints":{"allow":["GET"]}}],"collection":[{"href":"http:\/\/www.assosmetal.com.tr\/public_html\/wp-json\/wp\/v2\/product"}],"about":[{"href":"http:\/\/www.assosmetal.com.tr\/public_html\/wp-json\/wp\/v2\/types\/product"}],"replies":[{"embeddable":true,"href":"http:\/\/www.assosmetal.com.tr\/public_html\/wp-json\/wp\/v2\/comments?post=9046"}],"version-history":[{"count":0,"href":"http:\/\/www.assosmetal.com.tr\/public_html\/wp-json\/wp\/v2\/product\/9046\/revisions"}],"wp:featuredmedia":[{"embeddable":true,"href":"http:\/\/www.assosmetal.com.tr\/public_html\/wp-json\/wp\/v2\/media\/8931"}],"wp:attachment":[{"href":"http:\/\/www.assosmetal.com.tr\/public_html\/wp-json\/wp\/v2\/media?parent=9046"}],"wp:term":[{"taxonomy":"product_brand","embeddable":true,"href":"http:\/\/www.assosmetal.com.tr\/public_html\/wp-json\/wp\/v2\/product_brand?post=9046"},{"taxonomy":"product_cat","embeddable":true,"href":"http:\/\/www.assosmetal.com.tr\/public_html\/wp-json\/wp\/v2\/product_cat?post=9046"},{"taxonomy":"product_tag","embeddable":true,"href":"http:\/\/www.assosmetal.com.tr\/public_html\/wp-json\/wp\/v2\/product_tag?post=9046"}],"curies":[{"name":"wp","href":"https:\/\/api.w.org\/{rel}","templated":true}]}}