{"id":9053,"date":"2025-02-11T20:59:17","date_gmt":"2025-02-11T20:59:17","guid":{"rendered":"http:\/\/www.assosmetal.com.tr\/public_html\/?post_type=product&#038;p=9053"},"modified":"2025-02-19T12:03:28","modified_gmt":"2025-02-19T12:03:28","slug":"palmo-waterproof-as-600-akilli-kapi-kilidi-2","status":"publish","type":"product","link":"http:\/\/www.assosmetal.com.tr\/public_html\/urun\/palmo-waterproof-as-600-akilli-kapi-kilidi-2\/","title":{"rendered":"Palmo  G\u00fcm\u00fc\u015f Waterproof AS 600 Ak\u0131ll\u0131 Kap\u0131 Kilidi"},"content":{"rendered":"<p><strong>IP65 derin su ge\u00e7irmez, su ge\u00e7irmez ve g\u00fcne\u015f kremi<\/strong><\/p>\n<p><strong>Parmak izi, \u015fifre, IC kart\u0131, anahtar, WeChat uygulamas\u0131 be\u015fi bir arada kilit a\u00e7ma<\/strong><\/p>\n<p><strong>Temel parametreler Lingchen \u00e7\u00f6z\u00fcm\u00fc, FPC parmak izi kafas\u0131<\/strong><\/p>\n<p><strong>Al\u00fcminyum ala\u015f\u0131ml\u0131 g\u00f6vde, vakumlu galvanik<\/strong><\/p>\n<p><strong>iste\u011fe ba\u011fl\u0131 renkler dar\u0131 siyah\u0131, titanyum bo\u015f g\u00fcm\u00fc\u015f<\/strong><\/p>\n<p><strong>Pencereler, kap\u0131lar ve g\u00fcne\u015flenme odalar\u0131 i\u00e7in ortak olan iste\u011fe ba\u011fl\u0131 uzun kol ve k\u0131sa kol<\/strong><\/p>\n<p><strong>Uzaktan kumanda ve WiFi mod\u00fclleri eklenebilir<\/strong><\/p>\n<p><strong>K\u0131r\u0131k k\u00f6pr\u00fc al\u00fcminyum kap\u0131<\/strong><\/p>\n","protected":false},"excerpt":{"rendered":"<p>IP65 derin su ge\u00e7irmez, su ge\u00e7irmez ve g\u00fcne\u015f kremi Parmak izi, \u015fifre, IC kart\u0131, anahtar, WeChat uygulamas\u0131 be\u015fi bir arada kilit a\u00e7ma Temel parametreler Lingchen \u00e7\u00f6z\u00fcm\u00fc, FPC parmak izi kafas\u0131 Al\u00fcminyum ala\u015f\u0131ml\u0131 g\u00f6vde, vakumlu galvanik iste\u011fe ba\u011fl\u0131 renkler dar\u0131 siyah\u0131, titanyum bo\u015f g\u00fcm\u00fc\u015f Pencereler, kap\u0131lar ve g\u00fcne\u015flenme odalar\u0131 i\u00e7in ortak olan iste\u011fe ba\u011fl\u0131 uzun kol [&hellip;]<\/p>\n","protected":false},"featured_media":10439,"comment_status":"open","ping_status":"closed","template":"","meta":[],"product_brand":[45],"product_cat":[32],"product_tag":[],"class_list":{"0":"post-9053","1":"product","2":"type-product","3":"status-publish","4":"has-post-thumbnail","6":"product_brand-palmo","7":"product_cat-akilli-guvenlik-sistemleri","9":"first","10":"instock","11":"shipping-taxable","12":"product-type-simple"},"jetpack_sharing_enabled":true,"_links":{"self":[{"href":"http:\/\/www.assosmetal.com.tr\/public_html\/wp-json\/wp\/v2\/product\/9053","targetHints":{"allow":["GET"]}}],"collection":[{"href":"http:\/\/www.assosmetal.com.tr\/public_html\/wp-json\/wp\/v2\/product"}],"about":[{"href":"http:\/\/www.assosmetal.com.tr\/public_html\/wp-json\/wp\/v2\/types\/product"}],"replies":[{"embeddable":true,"href":"http:\/\/www.assosmetal.com.tr\/public_html\/wp-json\/wp\/v2\/comments?post=9053"}],"version-history":[{"count":3,"href":"http:\/\/www.assosmetal.com.tr\/public_html\/wp-json\/wp\/v2\/product\/9053\/revisions"}],"predecessor-version":[{"id":10490,"href":"http:\/\/www.assosmetal.com.tr\/public_html\/wp-json\/wp\/v2\/product\/9053\/revisions\/10490"}],"wp:featuredmedia":[{"embeddable":true,"href":"http:\/\/www.assosmetal.com.tr\/public_html\/wp-json\/wp\/v2\/media\/10439"}],"wp:attachment":[{"href":"http:\/\/www.assosmetal.com.tr\/public_html\/wp-json\/wp\/v2\/media?parent=9053"}],"wp:term":[{"taxonomy":"product_brand","embeddable":true,"href":"http:\/\/www.assosmetal.com.tr\/public_html\/wp-json\/wp\/v2\/product_brand?post=9053"},{"taxonomy":"product_cat","embeddable":true,"href":"http:\/\/www.assosmetal.com.tr\/public_html\/wp-json\/wp\/v2\/product_cat?post=9053"},{"taxonomy":"product_tag","embeddable":true,"href":"http:\/\/www.assosmetal.com.tr\/public_html\/wp-json\/wp\/v2\/product_tag?post=9053"}],"curies":[{"name":"wp","href":"https:\/\/api.w.org\/{rel}","templated":true}]}}