{"id":9054,"date":"2025-02-11T20:59:17","date_gmt":"2025-02-11T20:59:17","guid":{"rendered":"http:\/\/www.assosmetal.com.tr\/public_html\/?post_type=product&#038;p=9054"},"modified":"2025-02-19T11:35:55","modified_gmt":"2025-02-19T11:35:55","slug":"palmo-waterproof-as-700-akilli-kapi-kilidi-2","status":"publish","type":"product","link":"http:\/\/www.assosmetal.com.tr\/public_html\/urun\/palmo-waterproof-as-700-akilli-kapi-kilidi-2\/","title":{"rendered":"Palmo Waterproof AS 700 Ak\u0131ll\u0131 Kap\u0131 Kilidi"},"content":{"rendered":"<p><strong>IP65 derin su ge\u00e7irmez, su ge\u00e7irmez ve g\u00fcne\u015f kremi<\/strong><\/p>\n<p><strong>Parmak izi, \u015fifre, IC kart\u0131, anahtar, WeChat uygulamas\u0131 be\u015fi bir arada kilit a\u00e7ma<\/strong><\/p>\n<p><strong>Temel parametreler Lingchen \u00e7\u00f6z\u00fcm\u00fc, FPC parmak izi kafas\u0131<\/strong><\/p>\n<p><strong>Al\u00fcminyum ala\u015f\u0131ml\u0131 g\u00f6vde, vakumlu galvanik<\/strong><\/p>\n<p><strong>iste\u011fe ba\u011fl\u0131 renkler k\u0131rm\u0131z\u0131 bronz, dar\u0131 siyah\u0131<\/strong><\/p>\n<p><strong>D\u0131\u015f mekan kullan\u0131m\u0131 i\u00e7in \u00f6zel fonlar<\/strong><\/p>\n","protected":false},"excerpt":{"rendered":"<p>IP65 derin su ge\u00e7irmez, su ge\u00e7irmez ve g\u00fcne\u015f kremi Parmak izi, \u015fifre, IC kart\u0131, anahtar, WeChat uygulamas\u0131 be\u015fi bir arada kilit a\u00e7ma Temel parametreler Lingchen \u00e7\u00f6z\u00fcm\u00fc, FPC parmak izi kafas\u0131 Al\u00fcminyum ala\u015f\u0131ml\u0131 g\u00f6vde, vakumlu galvanik iste\u011fe ba\u011fl\u0131 renkler k\u0131rm\u0131z\u0131 bronz, dar\u0131 siyah\u0131 D\u0131\u015f mekan kullan\u0131m\u0131 i\u00e7in \u00f6zel fonlar<\/p>\n","protected":false},"featured_media":10446,"comment_status":"open","ping_status":"closed","template":"","meta":[],"product_brand":[45],"product_cat":[32],"product_tag":[],"class_list":{"0":"post-9054","1":"product","2":"type-product","3":"status-publish","4":"has-post-thumbnail","6":"product_brand-palmo","7":"product_cat-akilli-guvenlik-sistemleri","9":"first","10":"instock","11":"shipping-taxable","12":"product-type-simple"},"jetpack_sharing_enabled":true,"_links":{"self":[{"href":"http:\/\/www.assosmetal.com.tr\/public_html\/wp-json\/wp\/v2\/product\/9054","targetHints":{"allow":["GET"]}}],"collection":[{"href":"http:\/\/www.assosmetal.com.tr\/public_html\/wp-json\/wp\/v2\/product"}],"about":[{"href":"http:\/\/www.assosmetal.com.tr\/public_html\/wp-json\/wp\/v2\/types\/product"}],"replies":[{"embeddable":true,"href":"http:\/\/www.assosmetal.com.tr\/public_html\/wp-json\/wp\/v2\/comments?post=9054"}],"version-history":[{"count":1,"href":"http:\/\/www.assosmetal.com.tr\/public_html\/wp-json\/wp\/v2\/product\/9054\/revisions"}],"predecessor-version":[{"id":10482,"href":"http:\/\/www.assosmetal.com.tr\/public_html\/wp-json\/wp\/v2\/product\/9054\/revisions\/10482"}],"wp:featuredmedia":[{"embeddable":true,"href":"http:\/\/www.assosmetal.com.tr\/public_html\/wp-json\/wp\/v2\/media\/10446"}],"wp:attachment":[{"href":"http:\/\/www.assosmetal.com.tr\/public_html\/wp-json\/wp\/v2\/media?parent=9054"}],"wp:term":[{"taxonomy":"product_brand","embeddable":true,"href":"http:\/\/www.assosmetal.com.tr\/public_html\/wp-json\/wp\/v2\/product_brand?post=9054"},{"taxonomy":"product_cat","embeddable":true,"href":"http:\/\/www.assosmetal.com.tr\/public_html\/wp-json\/wp\/v2\/product_cat?post=9054"},{"taxonomy":"product_tag","embeddable":true,"href":"http:\/\/www.assosmetal.com.tr\/public_html\/wp-json\/wp\/v2\/product_tag?post=9054"}],"curies":[{"name":"wp","href":"https:\/\/api.w.org\/{rel}","templated":true}]}}