{"id":9055,"date":"2025-02-11T20:59:17","date_gmt":"2025-02-11T20:59:17","guid":{"rendered":"http:\/\/www.assosmetal.com.tr\/public_html\/?post_type=product&#038;p=9055"},"modified":"2025-02-19T12:07:50","modified_gmt":"2025-02-19T12:07:50","slug":"palmo-elmas-kedi-gozu-as-900-akilli-kapi-kilidi-2","status":"publish","type":"product","link":"http:\/\/www.assosmetal.com.tr\/public_html\/urun\/palmo-elmas-kedi-gozu-as-900-akilli-kapi-kilidi-2\/","title":{"rendered":"Palmo Elmas Kedi G\u00f6z\u00fc AS 900 Ak\u0131ll\u0131 Kap\u0131 Kilidi"},"content":{"rendered":"<p><strong>Cep telefonu APP uzaktan yakalama, kilidini a\u00e7ma, kay\u0131t sorgusu<\/strong><\/p>\n<p><strong>1 milyon piksel y\u00fcksek \u00e7\u00f6z\u00fcn\u00fcrl\u00fckl\u00fc kamera, 1080P 4.5 in\u00e7 y\u00fcksek \u00e7\u00f6z\u00fcn\u00fcrl\u00fckl\u00fc ekran<\/strong><\/p>\n<p><strong>Parmak izi, \u015fifre, IC kart\u0131, WeChat uygulamas\u0131, anahtar, cep telefonu uzaktan kumandas\u0131 alt\u0131s\u0131 bir arada<\/strong><\/p>\n<p><strong>\u00c7ekirdek yap\u0131land\u0131rma yedi \u00e7ekirdekli anakart, FPC parmak izi kafas\u0131, Futeng motor, 4200mA lityum pil<\/strong><\/p>\n<p><strong>Malzeme al\u00fcminyum ala\u015f\u0131m\u0131<\/strong><\/p>\n<p><strong>iste\u011fe ba\u011fl\u0131 renk galvanik parlak tabanca<\/strong><\/p>\n","protected":false},"excerpt":{"rendered":"<p>Cep telefonu APP uzaktan yakalama, kilidini a\u00e7ma, kay\u0131t sorgusu 1 milyon piksel y\u00fcksek \u00e7\u00f6z\u00fcn\u00fcrl\u00fckl\u00fc kamera, 1080P 4.5 in\u00e7 y\u00fcksek \u00e7\u00f6z\u00fcn\u00fcrl\u00fckl\u00fc ekran Parmak izi, \u015fifre, IC kart\u0131, WeChat uygulamas\u0131, anahtar, cep telefonu uzaktan kumandas\u0131 alt\u0131s\u0131 bir arada \u00c7ekirdek yap\u0131land\u0131rma yedi \u00e7ekirdekli anakart, FPC parmak izi kafas\u0131, Futeng motor, 4200mA lityum pil Malzeme al\u00fcminyum ala\u015f\u0131m\u0131 iste\u011fe ba\u011fl\u0131 [&hellip;]<\/p>\n","protected":false},"featured_media":10492,"comment_status":"open","ping_status":"closed","template":"","meta":[],"product_brand":[45],"product_cat":[32],"product_tag":[],"class_list":{"0":"post-9055","1":"product","2":"type-product","3":"status-publish","4":"has-post-thumbnail","6":"product_brand-palmo","7":"product_cat-akilli-guvenlik-sistemleri","9":"first","10":"instock","11":"shipping-taxable","12":"product-type-simple"},"jetpack_sharing_enabled":true,"_links":{"self":[{"href":"http:\/\/www.assosmetal.com.tr\/public_html\/wp-json\/wp\/v2\/product\/9055","targetHints":{"allow":["GET"]}}],"collection":[{"href":"http:\/\/www.assosmetal.com.tr\/public_html\/wp-json\/wp\/v2\/product"}],"about":[{"href":"http:\/\/www.assosmetal.com.tr\/public_html\/wp-json\/wp\/v2\/types\/product"}],"replies":[{"embeddable":true,"href":"http:\/\/www.assosmetal.com.tr\/public_html\/wp-json\/wp\/v2\/comments?post=9055"}],"version-history":[{"count":1,"href":"http:\/\/www.assosmetal.com.tr\/public_html\/wp-json\/wp\/v2\/product\/9055\/revisions"}],"predecessor-version":[{"id":10493,"href":"http:\/\/www.assosmetal.com.tr\/public_html\/wp-json\/wp\/v2\/product\/9055\/revisions\/10493"}],"wp:featuredmedia":[{"embeddable":true,"href":"http:\/\/www.assosmetal.com.tr\/public_html\/wp-json\/wp\/v2\/media\/10492"}],"wp:attachment":[{"href":"http:\/\/www.assosmetal.com.tr\/public_html\/wp-json\/wp\/v2\/media?parent=9055"}],"wp:term":[{"taxonomy":"product_brand","embeddable":true,"href":"http:\/\/www.assosmetal.com.tr\/public_html\/wp-json\/wp\/v2\/product_brand?post=9055"},{"taxonomy":"product_cat","embeddable":true,"href":"http:\/\/www.assosmetal.com.tr\/public_html\/wp-json\/wp\/v2\/product_cat?post=9055"},{"taxonomy":"product_tag","embeddable":true,"href":"http:\/\/www.assosmetal.com.tr\/public_html\/wp-json\/wp\/v2\/product_tag?post=9055"}],"curies":[{"name":"wp","href":"https:\/\/api.w.org\/{rel}","templated":true}]}}