{"id":9063,"date":"2025-02-11T20:59:18","date_gmt":"2025-02-11T20:59:18","guid":{"rendered":"http:\/\/www.assosmetal.com.tr\/public_html\/?post_type=product&#038;p=9063"},"modified":"2025-02-19T11:23:41","modified_gmt":"2025-02-19T11:23:41","slug":"palmo-m30-160-akilli-kapi-kilidi-2","status":"publish","type":"product","link":"http:\/\/www.assosmetal.com.tr\/public_html\/urun\/palmo-m30-160-akilli-kapi-kilidi-2\/","title":{"rendered":"Palmo M30 160 Ak\u0131ll\u0131 Kap\u0131 Kilidi"},"content":{"rendered":"<p><strong>3D y\u00fcz tan\u0131ma, HD kamera kedi g\u00f6z\u00fc<\/strong><\/p>\n<p><strong>1 milyon piksel y\u00fcksek \u00e7\u00f6z\u00fcn\u00fcrl\u00fckl\u00fc kamera, 1080P 3,5 in\u00e7 y\u00fcksek \u00e7\u00f6z\u00fcn\u00fcrl\u00fckl\u00fc IPS sabit ekran<\/strong><\/p>\n<p><strong>Y\u00fcz, parmak izi, \u015fifre, IC kart\u0131, WeChat uygulamas\u0131, anahtar ve cep telefonu uzaktan kumandas\u0131, yedisi bir arada<\/strong><\/p>\n<p><strong>\u00c7ekirdek yap\u0131land\u0131rma: Obi Zhongguang 3D yap\u0131land\u0131r\u0131lm\u0131\u015f hafif y\u00fcz mod\u00fcl\u00fc, yedi \u00e7ekirdekli anakart, FPC parmak izi kafas\u0131, Dongshunda motor, 4200mA lityum pil<\/strong><\/p>\n<p><strong>Malzeme \u00e7inko ala\u015f\u0131m\u0131<\/strong><\/p>\n<p><strong>iste\u011fe ba\u011fl\u0131 renk parlak tabanca<\/strong><\/p>\n","protected":false},"excerpt":{"rendered":"<p>3D y\u00fcz tan\u0131ma, HD kamera kedi g\u00f6z\u00fc 1 milyon piksel y\u00fcksek \u00e7\u00f6z\u00fcn\u00fcrl\u00fckl\u00fc kamera, 1080P 3,5 in\u00e7 y\u00fcksek \u00e7\u00f6z\u00fcn\u00fcrl\u00fckl\u00fc IPS sabit ekran Y\u00fcz, parmak izi, \u015fifre, IC kart\u0131, WeChat uygulamas\u0131, anahtar ve cep telefonu uzaktan kumandas\u0131, yedisi bir arada \u00c7ekirdek yap\u0131land\u0131rma: Obi Zhongguang 3D yap\u0131land\u0131r\u0131lm\u0131\u015f hafif y\u00fcz mod\u00fcl\u00fc, yedi \u00e7ekirdekli anakart, FPC parmak izi kafas\u0131, Dongshunda [&hellip;]<\/p>\n","protected":false},"featured_media":10442,"comment_status":"open","ping_status":"closed","template":"","meta":[],"product_brand":[45],"product_cat":[32],"product_tag":[],"class_list":{"0":"post-9063","1":"product","2":"type-product","3":"status-publish","4":"has-post-thumbnail","6":"product_brand-palmo","7":"product_cat-akilli-guvenlik-sistemleri","9":"first","10":"instock","11":"shipping-taxable","12":"product-type-simple"},"jetpack_sharing_enabled":true,"_links":{"self":[{"href":"http:\/\/www.assosmetal.com.tr\/public_html\/wp-json\/wp\/v2\/product\/9063","targetHints":{"allow":["GET"]}}],"collection":[{"href":"http:\/\/www.assosmetal.com.tr\/public_html\/wp-json\/wp\/v2\/product"}],"about":[{"href":"http:\/\/www.assosmetal.com.tr\/public_html\/wp-json\/wp\/v2\/types\/product"}],"replies":[{"embeddable":true,"href":"http:\/\/www.assosmetal.com.tr\/public_html\/wp-json\/wp\/v2\/comments?post=9063"}],"version-history":[{"count":1,"href":"http:\/\/www.assosmetal.com.tr\/public_html\/wp-json\/wp\/v2\/product\/9063\/revisions"}],"predecessor-version":[{"id":10477,"href":"http:\/\/www.assosmetal.com.tr\/public_html\/wp-json\/wp\/v2\/product\/9063\/revisions\/10477"}],"wp:featuredmedia":[{"embeddable":true,"href":"http:\/\/www.assosmetal.com.tr\/public_html\/wp-json\/wp\/v2\/media\/10442"}],"wp:attachment":[{"href":"http:\/\/www.assosmetal.com.tr\/public_html\/wp-json\/wp\/v2\/media?parent=9063"}],"wp:term":[{"taxonomy":"product_brand","embeddable":true,"href":"http:\/\/www.assosmetal.com.tr\/public_html\/wp-json\/wp\/v2\/product_brand?post=9063"},{"taxonomy":"product_cat","embeddable":true,"href":"http:\/\/www.assosmetal.com.tr\/public_html\/wp-json\/wp\/v2\/product_cat?post=9063"},{"taxonomy":"product_tag","embeddable":true,"href":"http:\/\/www.assosmetal.com.tr\/public_html\/wp-json\/wp\/v2\/product_tag?post=9063"}],"curies":[{"name":"wp","href":"https:\/\/api.w.org\/{rel}","templated":true}]}}