{"id":9143,"date":"2025-02-11T21:00:14","date_gmt":"2025-02-11T21:00:14","guid":{"rendered":"http:\/\/www.assosmetal.com.tr\/public_html\/?post_type=product&#038;p=9143"},"modified":"2025-02-11T21:00:18","modified_gmt":"2025-02-11T21:00:18","slug":"tytan-professional-dusakabin-silikonu","status":"publish","type":"product","link":"http:\/\/www.assosmetal.com.tr\/public_html\/urun\/tytan-professional-dusakabin-silikonu\/","title":{"rendered":"Tytan Professional Du\u015fakabin Silikonu"},"content":{"rendered":"<p><strong>Esnek, asit k\u00fcrlenen dolgu macunu. Mantar veya alg olu\u015fumunu ve b\u00fcy\u00fcmesini engelleyen maddeler i\u00e7erir.<\/strong><\/p>\n<p>&nbsp;<\/p>\n<p><strong>Mantara kar\u015f\u0131 uzun s\u00fcreli dayan\u0131ml\u0131d\u0131r.<\/strong><\/p>\n<p><strong>UYGULAMALAR:<\/strong><\/p>\n<p><strong>Y\u00fcksek nem alanlar\u0131ndaki ba\u011flant\u0131lar\u0131n ve<\/strong><br \/>\n<strong>bo\u015fluklar\u0131n s\u0131zd\u0131rmazl\u0131\u011f\u0131<\/strong><br \/>\n<strong>Su ve at\u0131k su sistemlerinin s\u0131zd\u0131rmazl\u0131\u011f\u0131<\/strong><br \/>\n<strong>Seramik fanaslarda derz i\u015faretleme<\/strong><\/p>\n<p><strong>AVANTAJLARI:<\/strong><\/p>\n<p><strong>Mantar ve k\u00fcf olu\u015fumuna dayan\u0131kl\u0131<\/strong><br \/>\n<strong>Cam, seramik, porselen ve ah\u015fapa m\u00fckemmel<\/strong><br \/>\n<strong>yap\u0131\u015fma<\/strong><br \/>\n<strong>Su ge\u00e7irmez<\/strong><br \/>\n<strong>Renk dayan\u0131m\u0131<\/strong><\/p>\n<ul>\n<li>Renkler: beyaz, \u015feffaf<\/li>\n<li>K\u00fcrlenme sistemi: asetat<\/li>\n<li>K\u00fcrlenme oran\u0131: 3 mm \/ 24 saat (+23\u00b0C,<\/li>\n<li>50% ba\u011f\u0131l nemde)<\/li>\n<li>S\u0131cakl\u0131k dayan\u0131m\u0131: -40 \u00b0C ile 100 \u00b0C aras\u0131nda<\/li>\n<\/ul>\n","protected":false},"excerpt":{"rendered":"<p>Esnek, asit k\u00fcrlenen dolgu macunu. Mantar veya alg olu\u015fumunu ve b\u00fcy\u00fcmesini engelleyen maddeler i\u00e7erir. &nbsp; Mantara kar\u015f\u0131 uzun s\u00fcreli dayan\u0131ml\u0131d\u0131r. UYGULAMALAR: Y\u00fcksek nem alanlar\u0131ndaki ba\u011flant\u0131lar\u0131n ve bo\u015fluklar\u0131n s\u0131zd\u0131rmazl\u0131\u011f\u0131 Su ve at\u0131k su sistemlerinin s\u0131zd\u0131rmazl\u0131\u011f\u0131 Seramik fanaslarda derz i\u015faretleme AVANTAJLARI: Mantar ve k\u00fcf olu\u015fumuna dayan\u0131kl\u0131 Cam, seramik, porselen ve ah\u015fapa m\u00fckemmel yap\u0131\u015fma Su ge\u00e7irmez Renk dayan\u0131m\u0131 [&hellip;]<\/p>\n","protected":false},"featured_media":8951,"comment_status":"open","ping_status":"closed","template":"","meta":[],"product_brand":[42],"product_cat":[55],"product_tag":[],"class_list":{"0":"post-9143","1":"product","2":"type-product","3":"status-publish","4":"has-post-thumbnail","6":"product_brand-tytan","7":"product_cat-profesyonel-silikonlar","9":"first","10":"instock","11":"shipping-taxable","12":"product-type-simple"},"jetpack_sharing_enabled":true,"_links":{"self":[{"href":"http:\/\/www.assosmetal.com.tr\/public_html\/wp-json\/wp\/v2\/product\/9143","targetHints":{"allow":["GET"]}}],"collection":[{"href":"http:\/\/www.assosmetal.com.tr\/public_html\/wp-json\/wp\/v2\/product"}],"about":[{"href":"http:\/\/www.assosmetal.com.tr\/public_html\/wp-json\/wp\/v2\/types\/product"}],"replies":[{"embeddable":true,"href":"http:\/\/www.assosmetal.com.tr\/public_html\/wp-json\/wp\/v2\/comments?post=9143"}],"version-history":[{"count":0,"href":"http:\/\/www.assosmetal.com.tr\/public_html\/wp-json\/wp\/v2\/product\/9143\/revisions"}],"wp:featuredmedia":[{"embeddable":true,"href":"http:\/\/www.assosmetal.com.tr\/public_html\/wp-json\/wp\/v2\/media\/8951"}],"wp:attachment":[{"href":"http:\/\/www.assosmetal.com.tr\/public_html\/wp-json\/wp\/v2\/media?parent=9143"}],"wp:term":[{"taxonomy":"product_brand","embeddable":true,"href":"http:\/\/www.assosmetal.com.tr\/public_html\/wp-json\/wp\/v2\/product_brand?post=9143"},{"taxonomy":"product_cat","embeddable":true,"href":"http:\/\/www.assosmetal.com.tr\/public_html\/wp-json\/wp\/v2\/product_cat?post=9143"},{"taxonomy":"product_tag","embeddable":true,"href":"http:\/\/www.assosmetal.com.tr\/public_html\/wp-json\/wp\/v2\/product_tag?post=9143"}],"curies":[{"name":"wp","href":"https:\/\/api.w.org\/{rel}","templated":true}]}}