{"id":9145,"date":"2025-02-11T21:00:15","date_gmt":"2025-02-11T21:00:15","guid":{"rendered":"http:\/\/www.assosmetal.com.tr\/public_html\/?post_type=product&#038;p=9145"},"modified":"2025-02-11T21:00:19","modified_gmt":"2025-02-11T21:00:19","slug":"schmelz-mitron-hs-2-el-sensoru","status":"publish","type":"product","link":"http:\/\/www.assosmetal.com.tr\/public_html\/urun\/schmelz-mitron-hs-2-el-sensoru\/","title":{"rendered":"Schmelz Mitron-HS 2 El Sens\u00f6r\u00fc"},"content":{"rendered":"<p><strong>El sens\u00f6r\u00fc, genellikle hastane kap\u0131lar\u0131 gibi hijyenin \u00f6nemli oldu\u011fu yerlerde kullan\u0131lan ve elinizin \u00fcr\u00fcn \u00fczerine yakla\u015ft\u0131r\u0131lmas\u0131 ile anahtar g\u00f6revi g\u00f6ren, k\u0131z\u0131l \u00f6tesi sinyaller ile \u00e7al\u0131\u015fan bir donan\u0131md\u0131r.<\/strong><\/p>\n<p>&nbsp;<\/p>\n<p><strong>Hastane kap\u0131lar\u0131 ile s\u0131n\u0131rl\u0131 kalmayan, ihtiyaca g\u00f6re bir \u00e7ok yerde kullan\u0131labilecek olan bu \u00fcr\u00fcn\u00fcn teknik bilgileri a\u015fa\u011f\u0131da belirtilmi\u015ftir.<\/strong><\/p>\n<ul>\n<li>MITRON HS02, infrared mod\u00fclasyon, demod\u00fclasyon-m\u00fcdahele gibi durumlara uyum sa\u011flar ve sinyale gerek duymaz.<\/li>\n<li>MITRON HS02temass\u0131z end\u00fcksiyon tasar\u0131m\u0131yla kap\u0131 kolay ve temiz a\u00e7\u0131l\u0131r. \u0130letim mesafesi ger\u00e7ek durumlara g\u00f6re 1 &#8211; 5cm aras\u0131nda olabilir.<\/li>\n<li>MITRON HS02 El Sens\u00f6r\u00fc uzun hizmet \u00f6mr\u00fcyle d\u00fc\u015f\u00fck g\u00fc\u00e7 tasar\u0131m\u0131 sa\u011flar ve y\u00fcksek hassasiyetli infrared t\u00fcplere uyum sa\u011flayarak, kap\u0131 a\u00e7\u0131l\u0131\u015flar\u0131na \u00e7abuk tepki verir.<\/li>\n<\/ul>\n","protected":false},"excerpt":{"rendered":"<p>El sens\u00f6r\u00fc, genellikle hastane kap\u0131lar\u0131 gibi hijyenin \u00f6nemli oldu\u011fu yerlerde kullan\u0131lan ve elinizin \u00fcr\u00fcn \u00fczerine yakla\u015ft\u0131r\u0131lmas\u0131 ile anahtar g\u00f6revi g\u00f6ren, k\u0131z\u0131l \u00f6tesi sinyaller ile \u00e7al\u0131\u015fan bir donan\u0131md\u0131r. &nbsp; Hastane kap\u0131lar\u0131 ile s\u0131n\u0131rl\u0131 kalmayan, ihtiyaca g\u00f6re bir \u00e7ok yerde kullan\u0131labilecek olan bu \u00fcr\u00fcn\u00fcn teknik bilgileri a\u015fa\u011f\u0131da belirtilmi\u015ftir. MITRON HS02, infrared mod\u00fclasyon, demod\u00fclasyon-m\u00fcdahele gibi durumlara uyum sa\u011flar [&hellip;]<\/p>\n","protected":false},"featured_media":8941,"comment_status":"open","ping_status":"closed","template":"","meta":[],"product_brand":[63],"product_cat":[56],"product_tag":[],"class_list":{"0":"post-9145","1":"product","2":"type-product","3":"status-publish","4":"has-post-thumbnail","6":"product_brand-schmelz","7":"product_cat-radar-sensor","9":"first","10":"instock","11":"shipping-taxable","12":"product-type-simple"},"jetpack_sharing_enabled":true,"_links":{"self":[{"href":"http:\/\/www.assosmetal.com.tr\/public_html\/wp-json\/wp\/v2\/product\/9145","targetHints":{"allow":["GET"]}}],"collection":[{"href":"http:\/\/www.assosmetal.com.tr\/public_html\/wp-json\/wp\/v2\/product"}],"about":[{"href":"http:\/\/www.assosmetal.com.tr\/public_html\/wp-json\/wp\/v2\/types\/product"}],"replies":[{"embeddable":true,"href":"http:\/\/www.assosmetal.com.tr\/public_html\/wp-json\/wp\/v2\/comments?post=9145"}],"version-history":[{"count":0,"href":"http:\/\/www.assosmetal.com.tr\/public_html\/wp-json\/wp\/v2\/product\/9145\/revisions"}],"wp:featuredmedia":[{"embeddable":true,"href":"http:\/\/www.assosmetal.com.tr\/public_html\/wp-json\/wp\/v2\/media\/8941"}],"wp:attachment":[{"href":"http:\/\/www.assosmetal.com.tr\/public_html\/wp-json\/wp\/v2\/media?parent=9145"}],"wp:term":[{"taxonomy":"product_brand","embeddable":true,"href":"http:\/\/www.assosmetal.com.tr\/public_html\/wp-json\/wp\/v2\/product_brand?post=9145"},{"taxonomy":"product_cat","embeddable":true,"href":"http:\/\/www.assosmetal.com.tr\/public_html\/wp-json\/wp\/v2\/product_cat?post=9145"},{"taxonomy":"product_tag","embeddable":true,"href":"http:\/\/www.assosmetal.com.tr\/public_html\/wp-json\/wp\/v2\/product_tag?post=9145"}],"curies":[{"name":"wp","href":"https:\/\/api.w.org\/{rel}","templated":true}]}}