{"id":9148,"date":"2025-02-11T21:00:15","date_gmt":"2025-02-11T21:00:15","guid":{"rendered":"http:\/\/www.assosmetal.com.tr\/public_html\/?post_type=product&#038;p=9148"},"modified":"2025-02-11T21:00:19","modified_gmt":"2025-02-11T21:00:19","slug":"kale-elektrikli-tirajli-kilit-157-el-siyah","status":"publish","type":"product","link":"http:\/\/www.assosmetal.com.tr\/public_html\/urun\/kale-elektrikli-tirajli-kilit-157-el-siyah\/","title":{"rendered":"Kale Elektrikli Tirajl\u0131 Kilit 157 EL Siyah"},"content":{"rendered":"<p><strong>Kale Elektrikli Tirajl\u0131 Kilit 157 EL Siyah<\/strong><\/p>\n<ul>\n<li>Anahtar:Multikanall\u0131. Standart. 3 adet.<\/li>\n<li>S\u00fcrg\u00fc:MS 58 Pirin\u00e7<\/li>\n<li>G\u00f6vde ve Kar\u015f\u0131l\u0131k:\u00c7elik. Siyah kaplamal\u0131.;Var<\/li>\n<li>Silindir:MS 58 Pirin\u00e7. Ayarlanabilir.<\/li>\n<li>Rozet:\u00c7elik.<\/li>\n<li>Voltaj Aral\u0131\u011f\u0131:12-15V~ \/ 15W<\/li>\n<li>Makara:Zamak. \u0130ki turlu.<\/li>\n<\/ul>\n","protected":false},"excerpt":{"rendered":"<p>Kale Elektrikli Tirajl\u0131 Kilit 157 EL Siyah Anahtar:Multikanall\u0131. Standart. 3 adet. S\u00fcrg\u00fc:MS 58 Pirin\u00e7 G\u00f6vde ve Kar\u015f\u0131l\u0131k:\u00c7elik. Siyah kaplamal\u0131.;Var Silindir:MS 58 Pirin\u00e7. Ayarlanabilir. Rozet:\u00c7elik. Voltaj Aral\u0131\u011f\u0131:12-15V~ \/ 15W Makara:Zamak. \u0130ki turlu.<\/p>\n","protected":false},"featured_media":8893,"comment_status":"open","ping_status":"closed","template":"","meta":[],"product_brand":[41],"product_cat":[33],"product_tag":[],"class_list":{"0":"post-9148","1":"product","2":"type-product","3":"status-publish","4":"has-post-thumbnail","6":"product_brand-kale","7":"product_cat-tirajli-kilitler","9":"first","10":"instock","11":"shipping-taxable","12":"product-type-simple"},"jetpack_sharing_enabled":true,"_links":{"self":[{"href":"http:\/\/www.assosmetal.com.tr\/public_html\/wp-json\/wp\/v2\/product\/9148","targetHints":{"allow":["GET"]}}],"collection":[{"href":"http:\/\/www.assosmetal.com.tr\/public_html\/wp-json\/wp\/v2\/product"}],"about":[{"href":"http:\/\/www.assosmetal.com.tr\/public_html\/wp-json\/wp\/v2\/types\/product"}],"replies":[{"embeddable":true,"href":"http:\/\/www.assosmetal.com.tr\/public_html\/wp-json\/wp\/v2\/comments?post=9148"}],"version-history":[{"count":0,"href":"http:\/\/www.assosmetal.com.tr\/public_html\/wp-json\/wp\/v2\/product\/9148\/revisions"}],"wp:featuredmedia":[{"embeddable":true,"href":"http:\/\/www.assosmetal.com.tr\/public_html\/wp-json\/wp\/v2\/media\/8893"}],"wp:attachment":[{"href":"http:\/\/www.assosmetal.com.tr\/public_html\/wp-json\/wp\/v2\/media?parent=9148"}],"wp:term":[{"taxonomy":"product_brand","embeddable":true,"href":"http:\/\/www.assosmetal.com.tr\/public_html\/wp-json\/wp\/v2\/product_brand?post=9148"},{"taxonomy":"product_cat","embeddable":true,"href":"http:\/\/www.assosmetal.com.tr\/public_html\/wp-json\/wp\/v2\/product_cat?post=9148"},{"taxonomy":"product_tag","embeddable":true,"href":"http:\/\/www.assosmetal.com.tr\/public_html\/wp-json\/wp\/v2\/product_tag?post=9148"}],"curies":[{"name":"wp","href":"https:\/\/api.w.org\/{rel}","templated":true}]}}