{"id":9150,"date":"2025-02-11T21:00:15","date_gmt":"2025-02-11T21:00:15","guid":{"rendered":"http:\/\/www.assosmetal.com.tr\/public_html\/?post_type=product&#038;p=9150"},"modified":"2025-02-11T21:00:19","modified_gmt":"2025-02-11T21:00:19","slug":"kale-elektrikli-tirajli-kilit-357-md","status":"publish","type":"product","link":"http:\/\/www.assosmetal.com.tr\/public_html\/urun\/kale-elektrikli-tirajli-kilit-357-md\/","title":{"rendered":"Kale Elektrikli Tirajl\u0131 Kilit 357 MD"},"content":{"rendered":"<p><strong>Kale Elektrikli Tirajl\u0131 Kilit 357 MD<\/strong><\/p>\n<ul>\n<li>Anahtar:Multikanall\u0131. Standart. 5 adet.<\/li>\n<li>Mandal:MS 58 Pirin\u00e7<\/li>\n<li>G\u00f6vde ve Kar\u015f\u0131l\u0131k:\u00c7elik. Elektrostatik Siyah Boya;Var<\/li>\n<li>Silindir:MS 58 Pirin\u00e7. Sabit.<\/li>\n<li>Voltaj Aral\u0131\u011f\u0131:12 V AC &#8211; 10W<\/li>\n<li>Makara:Zamak.<\/li>\n<li>Kablo:2&#215;0,50 mm2<\/li>\n<\/ul>\n","protected":false},"excerpt":{"rendered":"<p>Kale Elektrikli Tirajl\u0131 Kilit 357 MD Anahtar:Multikanall\u0131. Standart. 5 adet. Mandal:MS 58 Pirin\u00e7 G\u00f6vde ve Kar\u015f\u0131l\u0131k:\u00c7elik. Elektrostatik Siyah Boya;Var Silindir:MS 58 Pirin\u00e7. Sabit. Voltaj Aral\u0131\u011f\u0131:12 V AC &#8211; 10W Makara:Zamak. Kablo:2&#215;0,50 mm2<\/p>\n","protected":false},"featured_media":8895,"comment_status":"open","ping_status":"closed","template":"","meta":[],"product_brand":[41],"product_cat":[33],"product_tag":[],"class_list":{"0":"post-9150","1":"product","2":"type-product","3":"status-publish","4":"has-post-thumbnail","6":"product_brand-kale","7":"product_cat-tirajli-kilitler","9":"first","10":"instock","11":"shipping-taxable","12":"product-type-simple"},"jetpack_sharing_enabled":true,"_links":{"self":[{"href":"http:\/\/www.assosmetal.com.tr\/public_html\/wp-json\/wp\/v2\/product\/9150","targetHints":{"allow":["GET"]}}],"collection":[{"href":"http:\/\/www.assosmetal.com.tr\/public_html\/wp-json\/wp\/v2\/product"}],"about":[{"href":"http:\/\/www.assosmetal.com.tr\/public_html\/wp-json\/wp\/v2\/types\/product"}],"replies":[{"embeddable":true,"href":"http:\/\/www.assosmetal.com.tr\/public_html\/wp-json\/wp\/v2\/comments?post=9150"}],"version-history":[{"count":0,"href":"http:\/\/www.assosmetal.com.tr\/public_html\/wp-json\/wp\/v2\/product\/9150\/revisions"}],"wp:featuredmedia":[{"embeddable":true,"href":"http:\/\/www.assosmetal.com.tr\/public_html\/wp-json\/wp\/v2\/media\/8895"}],"wp:attachment":[{"href":"http:\/\/www.assosmetal.com.tr\/public_html\/wp-json\/wp\/v2\/media?parent=9150"}],"wp:term":[{"taxonomy":"product_brand","embeddable":true,"href":"http:\/\/www.assosmetal.com.tr\/public_html\/wp-json\/wp\/v2\/product_brand?post=9150"},{"taxonomy":"product_cat","embeddable":true,"href":"http:\/\/www.assosmetal.com.tr\/public_html\/wp-json\/wp\/v2\/product_cat?post=9150"},{"taxonomy":"product_tag","embeddable":true,"href":"http:\/\/www.assosmetal.com.tr\/public_html\/wp-json\/wp\/v2\/product_tag?post=9150"}],"curies":[{"name":"wp","href":"https:\/\/api.w.org\/{rel}","templated":true}]}}