{"id":9151,"date":"2025-02-11T21:00:15","date_gmt":"2025-02-11T21:00:15","guid":{"rendered":"http:\/\/www.assosmetal.com.tr\/public_html\/?post_type=product&#038;p=9151"},"modified":"2025-02-11T21:00:20","modified_gmt":"2025-02-11T21:00:20","slug":"kale-elektrikli-tirajli-kilit-357-ms","status":"publish","type":"product","link":"http:\/\/www.assosmetal.com.tr\/public_html\/urun\/kale-elektrikli-tirajli-kilit-357-ms\/","title":{"rendered":"Kale Elektrikli Tirajl\u0131 Kilit 357 MS"},"content":{"rendered":"<p><strong>Kale Elektrikli Tirajl\u0131 Kilit 357 MS<\/strong><\/p>\n<ul>\n<li>Anahtar:Multikanall\u0131. Standart. 5 adet<\/li>\n<li>Sertifikalar:Yok<\/li>\n<li>Mandal:MS 58 Pirin\u00e7.<\/li>\n<li>G\u00f6vde ve Kar\u015f\u0131l\u0131k:Paslanmaz \u00c7elik;Var<\/li>\n<li>Silindir:MS 58 Pirin\u00e7. Sabit.<\/li>\n<li>Voltaj Aral\u0131\u011f\u0131:12 V AC &#8211; 10W<\/li>\n<li>Makara:Zamak.<\/li>\n<li>Kablo:2&#215;0,50mm2<\/li>\n<\/ul>\n","protected":false},"excerpt":{"rendered":"<p>Kale Elektrikli Tirajl\u0131 Kilit 357 MS Anahtar:Multikanall\u0131. Standart. 5 adet Sertifikalar:Yok Mandal:MS 58 Pirin\u00e7. G\u00f6vde ve Kar\u015f\u0131l\u0131k:Paslanmaz \u00c7elik;Var Silindir:MS 58 Pirin\u00e7. Sabit. Voltaj Aral\u0131\u011f\u0131:12 V AC &#8211; 10W Makara:Zamak. Kablo:2&#215;0,50mm2<\/p>\n","protected":false},"featured_media":8896,"comment_status":"open","ping_status":"closed","template":"","meta":[],"product_brand":[41],"product_cat":[33],"product_tag":[],"class_list":{"0":"post-9151","1":"product","2":"type-product","3":"status-publish","4":"has-post-thumbnail","6":"product_brand-kale","7":"product_cat-tirajli-kilitler","9":"first","10":"instock","11":"shipping-taxable","12":"product-type-simple"},"jetpack_sharing_enabled":true,"_links":{"self":[{"href":"http:\/\/www.assosmetal.com.tr\/public_html\/wp-json\/wp\/v2\/product\/9151","targetHints":{"allow":["GET"]}}],"collection":[{"href":"http:\/\/www.assosmetal.com.tr\/public_html\/wp-json\/wp\/v2\/product"}],"about":[{"href":"http:\/\/www.assosmetal.com.tr\/public_html\/wp-json\/wp\/v2\/types\/product"}],"replies":[{"embeddable":true,"href":"http:\/\/www.assosmetal.com.tr\/public_html\/wp-json\/wp\/v2\/comments?post=9151"}],"version-history":[{"count":0,"href":"http:\/\/www.assosmetal.com.tr\/public_html\/wp-json\/wp\/v2\/product\/9151\/revisions"}],"wp:featuredmedia":[{"embeddable":true,"href":"http:\/\/www.assosmetal.com.tr\/public_html\/wp-json\/wp\/v2\/media\/8896"}],"wp:attachment":[{"href":"http:\/\/www.assosmetal.com.tr\/public_html\/wp-json\/wp\/v2\/media?parent=9151"}],"wp:term":[{"taxonomy":"product_brand","embeddable":true,"href":"http:\/\/www.assosmetal.com.tr\/public_html\/wp-json\/wp\/v2\/product_brand?post=9151"},{"taxonomy":"product_cat","embeddable":true,"href":"http:\/\/www.assosmetal.com.tr\/public_html\/wp-json\/wp\/v2\/product_cat?post=9151"},{"taxonomy":"product_tag","embeddable":true,"href":"http:\/\/www.assosmetal.com.tr\/public_html\/wp-json\/wp\/v2\/product_tag?post=9151"}],"curies":[{"name":"wp","href":"https:\/\/api.w.org\/{rel}","templated":true}]}}