{"id":9153,"date":"2025-02-11T21:00:16","date_gmt":"2025-02-11T21:00:16","guid":{"rendered":"http:\/\/www.assosmetal.com.tr\/public_html\/?post_type=product&#038;p=9153"},"modified":"2025-02-11T21:00:20","modified_gmt":"2025-02-11T21:00:20","slug":"kale-tirajli-kilit-157a-3m","status":"publish","type":"product","link":"http:\/\/www.assosmetal.com.tr\/public_html\/urun\/kale-tirajli-kilit-157a-3m\/","title":{"rendered":"Kale Tirajl\u0131 Kilit 157A 3M"},"content":{"rendered":"<p><strong>Kale Tirajl\u0131 Kilit 157A 3M<\/strong><\/p>\n<ul>\n<li>Anahtar:Multikanall\u0131. Standart. 3 adet.<\/li>\n<li>Sertifikalar:TS EN 12209<\/li>\n<li>S\u00fcrg\u00fc:\u00c7elik. \u00dc\u00e7 Milli. Nikel kaplamal\u0131. \u00dc\u00e7 turlu. (157 C 3M iki turludur.)<\/li>\n<li>Mandal:MS 58 Pirin\u00e7<\/li>\n<li>G\u00f6vde ve Kar\u015f\u0131l\u0131k:\u00c7elik. Elektrostatik Siyah Boyal\u0131.;Var<\/li>\n<li>Silindir:MS 58 Pirin\u00e7.<\/li>\n<li>Rozet:\u00c7elik.<\/li>\n<li>Y\u00f6n:Sa\u011f veya Sol<\/li>\n<\/ul>\n","protected":false},"excerpt":{"rendered":"<p>Kale Tirajl\u0131 Kilit 157A 3M Anahtar:Multikanall\u0131. Standart. 3 adet. Sertifikalar:TS EN 12209 S\u00fcrg\u00fc:\u00c7elik. \u00dc\u00e7 Milli. Nikel kaplamal\u0131. \u00dc\u00e7 turlu. (157 C 3M iki turludur.) Mandal:MS 58 Pirin\u00e7 G\u00f6vde ve Kar\u015f\u0131l\u0131k:\u00c7elik. Elektrostatik Siyah Boyal\u0131.;Var Silindir:MS 58 Pirin\u00e7. Rozet:\u00c7elik. Y\u00f6n:Sa\u011f veya Sol<\/p>\n","protected":false},"featured_media":8899,"comment_status":"open","ping_status":"closed","template":"","meta":[],"product_brand":[41],"product_cat":[33],"product_tag":[],"class_list":{"0":"post-9153","1":"product","2":"type-product","3":"status-publish","4":"has-post-thumbnail","6":"product_brand-kale","7":"product_cat-tirajli-kilitler","9":"first","10":"instock","11":"shipping-taxable","12":"product-type-simple"},"jetpack_sharing_enabled":true,"_links":{"self":[{"href":"http:\/\/www.assosmetal.com.tr\/public_html\/wp-json\/wp\/v2\/product\/9153","targetHints":{"allow":["GET"]}}],"collection":[{"href":"http:\/\/www.assosmetal.com.tr\/public_html\/wp-json\/wp\/v2\/product"}],"about":[{"href":"http:\/\/www.assosmetal.com.tr\/public_html\/wp-json\/wp\/v2\/types\/product"}],"replies":[{"embeddable":true,"href":"http:\/\/www.assosmetal.com.tr\/public_html\/wp-json\/wp\/v2\/comments?post=9153"}],"version-history":[{"count":0,"href":"http:\/\/www.assosmetal.com.tr\/public_html\/wp-json\/wp\/v2\/product\/9153\/revisions"}],"wp:featuredmedia":[{"embeddable":true,"href":"http:\/\/www.assosmetal.com.tr\/public_html\/wp-json\/wp\/v2\/media\/8899"}],"wp:attachment":[{"href":"http:\/\/www.assosmetal.com.tr\/public_html\/wp-json\/wp\/v2\/media?parent=9153"}],"wp:term":[{"taxonomy":"product_brand","embeddable":true,"href":"http:\/\/www.assosmetal.com.tr\/public_html\/wp-json\/wp\/v2\/product_brand?post=9153"},{"taxonomy":"product_cat","embeddable":true,"href":"http:\/\/www.assosmetal.com.tr\/public_html\/wp-json\/wp\/v2\/product_cat?post=9153"},{"taxonomy":"product_tag","embeddable":true,"href":"http:\/\/www.assosmetal.com.tr\/public_html\/wp-json\/wp\/v2\/product_tag?post=9153"}],"curies":[{"name":"wp","href":"https:\/\/api.w.org\/{rel}","templated":true}]}}