{"id":9391,"date":"2025-02-13T09:46:24","date_gmt":"2025-02-13T09:46:24","guid":{"rendered":"http:\/\/www.assosmetal.com.tr\/public_html\/?post_type=product&#038;p=9391"},"modified":"2025-02-13T09:46:25","modified_gmt":"2025-02-13T09:46:25","slug":"nil-mc-457-aluminyum-kapi-kolu","status":"publish","type":"product","link":"http:\/\/www.assosmetal.com.tr\/public_html\/urun\/nil-mc-457-aluminyum-kapi-kolu\/","title":{"rendered":"Nil MC &#8211; 457 Al\u00fcminyum Kap\u0131 Kolu"},"content":{"rendered":"<ul>\n<li>Daire Giri\u015f Kap\u0131lar\u0131<\/li>\n<li>Bina Giri\u015f Kap\u0131lar\u0131<\/li>\n<li>Villa Kap\u0131lar\u0131<\/li>\n<li>Hastane Kap\u0131lar\u0131<\/li>\n<li>Yang\u0131n Kap\u0131lar\u0131<\/li>\n<\/ul>\n","protected":false},"excerpt":{"rendered":"<p>Daire Giri\u015f Kap\u0131lar\u0131 Bina Giri\u015f Kap\u0131lar\u0131 Villa Kap\u0131lar\u0131 Hastane Kap\u0131lar\u0131 Yang\u0131n Kap\u0131lar\u0131<\/p>\n","protected":false},"featured_media":9345,"comment_status":"open","ping_status":"closed","template":"","meta":[],"product_brand":[47],"product_cat":[65],"product_tag":[],"class_list":{"0":"post-9391","1":"product","2":"type-product","3":"status-publish","4":"has-post-thumbnail","6":"product_brand-assos","7":"product_cat-aluminyum-oda-wc-kapi-kollari","9":"first","10":"instock","11":"shipping-taxable","12":"product-type-simple"},"jetpack_sharing_enabled":true,"_links":{"self":[{"href":"http:\/\/www.assosmetal.com.tr\/public_html\/wp-json\/wp\/v2\/product\/9391","targetHints":{"allow":["GET"]}}],"collection":[{"href":"http:\/\/www.assosmetal.com.tr\/public_html\/wp-json\/wp\/v2\/product"}],"about":[{"href":"http:\/\/www.assosmetal.com.tr\/public_html\/wp-json\/wp\/v2\/types\/product"}],"replies":[{"embeddable":true,"href":"http:\/\/www.assosmetal.com.tr\/public_html\/wp-json\/wp\/v2\/comments?post=9391"}],"version-history":[{"count":2,"href":"http:\/\/www.assosmetal.com.tr\/public_html\/wp-json\/wp\/v2\/product\/9391\/revisions"}],"predecessor-version":[{"id":9395,"href":"http:\/\/www.assosmetal.com.tr\/public_html\/wp-json\/wp\/v2\/product\/9391\/revisions\/9395"}],"wp:featuredmedia":[{"embeddable":true,"href":"http:\/\/www.assosmetal.com.tr\/public_html\/wp-json\/wp\/v2\/media\/9345"}],"wp:attachment":[{"href":"http:\/\/www.assosmetal.com.tr\/public_html\/wp-json\/wp\/v2\/media?parent=9391"}],"wp:term":[{"taxonomy":"product_brand","embeddable":true,"href":"http:\/\/www.assosmetal.com.tr\/public_html\/wp-json\/wp\/v2\/product_brand?post=9391"},{"taxonomy":"product_cat","embeddable":true,"href":"http:\/\/www.assosmetal.com.tr\/public_html\/wp-json\/wp\/v2\/product_cat?post=9391"},{"taxonomy":"product_tag","embeddable":true,"href":"http:\/\/www.assosmetal.com.tr\/public_html\/wp-json\/wp\/v2\/product_tag?post=9391"}],"curies":[{"name":"wp","href":"https:\/\/api.w.org\/{rel}","templated":true}]}}