{"id":9481,"date":"2025-02-13T11:28:57","date_gmt":"2025-02-13T11:28:57","guid":{"rendered":"http:\/\/www.assosmetal.com.tr\/public_html\/?post_type=product&#038;p=9481"},"modified":"2025-02-13T11:28:58","modified_gmt":"2025-02-13T11:28:58","slug":"kale-kd012-20-222-mandal-ayarli-elektrikli-kilit-karsiligi-bas-ac","status":"publish","type":"product","link":"http:\/\/www.assosmetal.com.tr\/public_html\/urun\/kale-kd012-20-222-mandal-ayarli-elektrikli-kilit-karsiligi-bas-ac\/","title":{"rendered":"Kale KD012\/20-222 Mandal Ayarl\u0131 Elektrikli Kilit Kar\u015f\u0131l\u0131\u011f\u0131 Bas A\u00e7"},"content":{"rendered":"<p><strong>Kale KD012\/20-222 Mandal Ayarl\u0131 Elektrikli Kilit Kar\u015f\u0131l\u0131\u011f\u0131 Bas A\u00e7<\/strong><\/p>\n<ul>\n<li>G\u00f6vde : Zamak<\/li>\n<li>Ayna: Paslanmaz<\/li>\n<li>Mandal : Zamak<\/li>\n<li>Kilit Tipi : Silindirli G\u00f6mme Kilitler<\/li>\n<li>\u00c7al\u0131\u015fma Voltaj\u0131 : Enerji varken a\u00e7\u0131k, enerji kesildi\u011finde kilitli<\/li>\n<li>\u00c7al\u0131\u015fma Voltaj\u0131 : 12 Volt AC \/ DC<\/li>\n<li>Kuvvet Dayan\u0131m\u0131 : 250 kg<\/li>\n<li>Kullan\u0131m : Simetrik g\u00f6vde \/ Sa\u011f ve sol y\u00f6n uyumlu<\/li>\n<\/ul>\n","protected":false},"excerpt":{"rendered":"<p>Kale KD012\/20-222 Mandal Ayarl\u0131 Elektrikli Kilit Kar\u015f\u0131l\u0131\u011f\u0131 Bas A\u00e7 G\u00f6vde : Zamak Ayna: Paslanmaz Mandal : Zamak Kilit Tipi : Silindirli G\u00f6mme Kilitler \u00c7al\u0131\u015fma Voltaj\u0131 : Enerji varken a\u00e7\u0131k, enerji kesildi\u011finde kilitli \u00c7al\u0131\u015fma Voltaj\u0131 : 12 Volt AC \/ DC Kuvvet Dayan\u0131m\u0131 : 250 kg Kullan\u0131m : Simetrik g\u00f6vde \/ Sa\u011f ve sol y\u00f6n uyumlu<\/p>\n","protected":false},"featured_media":9472,"comment_status":"open","ping_status":"closed","template":"","meta":[],"product_brand":[41],"product_cat":[34],"product_tag":[],"class_list":{"0":"post-9481","1":"product","2":"type-product","3":"status-publish","4":"has-post-thumbnail","6":"product_brand-kale","7":"product_cat-elektrikli-kilit-karsiligi-bas-ac","9":"first","10":"instock","11":"shipping-taxable","12":"product-type-simple"},"jetpack_sharing_enabled":true,"_links":{"self":[{"href":"http:\/\/www.assosmetal.com.tr\/public_html\/wp-json\/wp\/v2\/product\/9481","targetHints":{"allow":["GET"]}}],"collection":[{"href":"http:\/\/www.assosmetal.com.tr\/public_html\/wp-json\/wp\/v2\/product"}],"about":[{"href":"http:\/\/www.assosmetal.com.tr\/public_html\/wp-json\/wp\/v2\/types\/product"}],"replies":[{"embeddable":true,"href":"http:\/\/www.assosmetal.com.tr\/public_html\/wp-json\/wp\/v2\/comments?post=9481"}],"version-history":[{"count":1,"href":"http:\/\/www.assosmetal.com.tr\/public_html\/wp-json\/wp\/v2\/product\/9481\/revisions"}],"predecessor-version":[{"id":9482,"href":"http:\/\/www.assosmetal.com.tr\/public_html\/wp-json\/wp\/v2\/product\/9481\/revisions\/9482"}],"wp:featuredmedia":[{"embeddable":true,"href":"http:\/\/www.assosmetal.com.tr\/public_html\/wp-json\/wp\/v2\/media\/9472"}],"wp:attachment":[{"href":"http:\/\/www.assosmetal.com.tr\/public_html\/wp-json\/wp\/v2\/media?parent=9481"}],"wp:term":[{"taxonomy":"product_brand","embeddable":true,"href":"http:\/\/www.assosmetal.com.tr\/public_html\/wp-json\/wp\/v2\/product_brand?post=9481"},{"taxonomy":"product_cat","embeddable":true,"href":"http:\/\/www.assosmetal.com.tr\/public_html\/wp-json\/wp\/v2\/product_cat?post=9481"},{"taxonomy":"product_tag","embeddable":true,"href":"http:\/\/www.assosmetal.com.tr\/public_html\/wp-json\/wp\/v2\/product_tag?post=9481"}],"curies":[{"name":"wp","href":"https:\/\/api.w.org\/{rel}","templated":true}]}}