{"id":9485,"date":"2025-02-13T11:32:30","date_gmt":"2025-02-13T11:32:30","guid":{"rendered":"http:\/\/www.assosmetal.com.tr\/public_html\/?post_type=product&#038;p=9485"},"modified":"2025-02-13T11:40:15","modified_gmt":"2025-02-13T11:40:15","slug":"yale-e9nx-mandal-ayarli-mono-elektrikli-kilit-karsiligi-bas-ac","status":"publish","type":"product","link":"http:\/\/www.assosmetal.com.tr\/public_html\/urun\/yale-e9nx-mandal-ayarli-mono-elektrikli-kilit-karsiligi-bas-ac\/","title":{"rendered":"Yale E9NX Mandal Ayarl\u0131 Mono Elektrikli Kilit Kar\u015f\u0131l\u0131\u011f\u0131 Bas A\u00e7"},"content":{"rendered":"<p><strong>Yale E9NX Mandal Ayarl\u0131 Mono Elektrikli Kilit Kar\u015f\u0131l\u0131\u011f\u0131 Bas A\u00e7<\/strong><\/p>\n<ul>\n<li>12 V AC \/ DC<\/li>\n<li>Enerji yokken kilitli (Fail Secure) (Mono)<\/li>\n<li>Maksimum dayanma g\u00fcc\u00fc 350kg<\/li>\n<li>Simetrik g\u00f6vde<\/li>\n<li>Al\u0131nl\u0131k dahil<\/li>\n<\/ul>\n","protected":false},"excerpt":{"rendered":"<p>Yale E9NX Mandal Ayarl\u0131 Mono Elektrikli Kilit Kar\u015f\u0131l\u0131\u011f\u0131 Bas A\u00e7 12 V AC \/ DC Enerji yokken kilitli (Fail Secure) (Mono) Maksimum dayanma g\u00fcc\u00fc 350kg Simetrik g\u00f6vde Al\u0131nl\u0131k dahil<\/p>\n","protected":false},"featured_media":9475,"comment_status":"open","ping_status":"closed","template":"","meta":[],"product_brand":[40],"product_cat":[34],"product_tag":[],"class_list":{"0":"post-9485","1":"product","2":"type-product","3":"status-publish","4":"has-post-thumbnail","6":"product_brand-yale","7":"product_cat-elektrikli-kilit-karsiligi-bas-ac","9":"first","10":"instock","11":"shipping-taxable","12":"product-type-simple"},"jetpack_sharing_enabled":true,"_links":{"self":[{"href":"http:\/\/www.assosmetal.com.tr\/public_html\/wp-json\/wp\/v2\/product\/9485","targetHints":{"allow":["GET"]}}],"collection":[{"href":"http:\/\/www.assosmetal.com.tr\/public_html\/wp-json\/wp\/v2\/product"}],"about":[{"href":"http:\/\/www.assosmetal.com.tr\/public_html\/wp-json\/wp\/v2\/types\/product"}],"replies":[{"embeddable":true,"href":"http:\/\/www.assosmetal.com.tr\/public_html\/wp-json\/wp\/v2\/comments?post=9485"}],"version-history":[{"count":2,"href":"http:\/\/www.assosmetal.com.tr\/public_html\/wp-json\/wp\/v2\/product\/9485\/revisions"}],"predecessor-version":[{"id":9487,"href":"http:\/\/www.assosmetal.com.tr\/public_html\/wp-json\/wp\/v2\/product\/9485\/revisions\/9487"}],"wp:featuredmedia":[{"embeddable":true,"href":"http:\/\/www.assosmetal.com.tr\/public_html\/wp-json\/wp\/v2\/media\/9475"}],"wp:attachment":[{"href":"http:\/\/www.assosmetal.com.tr\/public_html\/wp-json\/wp\/v2\/media?parent=9485"}],"wp:term":[{"taxonomy":"product_brand","embeddable":true,"href":"http:\/\/www.assosmetal.com.tr\/public_html\/wp-json\/wp\/v2\/product_brand?post=9485"},{"taxonomy":"product_cat","embeddable":true,"href":"http:\/\/www.assosmetal.com.tr\/public_html\/wp-json\/wp\/v2\/product_cat?post=9485"},{"taxonomy":"product_tag","embeddable":true,"href":"http:\/\/www.assosmetal.com.tr\/public_html\/wp-json\/wp\/v2\/product_tag?post=9485"}],"curies":[{"name":"wp","href":"https:\/\/api.w.org\/{rel}","templated":true}]}}