{"id":9490,"date":"2025-02-13T11:38:44","date_gmt":"2025-02-13T11:38:44","guid":{"rendered":"http:\/\/www.assosmetal.com.tr\/public_html\/?post_type=product&#038;p=9490"},"modified":"2025-02-13T11:38:44","modified_gmt":"2025-02-13T11:38:44","slug":"yale-e9tx-mandal-ayarli-multi-elektrikli-kilit-karsiligi-bas-ac","status":"publish","type":"product","link":"http:\/\/www.assosmetal.com.tr\/public_html\/urun\/yale-e9tx-mandal-ayarli-multi-elektrikli-kilit-karsiligi-bas-ac\/","title":{"rendered":"Yale E9TX Mandal Ayarl\u0131 Multi Elektrikli Kilit Kar\u015f\u0131l\u0131\u011f\u0131 Bas A\u00e7"},"content":{"rendered":"<p><strong>Yale E9TX Mandal Ayarl\u0131 Multi Elektrikli Kilit Kar\u015f\u0131l\u0131\u011f\u0131 Bas A\u00e7<\/strong><\/p>\n<ul>\n<li>12 V AC \/ DC<\/li>\n<li>Enerji yokken kilitli (Fail Secure) (Multi)<\/li>\n<li>Maksimum dayanma g\u00fcc\u00fc 350 kg<\/li>\n<li>Simetrik g\u00f6vde<\/li>\n<li>Al\u0131nl\u0131k dahil<\/li>\n<\/ul>\n","protected":false},"excerpt":{"rendered":"<p>Yale E9TX Mandal Ayarl\u0131 Multi Elektrikli Kilit Kar\u015f\u0131l\u0131\u011f\u0131 Bas A\u00e7 12 V AC \/ DC Enerji yokken kilitli (Fail Secure) (Multi) Maksimum dayanma g\u00fcc\u00fc 350 kg Simetrik g\u00f6vde Al\u0131nl\u0131k dahil<\/p>\n","protected":false},"featured_media":9475,"comment_status":"open","ping_status":"closed","template":"","meta":[],"product_brand":[40],"product_cat":[34],"product_tag":[],"class_list":{"0":"post-9490","1":"product","2":"type-product","3":"status-publish","4":"has-post-thumbnail","6":"product_brand-yale","7":"product_cat-elektrikli-kilit-karsiligi-bas-ac","9":"first","10":"instock","11":"shipping-taxable","12":"product-type-simple"},"jetpack_sharing_enabled":true,"_links":{"self":[{"href":"http:\/\/www.assosmetal.com.tr\/public_html\/wp-json\/wp\/v2\/product\/9490","targetHints":{"allow":["GET"]}}],"collection":[{"href":"http:\/\/www.assosmetal.com.tr\/public_html\/wp-json\/wp\/v2\/product"}],"about":[{"href":"http:\/\/www.assosmetal.com.tr\/public_html\/wp-json\/wp\/v2\/types\/product"}],"replies":[{"embeddable":true,"href":"http:\/\/www.assosmetal.com.tr\/public_html\/wp-json\/wp\/v2\/comments?post=9490"}],"version-history":[{"count":1,"href":"http:\/\/www.assosmetal.com.tr\/public_html\/wp-json\/wp\/v2\/product\/9490\/revisions"}],"predecessor-version":[{"id":9491,"href":"http:\/\/www.assosmetal.com.tr\/public_html\/wp-json\/wp\/v2\/product\/9490\/revisions\/9491"}],"wp:featuredmedia":[{"embeddable":true,"href":"http:\/\/www.assosmetal.com.tr\/public_html\/wp-json\/wp\/v2\/media\/9475"}],"wp:attachment":[{"href":"http:\/\/www.assosmetal.com.tr\/public_html\/wp-json\/wp\/v2\/media?parent=9490"}],"wp:term":[{"taxonomy":"product_brand","embeddable":true,"href":"http:\/\/www.assosmetal.com.tr\/public_html\/wp-json\/wp\/v2\/product_brand?post=9490"},{"taxonomy":"product_cat","embeddable":true,"href":"http:\/\/www.assosmetal.com.tr\/public_html\/wp-json\/wp\/v2\/product_cat?post=9490"},{"taxonomy":"product_tag","embeddable":true,"href":"http:\/\/www.assosmetal.com.tr\/public_html\/wp-json\/wp\/v2\/product_tag?post=9490"}],"curies":[{"name":"wp","href":"https:\/\/api.w.org\/{rel}","templated":true}]}}