{"id":9522,"date":"2025-02-13T12:02:23","date_gmt":"2025-02-13T12:02:23","guid":{"rendered":"http:\/\/www.assosmetal.com.tr\/public_html\/?post_type=product&#038;p=9522"},"modified":"2025-02-13T12:02:23","modified_gmt":"2025-02-13T12:02:23","slug":"fritsjurgens-system-3-pivot-kapi-mentese-seti","status":"publish","type":"product","link":"http:\/\/www.assosmetal.com.tr\/public_html\/urun\/fritsjurgens-system-3-pivot-kapi-mentese-seti\/","title":{"rendered":"Fritsjurgens System 3 Pivot Kap\u0131 Mente\u015fe Seti"},"content":{"rendered":"<p><strong>500 Kg a\u011f\u0131rl\u0131\u011fa kadar ta\u015f\u0131ma kapasitesi<\/strong><br \/>\n<strong>Sistem 3&#8217;\u00fcn yenilik\u00e7i tasar\u0131m\u0131 sayesinde kap\u0131n\u0131n hareket etmesi i\u00e7in hafif bir dokunu\u015f gerekir, ard\u0131ndan patentli yay konstr\u00fcksiyonu sayesinde kendi kendine d\u00f6nmeye devam eder.<\/strong><br \/>\n<strong>Yayl\u0131 kap\u0131 her iki y\u00f6nde 45\u00ba&#8217;den d\u00f6ner ve istenilen y\u00f6nde durur.<\/strong><br \/>\n<strong>Hassas s\u00f6n\u00fcmleme sayesinde kap\u0131 iki hareketten sonra bekleme pozisyonuna gelir.<\/strong><br \/>\n<strong>Sistem 3 pivot mente\u015fe kap\u0131n\u0131n alt k\u0131sm\u0131na entegre edilmi\u015ftir.<\/strong><br \/>\n<strong>Mente\u015fenin oval taban\u0131, zemin plakas\u0131ndaki yuvaya yerle\u015ftirilir.<\/strong><\/p>\n<ul>\n<li>\u00dcr\u00fcn Tip : System 3<\/li>\n<li>\u00d6l\u00e7\u00fcler : 160 x 34 x 143 mm<\/li>\n<li>A\u011f\u0131rl\u0131k : 0,75 KG<\/li>\n<li>Malzeme : Stainless Steel | Anodized aluminum<\/li>\n<li>Paslanmaya Dayan\u0131m : EN 1670 &#8211; class 5 (norm:0-5)<\/li>\n<\/ul>\n","protected":false},"excerpt":{"rendered":"<p>500 Kg a\u011f\u0131rl\u0131\u011fa kadar ta\u015f\u0131ma kapasitesi Sistem 3&#8217;\u00fcn yenilik\u00e7i tasar\u0131m\u0131 sayesinde kap\u0131n\u0131n hareket etmesi i\u00e7in hafif bir dokunu\u015f gerekir, ard\u0131ndan patentli yay konstr\u00fcksiyonu sayesinde kendi kendine d\u00f6nmeye devam eder. Yayl\u0131 kap\u0131 her iki y\u00f6nde 45\u00ba&#8217;den d\u00f6ner ve istenilen y\u00f6nde durur. Hassas s\u00f6n\u00fcmleme sayesinde kap\u0131 iki hareketten sonra bekleme pozisyonuna gelir. Sistem 3 pivot mente\u015fe kap\u0131n\u0131n [&hellip;]<\/p>\n","protected":false},"featured_media":9513,"comment_status":"open","ping_status":"closed","template":"","meta":[],"product_brand":[68],"product_cat":[30],"product_tag":[],"class_list":{"0":"post-9522","1":"product","2":"type-product","3":"status-publish","4":"has-post-thumbnail","6":"product_brand-fritsjurgens","7":"product_cat-pivot-kapi-mentese","9":"first","10":"instock","11":"shipping-taxable","12":"product-type-simple"},"jetpack_sharing_enabled":true,"_links":{"self":[{"href":"http:\/\/www.assosmetal.com.tr\/public_html\/wp-json\/wp\/v2\/product\/9522","targetHints":{"allow":["GET"]}}],"collection":[{"href":"http:\/\/www.assosmetal.com.tr\/public_html\/wp-json\/wp\/v2\/product"}],"about":[{"href":"http:\/\/www.assosmetal.com.tr\/public_html\/wp-json\/wp\/v2\/types\/product"}],"replies":[{"embeddable":true,"href":"http:\/\/www.assosmetal.com.tr\/public_html\/wp-json\/wp\/v2\/comments?post=9522"}],"version-history":[{"count":1,"href":"http:\/\/www.assosmetal.com.tr\/public_html\/wp-json\/wp\/v2\/product\/9522\/revisions"}],"predecessor-version":[{"id":9523,"href":"http:\/\/www.assosmetal.com.tr\/public_html\/wp-json\/wp\/v2\/product\/9522\/revisions\/9523"}],"wp:featuredmedia":[{"embeddable":true,"href":"http:\/\/www.assosmetal.com.tr\/public_html\/wp-json\/wp\/v2\/media\/9513"}],"wp:attachment":[{"href":"http:\/\/www.assosmetal.com.tr\/public_html\/wp-json\/wp\/v2\/media?parent=9522"}],"wp:term":[{"taxonomy":"product_brand","embeddable":true,"href":"http:\/\/www.assosmetal.com.tr\/public_html\/wp-json\/wp\/v2\/product_brand?post=9522"},{"taxonomy":"product_cat","embeddable":true,"href":"http:\/\/www.assosmetal.com.tr\/public_html\/wp-json\/wp\/v2\/product_cat?post=9522"},{"taxonomy":"product_tag","embeddable":true,"href":"http:\/\/www.assosmetal.com.tr\/public_html\/wp-json\/wp\/v2\/product_tag?post=9522"}],"curies":[{"name":"wp","href":"https:\/\/api.w.org\/{rel}","templated":true}]}}