{"id":9577,"date":"2025-02-13T13:10:06","date_gmt":"2025-02-13T13:10:06","guid":{"rendered":"http:\/\/www.assosmetal.com.tr\/public_html\/?post_type=product&#038;p=9577"},"modified":"2025-02-13T13:10:06","modified_gmt":"2025-02-13T13:10:06","slug":"kale-monoblok-kilit-252-r","status":"publish","type":"product","link":"http:\/\/www.assosmetal.com.tr\/public_html\/urun\/kale-monoblok-kilit-252-r\/","title":{"rendered":"Kale Monoblok Kilit 252 R"},"content":{"rendered":"<ul>\n<li><strong>G\u00f6vde:\u00c7elik Galvaniz Kaplamal\u0131.<\/strong><\/li>\n<li><strong>Sertifikalar:TS EN 12209<\/strong><\/li>\n<li><strong>Ayna ve Kar\u015f\u0131l\u0131k:\u00c7elik. Krom Kaplamal\u0131.<\/strong><\/li>\n<li><strong>S\u00fcrg\u00fc:\u00c7elik. \u00dc\u00e7 Milli. Krom Kaplamal\u0131. \u00dc\u00e7 Turlu<\/strong><\/li>\n<li><strong>Mandal:\u00c7elik. Krom Kaplamal\u0131.<\/strong><\/li>\n<\/ul>\n","protected":false},"excerpt":{"rendered":"<p>G\u00f6vde:\u00c7elik Galvaniz Kaplamal\u0131. Sertifikalar:TS EN 12209 Ayna ve Kar\u015f\u0131l\u0131k:\u00c7elik. Krom Kaplamal\u0131. S\u00fcrg\u00fc:\u00c7elik. \u00dc\u00e7 Milli. Krom Kaplamal\u0131. \u00dc\u00e7 Turlu Mandal:\u00c7elik. Krom Kaplamal\u0131.<\/p>\n","protected":false},"featured_media":9561,"comment_status":"open","ping_status":"closed","template":"","meta":[],"product_brand":[41],"product_cat":[35],"product_tag":[],"class_list":{"0":"post-9577","1":"product","2":"type-product","3":"status-publish","4":"has-post-thumbnail","6":"product_brand-kale","7":"product_cat-celik-kapi-kilitleri","9":"first","10":"instock","11":"shipping-taxable","12":"product-type-simple"},"jetpack_sharing_enabled":true,"_links":{"self":[{"href":"http:\/\/www.assosmetal.com.tr\/public_html\/wp-json\/wp\/v2\/product\/9577","targetHints":{"allow":["GET"]}}],"collection":[{"href":"http:\/\/www.assosmetal.com.tr\/public_html\/wp-json\/wp\/v2\/product"}],"about":[{"href":"http:\/\/www.assosmetal.com.tr\/public_html\/wp-json\/wp\/v2\/types\/product"}],"replies":[{"embeddable":true,"href":"http:\/\/www.assosmetal.com.tr\/public_html\/wp-json\/wp\/v2\/comments?post=9577"}],"version-history":[{"count":1,"href":"http:\/\/www.assosmetal.com.tr\/public_html\/wp-json\/wp\/v2\/product\/9577\/revisions"}],"predecessor-version":[{"id":9578,"href":"http:\/\/www.assosmetal.com.tr\/public_html\/wp-json\/wp\/v2\/product\/9577\/revisions\/9578"}],"wp:featuredmedia":[{"embeddable":true,"href":"http:\/\/www.assosmetal.com.tr\/public_html\/wp-json\/wp\/v2\/media\/9561"}],"wp:attachment":[{"href":"http:\/\/www.assosmetal.com.tr\/public_html\/wp-json\/wp\/v2\/media?parent=9577"}],"wp:term":[{"taxonomy":"product_brand","embeddable":true,"href":"http:\/\/www.assosmetal.com.tr\/public_html\/wp-json\/wp\/v2\/product_brand?post=9577"},{"taxonomy":"product_cat","embeddable":true,"href":"http:\/\/www.assosmetal.com.tr\/public_html\/wp-json\/wp\/v2\/product_cat?post=9577"},{"taxonomy":"product_tag","embeddable":true,"href":"http:\/\/www.assosmetal.com.tr\/public_html\/wp-json\/wp\/v2\/product_tag?post=9577"}],"curies":[{"name":"wp","href":"https:\/\/api.w.org\/{rel}","templated":true}]}}