{"id":9607,"date":"2025-02-13T13:26:06","date_gmt":"2025-02-13T13:26:06","guid":{"rendered":"http:\/\/www.assosmetal.com.tr\/public_html\/?post_type=product&#038;p=9607"},"modified":"2025-08-12T04:04:38","modified_gmt":"2025-08-12T04:04:38","slug":"merter-akilli-kilit-isikli-exit-buton-com-no-nc-kontak","status":"publish","type":"product","link":"http:\/\/www.assosmetal.com.tr\/public_html\/urun\/merter-akilli-kilit-isikli-exit-buton-com-no-nc-kontak\/","title":{"rendered":"Merter Ak\u0131ll\u0131 Kilit I\u015f\u0131kl\u0131 Exit Buton Com-No-Nc Kontak"},"content":{"rendered":"<h1 class=\"page-title\">Merter Ak\u0131ll\u0131 Kilit I\u015f\u0131kl\u0131 Exit Buton Com-No-Nc Kontak<\/h1>\n","protected":false},"excerpt":{"rendered":"<p>Merter Ak\u0131ll\u0131 Kilit I\u015f\u0131kl\u0131 Exit Buton Com-No-Nc Kontak<\/p>\n","protected":false},"featured_media":9594,"comment_status":"open","ping_status":"closed","template":"","meta":[],"product_brand":[71],"product_cat":[70],"product_tag":[],"class_list":{"0":"post-9607","1":"product","2":"type-product","3":"status-publish","4":"has-post-thumbnail","6":"product_brand-merter-akilli-kilit","7":"product_cat-merter-akilli-kilit","9":"first","10":"instock","11":"shipping-taxable","12":"product-type-simple"},"jetpack_sharing_enabled":true,"_links":{"self":[{"href":"http:\/\/www.assosmetal.com.tr\/public_html\/wp-json\/wp\/v2\/product\/9607","targetHints":{"allow":["GET"]}}],"collection":[{"href":"http:\/\/www.assosmetal.com.tr\/public_html\/wp-json\/wp\/v2\/product"}],"about":[{"href":"http:\/\/www.assosmetal.com.tr\/public_html\/wp-json\/wp\/v2\/types\/product"}],"replies":[{"embeddable":true,"href":"http:\/\/www.assosmetal.com.tr\/public_html\/wp-json\/wp\/v2\/comments?post=9607"}],"version-history":[{"count":1,"href":"http:\/\/www.assosmetal.com.tr\/public_html\/wp-json\/wp\/v2\/product\/9607\/revisions"}],"predecessor-version":[{"id":9608,"href":"http:\/\/www.assosmetal.com.tr\/public_html\/wp-json\/wp\/v2\/product\/9607\/revisions\/9608"}],"wp:featuredmedia":[{"embeddable":true,"href":"http:\/\/www.assosmetal.com.tr\/public_html\/wp-json\/wp\/v2\/media\/9594"}],"wp:attachment":[{"href":"http:\/\/www.assosmetal.com.tr\/public_html\/wp-json\/wp\/v2\/media?parent=9607"}],"wp:term":[{"taxonomy":"product_brand","embeddable":true,"href":"http:\/\/www.assosmetal.com.tr\/public_html\/wp-json\/wp\/v2\/product_brand?post=9607"},{"taxonomy":"product_cat","embeddable":true,"href":"http:\/\/www.assosmetal.com.tr\/public_html\/wp-json\/wp\/v2\/product_cat?post=9607"},{"taxonomy":"product_tag","embeddable":true,"href":"http:\/\/www.assosmetal.com.tr\/public_html\/wp-json\/wp\/v2\/product_tag?post=9607"}],"curies":[{"name":"wp","href":"https:\/\/api.w.org\/{rel}","templated":true}]}}